{"id":40423,"date":"2023-12-23T01:16:05","date_gmt":"2023-12-23T01:16:05","guid":{"rendered":"https:\/\/e.kosmolat.eu\/product\/rocs-sensitive-zobu-birste-miksta\/"},"modified":"2025-09-12T09:30:57","modified_gmt":"2025-09-12T09:30:57","slug":"rocs-sensitive-zobu-birste-miksta","status":"publish","type":"product","link":"https:\/\/e.kosmolat.eu\/lt\/produktas\/rocs-sensitive-zobu-birste-miksta\/","title":{"rendered":"R.O.C.S. Sensitive Dant\u0173 \u0161epet\u0117lis, mink\u0161tas"},"content":{"rendered":"<p>Dant\u0173 \u0161epet\u0117lis R.O.C.S.&reg; Sensitive jautriems dantims ir dantenoms.<\/p>\n","protected":false},"excerpt":{"rendered":"<p>Dant\u0173 \u0161epet\u0117lis R.O.C.S.&reg; Sensitive jautriems dantims ir dantenoms.<\/p>\n","protected":false},"featured_media":0,"template":"","meta":[],"product_cat":[1354],"product_tag":[],"class_list":{"0":"post-40423","1":"product","2":"type-product","3":"status-publish","5":"product_brand-rocs-lt","6":"product_cat-dantu-sepeteliai","8":"first","9":"instock","10":"taxable","11":"shipping-taxable","12":"product-type-simple"},"_links":{"self":[{"href":"https:\/\/e.kosmolat.eu\/lt\/wp-json\/wp\/v2\/product\/40423","targetHints":{"allow":["GET"]}}],"collection":[{"href":"https:\/\/e.kosmolat.eu\/lt\/wp-json\/wp\/v2\/product"}],"about":[{"href":"https:\/\/e.kosmolat.eu\/lt\/wp-json\/wp\/v2\/types\/product"}],"wp:attachment":[{"href":"https:\/\/e.kosmolat.eu\/lt\/wp-json\/wp\/v2\/media?parent=40423"}],"wp:term":[{"taxonomy":"product_cat","embeddable":true,"href":"https:\/\/e.kosmolat.eu\/lt\/wp-json\/wp\/v2\/product_cat?post=40423"},{"taxonomy":"product_tag","embeddable":true,"href":"https:\/\/e.kosmolat.eu\/lt\/wp-json\/wp\/v2\/product_tag?post=40423"}],"curies":[{"name":"wp","href":"https:\/\/api.w.org\/{rel}","templated":true}]}}