{"id":40415,"date":"2023-12-23T01:15:33","date_gmt":"2023-12-23T01:15:33","guid":{"rendered":"https:\/\/e.kosmolat.eu\/product\/rocs-classic-zobu-birste-pieaug-vid-cieta\/"},"modified":"2026-04-23T07:06:32","modified_gmt":"2026-04-23T07:06:32","slug":"rocs-classic-zobu-birste-pieaug-vid-cieta","status":"publish","type":"product","link":"https:\/\/e.kosmolat.eu\/lt\/produktas\/rocs-classic-zobu-birste-pieaug-vid-cieta\/","title":{"rendered":"R.O.C.S Classic Dant\u0173 \u0161epet\u0117lis suaugusiems, vidutinio kietumo"},"content":{"rendered":"","protected":false},"excerpt":{"rendered":"","protected":false},"featured_media":97201,"template":"","meta":[],"product_cat":[1354],"product_tag":[],"class_list":{"0":"post-40415","1":"product","2":"type-product","3":"status-publish","4":"has-post-thumbnail","6":"product_brand-rocs-lt","7":"product_cat-dantu-sepeteliai","9":"first","10":"instock","11":"taxable","12":"shipping-taxable","13":"product-type-simple"},"_links":{"self":[{"href":"https:\/\/e.kosmolat.eu\/lt\/wp-json\/wp\/v2\/product\/40415","targetHints":{"allow":["GET"]}}],"collection":[{"href":"https:\/\/e.kosmolat.eu\/lt\/wp-json\/wp\/v2\/product"}],"about":[{"href":"https:\/\/e.kosmolat.eu\/lt\/wp-json\/wp\/v2\/types\/product"}],"wp:featuredmedia":[{"embeddable":true,"href":"https:\/\/e.kosmolat.eu\/lt\/wp-json\/wp\/v2\/media\/97201"}],"wp:attachment":[{"href":"https:\/\/e.kosmolat.eu\/lt\/wp-json\/wp\/v2\/media?parent=40415"}],"wp:term":[{"taxonomy":"product_cat","embeddable":true,"href":"https:\/\/e.kosmolat.eu\/lt\/wp-json\/wp\/v2\/product_cat?post=40415"},{"taxonomy":"product_tag","embeddable":true,"href":"https:\/\/e.kosmolat.eu\/lt\/wp-json\/wp\/v2\/product_tag?post=40415"}],"curies":[{"name":"wp","href":"https:\/\/api.w.org\/{rel}","templated":true}]}}