{"id":40407,"date":"2023-12-23T01:14:50","date_gmt":"2023-12-23T01:14:50","guid":{"rendered":"https:\/\/e.kosmolat.eu\/product\/rocs-baby-zobu-pasta-berniem-liepziedu-0-3-g-v-35-ml\/"},"modified":"2024-10-28T10:30:53","modified_gmt":"2024-10-28T10:30:53","slug":"rocs-baby-zobu-pasta-berniem-liepziedu-0-3-g-v-35-ml","status":"publish","type":"product","link":"https:\/\/e.kosmolat.eu\/lt\/produktas\/rocs-baby-zobu-pasta-berniem-liepziedu-0-3-g-v-35-ml\/","title":{"rendered":"R.O.C.S. BABY Dant\u0173 pasta ma\u017eyliams Su liep\u017eied\u017eiais 0-3 m, 35 ml"},"content":{"rendered":"<p>Dant\u0173 pasta R.O.C.S. baby mild care su liep\u017eied\u017eiais ma\u017eyliams (nuo 0 iki 3 met\u0173)<\/p>\n<p>R.O.C.S. dant\u0173 pasta ma\u017eyliams pagaminta pagal labai \u0161velni\u0105 formul\u0119 (RDA=19). Nat\u016bral\u016bs komponentai, tokie kaip ksilitolis (10%) ir liep\u017eied\u017eiai, apsaugo dantenas ir dantis bei suma\u017eina bakterij\u0173 kiek\u012f burnos ertm\u0117je. Kadangi k\u016bdikiai dant\u0173 past\u0105 da\u017enai nuryja, jos sud\u0117tyje n\u0117ra fluorido, sacharino, natrio laurilo sulfato, paraben\u0173, dirbtini\u0173 aromatini\u0173 med\u017eiag\u0173 ir da\u017eikli\u0173.<\/p>\n<p><strong>Galiojimo laikas:<\/strong> 3 metai.<\/p>\n","protected":false},"excerpt":{"rendered":"<p>Dant\u0173 pasta R.O.C.S. baby mild care su liep\u017eied\u017eiais ma\u017eyliams (nuo 0 iki 3 met\u0173) R.O.C.S. dant\u0173 pasta ma\u017eyliams pagaminta pagal labai \u0161velni\u0105 formul\u0119 (RDA=19). Nat\u016bral\u016bs komponentai, tokie kaip ksilitolis (10%) ir liep\u017eied\u017eiai, apsaugo dantenas ir dantis bei suma\u017eina bakterij\u0173 kiek\u012f burnos ertm\u0117je. Kadangi k\u016bdikiai dant\u0173 past\u0105 da\u017enai nuryja, jos sud\u0117tyje n\u0117ra fluorido, sacharino, natrio laurilo [&#8230;]\n","protected":false},"featured_media":11973,"template":"","meta":[],"product_cat":[1337],"product_tag":[],"class_list":{"0":"post-40407","1":"product","2":"type-product","3":"status-publish","4":"has-post-thumbnail","6":"product_brand-rocs-lt","7":"product_cat-burnos-higiena","9":"first","10":"outofstock","11":"taxable","12":"shipping-taxable","13":"product-type-simple"},"_links":{"self":[{"href":"https:\/\/e.kosmolat.eu\/lt\/wp-json\/wp\/v2\/product\/40407","targetHints":{"allow":["GET"]}}],"collection":[{"href":"https:\/\/e.kosmolat.eu\/lt\/wp-json\/wp\/v2\/product"}],"about":[{"href":"https:\/\/e.kosmolat.eu\/lt\/wp-json\/wp\/v2\/types\/product"}],"wp:featuredmedia":[{"embeddable":true,"href":"https:\/\/e.kosmolat.eu\/lt\/wp-json\/wp\/v2\/media\/11973"}],"wp:attachment":[{"href":"https:\/\/e.kosmolat.eu\/lt\/wp-json\/wp\/v2\/media?parent=40407"}],"wp:term":[{"taxonomy":"product_cat","embeddable":true,"href":"https:\/\/e.kosmolat.eu\/lt\/wp-json\/wp\/v2\/product_cat?post=40407"},{"taxonomy":"product_tag","embeddable":true,"href":"https:\/\/e.kosmolat.eu\/lt\/wp-json\/wp\/v2\/product_tag?post=40407"}],"curies":[{"name":"wp","href":"https:\/\/api.w.org\/{rel}","templated":true}]}}