{"id":40403,"date":"2023-12-23T01:14:27","date_gmt":"2023-12-23T01:14:27","guid":{"rendered":"https:\/\/e.kosmolat.eu\/product\/rocs-teens-zobu-pasta-pusaudziem-meza-zemene-60-ml\/"},"modified":"2025-03-24T08:16:24","modified_gmt":"2025-03-24T08:16:24","slug":"rocs-teens-zobu-pasta-pusaudziem-meza-zemene-60-ml","status":"publish","type":"product","link":"https:\/\/e.kosmolat.eu\/lt\/produktas\/rocs-teens-zobu-pasta-pusaudziem-meza-zemene-60-ml\/","title":{"rendered":"R.O.C.S. TEENS Dantu pasta Laukin\u0117s \u017eemuog\u0117s, 60 ml"},"content":{"rendered":"<p>Dantu pasta R.O.C.S.&reg; Teens Laukin\u0117s \u017demuog\u0117s paaugliams (8-18 met\u0173).<\/p>\n<p>Sud\u0117tyje yra AMIFLUOR, sujungian\u010dio ksilitol\u012f ir aminofluorid\u0105, ir taip suteikian\u010dio dvigub\u0105 apsaug\u0105 nuo \u0117duonies: ant dant\u0173 emalio greitai (per 20 sekund\u017ei\u0173) susiformuoja apsauginis sluoksnis, sustabdantis kariesogenini\u0173 bakterij\u0173 dauginim\u0105si*. Ma\u017eo abrazyvumo (RDA=50). Sud\u0117tyje n\u0117ra natrio laurilsulfato.<\/p>\n<p><strong>Galiojimo laikas: <\/strong>3 metai.<\/p>\n<p><em>*Klini\u0161kai \u012frodyta<\/em><\/p>\n","protected":false},"excerpt":{"rendered":"<p>Dantu pasta R.O.C.S.&reg; Teens Laukin\u0117s \u017demuog\u0117s paaugliams (8-18 met\u0173). Sud\u0117tyje yra AMIFLUOR, sujungian\u010dio ksilitol\u012f ir aminofluorid\u0105, ir taip suteikian\u010dio dvigub\u0105 apsaug\u0105 nuo \u0117duonies: ant dant\u0173 emalio greitai (per 20 sekund\u017ei\u0173) susiformuoja apsauginis sluoksnis, sustabdantis kariesogenini\u0173 bakterij\u0173 dauginim\u0105si*. Ma\u017eo abrazyvumo (RDA=50). Sud\u0117tyje n\u0117ra natrio laurilsulfato. Galiojimo laikas: 3 metai. *Klini\u0161kai \u012frodyta<\/p>\n","protected":false},"featured_media":12601,"template":"","meta":[],"product_cat":[1337],"product_tag":[],"class_list":{"0":"post-40403","1":"product","2":"type-product","3":"status-publish","4":"has-post-thumbnail","6":"product_brand-rocs-lt","7":"product_cat-burnos-higiena","9":"first","10":"outofstock","11":"taxable","12":"shipping-taxable","13":"product-type-simple"},"_links":{"self":[{"href":"https:\/\/e.kosmolat.eu\/lt\/wp-json\/wp\/v2\/product\/40403","targetHints":{"allow":["GET"]}}],"collection":[{"href":"https:\/\/e.kosmolat.eu\/lt\/wp-json\/wp\/v2\/product"}],"about":[{"href":"https:\/\/e.kosmolat.eu\/lt\/wp-json\/wp\/v2\/types\/product"}],"wp:featuredmedia":[{"embeddable":true,"href":"https:\/\/e.kosmolat.eu\/lt\/wp-json\/wp\/v2\/media\/12601"}],"wp:attachment":[{"href":"https:\/\/e.kosmolat.eu\/lt\/wp-json\/wp\/v2\/media?parent=40403"}],"wp:term":[{"taxonomy":"product_cat","embeddable":true,"href":"https:\/\/e.kosmolat.eu\/lt\/wp-json\/wp\/v2\/product_cat?post=40403"},{"taxonomy":"product_tag","embeddable":true,"href":"https:\/\/e.kosmolat.eu\/lt\/wp-json\/wp\/v2\/product_tag?post=40403"}],"curies":[{"name":"wp","href":"https:\/\/api.w.org\/{rel}","templated":true}]}}