{"id":40399,"date":"2023-12-23T01:14:06","date_gmt":"2023-12-23T01:14:06","guid":{"rendered":"https:\/\/e.kosmolat.eu\/product\/rocs-sensitive-zobu-pasta-repair-whitening-75-ml\/"},"modified":"2024-04-12T11:21:25","modified_gmt":"2024-04-12T11:21:25","slug":"rocs-sensitive-zobu-pasta-repair-whitening-75-ml","status":"publish","type":"product","link":"https:\/\/e.kosmolat.eu\/lt\/produktas\/rocs-sensitive-zobu-pasta-repair-whitening-75-ml\/","title":{"rendered":"R.O.C.S. SENSITIVE Dant\u0173 pasta Repair &#038; Whitening, 75 ml"},"content":{"rendered":"<p>Balinamoji dant\u0173 pasta jautriems dantims &quot;R.O.C.S.&reg; SENSITIVE&quot; Repair &amp; Whitening.<\/p>\n<p>Sud\u0117tyje yra emal\u012f atitinkan\u010di\u0173 daleli\u0173. Greitai ma\u017eina padid\u0117jus\u012f dant\u0173 jautrum\u0105 ir vidutini\u0161kai 1,5 tono pa\u0161viesina dantis*! Kalcio hidroksiapatito dalel\u0117s, veikdamos kartu su kalcio glicerolfosfatu, magnio ir ksilitolio junginiu, u\u017etikrina apsaug\u0105 nuo \u0117duonies ir padeda atkurti emal\u012f bei dant\u0173 spindes\u012f. Visi\u0161kai nat\u016brali melisos kvapioji med\u017eiaga. Skirta naudoti kasdien. Apie 30-40 minu\u010di\u0173 po panaudojimo rekomenduojama neskalauti burnos ir nieko nevalgyti bei negerti.<\/p>\n<p><strong>Galiojimo laikas:<\/strong> 3 metai.<\/p>\n<p><em>*Pagal &quot;VITA Classical&reg;&quot; atspalvi\u0173 palet\u0119.<\/em><\/p>\n","protected":false},"excerpt":{"rendered":"<p>Balinamoji dant\u0173 pasta jautriems dantims &quot;R.O.C.S.&reg; SENSITIVE&quot; Repair &amp; Whitening. Sud\u0117tyje yra emal\u012f atitinkan\u010di\u0173 daleli\u0173. Greitai ma\u017eina padid\u0117jus\u012f dant\u0173 jautrum\u0105 ir vidutini\u0161kai 1,5 tono pa\u0161viesina dantis*! Kalcio hidroksiapatito dalel\u0117s, veikdamos kartu su kalcio glicerolfosfatu, magnio ir ksilitolio junginiu, u\u017etikrina apsaug\u0105 nuo \u0117duonies ir padeda atkurti emal\u012f bei dant\u0173 spindes\u012f. Visi\u0161kai nat\u016brali melisos kvapioji med\u017eiaga. Skirta [&#8230;]\n","protected":false},"featured_media":11957,"template":"","meta":[],"product_cat":[2181],"product_tag":[],"class_list":{"0":"post-40399","1":"product","2":"type-product","3":"status-publish","4":"has-post-thumbnail","6":"product_brand-rocs-lt","7":"product_cat-bez-kategorijas-lt","9":"first","10":"outofstock","11":"taxable","12":"shipping-taxable","13":"product-type-simple"},"_links":{"self":[{"href":"https:\/\/e.kosmolat.eu\/lt\/wp-json\/wp\/v2\/product\/40399","targetHints":{"allow":["GET"]}}],"collection":[{"href":"https:\/\/e.kosmolat.eu\/lt\/wp-json\/wp\/v2\/product"}],"about":[{"href":"https:\/\/e.kosmolat.eu\/lt\/wp-json\/wp\/v2\/types\/product"}],"wp:featuredmedia":[{"embeddable":true,"href":"https:\/\/e.kosmolat.eu\/lt\/wp-json\/wp\/v2\/media\/11957"}],"wp:attachment":[{"href":"https:\/\/e.kosmolat.eu\/lt\/wp-json\/wp\/v2\/media?parent=40399"}],"wp:term":[{"taxonomy":"product_cat","embeddable":true,"href":"https:\/\/e.kosmolat.eu\/lt\/wp-json\/wp\/v2\/product_cat?post=40399"},{"taxonomy":"product_tag","embeddable":true,"href":"https:\/\/e.kosmolat.eu\/lt\/wp-json\/wp\/v2\/product_tag?post=40399"}],"curies":[{"name":"wp","href":"https:\/\/api.w.org\/{rel}","templated":true}]}}