{"id":40395,"date":"2023-12-23T01:13:52","date_gmt":"2023-12-23T01:13:52","guid":{"rendered":"https:\/\/e.kosmolat.eu\/product\/rocs-zobu-birste-pieaugus-black-edition-classic-vid-cieta\/"},"modified":"2026-04-15T10:37:44","modified_gmt":"2026-04-15T10:37:44","slug":"rocs-zobu-birste-pieaugus-black-edition-classic-vid-cieta","status":"publish","type":"product","link":"https:\/\/e.kosmolat.eu\/lt\/produktas\/rocs-zobu-birste-pieaugus-black-edition-classic-vid-cieta\/","title":{"rendered":"R.O.C.S. Black Edition Classic Dant\u0173 \u0161epet\u0117lis suaugusiems, vidutinio kietumo"},"content":{"rendered":"","protected":false},"excerpt":{"rendered":"","protected":false},"featured_media":97197,"template":"","meta":[],"product_cat":[1354],"product_tag":[],"class_list":{"0":"post-40395","1":"product","2":"type-product","3":"status-publish","4":"has-post-thumbnail","6":"product_brand-rocs-lt","7":"product_cat-dantu-sepeteliai","9":"first","10":"instock","11":"taxable","12":"shipping-taxable","13":"product-type-simple"},"_links":{"self":[{"href":"https:\/\/e.kosmolat.eu\/lt\/wp-json\/wp\/v2\/product\/40395","targetHints":{"allow":["GET"]}}],"collection":[{"href":"https:\/\/e.kosmolat.eu\/lt\/wp-json\/wp\/v2\/product"}],"about":[{"href":"https:\/\/e.kosmolat.eu\/lt\/wp-json\/wp\/v2\/types\/product"}],"wp:featuredmedia":[{"embeddable":true,"href":"https:\/\/e.kosmolat.eu\/lt\/wp-json\/wp\/v2\/media\/97197"}],"wp:attachment":[{"href":"https:\/\/e.kosmolat.eu\/lt\/wp-json\/wp\/v2\/media?parent=40395"}],"wp:term":[{"taxonomy":"product_cat","embeddable":true,"href":"https:\/\/e.kosmolat.eu\/lt\/wp-json\/wp\/v2\/product_cat?post=40395"},{"taxonomy":"product_tag","embeddable":true,"href":"https:\/\/e.kosmolat.eu\/lt\/wp-json\/wp\/v2\/product_tag?post=40395"}],"curies":[{"name":"wp","href":"https:\/\/api.w.org\/{rel}","templated":true}]}}