{"id":40391,"date":"2023-12-23T01:13:30","date_gmt":"2023-12-23T01:13:30","guid":{"rendered":"https:\/\/e.kosmolat.eu\/product\/rocs-zobu-pasta-sensacionala-balinasana-60-ml\/"},"modified":"2024-03-21T22:13:57","modified_gmt":"2024-03-21T22:13:57","slug":"rocs-zobu-pasta-sensacionala-balinasana-60-ml","status":"publish","type":"product","link":"https:\/\/e.kosmolat.eu\/lt\/produktas\/rocs-zobu-pasta-sensacionala-balinasana-60-ml\/","title":{"rendered":"R.O.C.S. Dant\u0173 pasta Sensacingas balinimas, 60 ml"},"content":{"rendered":"<p>Saugiai ir efektyviai balina dantis; dantys atgauna nat\u016bral\u0173 baltum\u0105 ir nuostab\u0173 spindes\u012f**. Sud\u0117tyje n\u0117ra fluorido, natrio laurilsulfato, paraben\u0173, triklozano ir chlorheksidino. Pagaminimo data nurodyta ant t\u016bbel\u0117s.<\/p>\n<p><strong>Galiojimo laikas: <\/strong>3 metai.<\/p>\n<p><em>**Klini\u0161kai \u012frodyta.<\/em><\/p>\n","protected":false},"excerpt":{"rendered":"<p>Saugiai ir efektyviai balina dantis; dantys atgauna nat\u016bral\u0173 baltum\u0105 ir nuostab\u0173 spindes\u012f**. Sud\u0117tyje n\u0117ra fluorido, natrio laurilsulfato, paraben\u0173, triklozano ir chlorheksidino. Pagaminimo data nurodyta ant t\u016bbel\u0117s. Galiojimo laikas: 3 metai. **Klini\u0161kai \u012frodyta.<\/p>\n","protected":false},"featured_media":27298,"template":"","meta":[],"product_cat":[1308],"product_tag":[],"class_list":{"0":"post-40391","1":"product","2":"type-product","3":"status-publish","4":"has-post-thumbnail","6":"product_brand-rocs-lt","7":"product_cat-dantu-pastos-ir-geliai","9":"first","10":"outofstock","11":"taxable","12":"shipping-taxable","13":"product-type-simple"},"_links":{"self":[{"href":"https:\/\/e.kosmolat.eu\/lt\/wp-json\/wp\/v2\/product\/40391","targetHints":{"allow":["GET"]}}],"collection":[{"href":"https:\/\/e.kosmolat.eu\/lt\/wp-json\/wp\/v2\/product"}],"about":[{"href":"https:\/\/e.kosmolat.eu\/lt\/wp-json\/wp\/v2\/types\/product"}],"wp:featuredmedia":[{"embeddable":true,"href":"https:\/\/e.kosmolat.eu\/lt\/wp-json\/wp\/v2\/media\/27298"}],"wp:attachment":[{"href":"https:\/\/e.kosmolat.eu\/lt\/wp-json\/wp\/v2\/media?parent=40391"}],"wp:term":[{"taxonomy":"product_cat","embeddable":true,"href":"https:\/\/e.kosmolat.eu\/lt\/wp-json\/wp\/v2\/product_cat?post=40391"},{"taxonomy":"product_tag","embeddable":true,"href":"https:\/\/e.kosmolat.eu\/lt\/wp-json\/wp\/v2\/product_tag?post=40391"}],"curies":[{"name":"wp","href":"https:\/\/api.w.org\/{rel}","templated":true}]}}