{"id":40387,"date":"2023-12-23T01:13:10","date_gmt":"2023-12-23T01:13:10","guid":{"rendered":"https:\/\/e.kosmolat.eu\/product\/rocs-zobu-pasta-balinosa-blank-verse-60-ml\/"},"modified":"2024-12-04T19:21:17","modified_gmt":"2024-12-04T19:21:17","slug":"rocs-zobu-pasta-balinosa-blank-verse-60-ml","status":"publish","type":"product","link":"https:\/\/e.kosmolat.eu\/lt\/produktas\/rocs-zobu-pasta-balinosa-blank-verse-60-ml\/","title":{"rendered":"R.O.C.S. Dant\u0173 pasta Balinamoji Blank Verse, 60 ml"},"content":{"rendered":"<p>Unikali balinamoji dant\u0173 pasta R.O.C.S.&reg; Balinamoji suaugusiems.&nbsp;Enzimatinis pigment\u0173 \u0161alinimas. Silikono dioksido mikrodalel\u0117s nu\u0161lifuoja emal\u012f. Mineralin&reg; aktyviai remineralizuoja emal\u012f ir apsaugo nuo \u0117duonies.* Sud\u0117tyje n\u0117ra fluorido, natrio laurilsulfato. Pagaminimo data nurodyta ant t\u016bbel\u0117s.<\/p>\n<p><strong>Galiojimo laikas:<\/strong> 3 metai.<\/p>\n<p><em>*Klini\u0161kai \u012frodyta<\/em><\/p>\n","protected":false},"excerpt":{"rendered":"<p>Unikali balinamoji dant\u0173 pasta R.O.C.S.&reg; Balinamoji suaugusiems.&nbsp;Enzimatinis pigment\u0173 \u0161alinimas. Silikono dioksido mikrodalel\u0117s nu\u0161lifuoja emal\u012f. Mineralin&reg; aktyviai remineralizuoja emal\u012f ir apsaugo nuo \u0117duonies.* Sud\u0117tyje n\u0117ra fluorido, natrio laurilsulfato. Pagaminimo data nurodyta ant t\u016bbel\u0117s. Galiojimo laikas: 3 metai. *Klini\u0161kai \u012frodyta<\/p>\n","protected":false},"featured_media":11937,"template":"","meta":[],"product_cat":[1308],"product_tag":[],"class_list":{"0":"post-40387","1":"product","2":"type-product","3":"status-publish","4":"has-post-thumbnail","6":"product_brand-rocs-lt","7":"product_cat-dantu-pastos-ir-geliai","9":"first","10":"outofstock","11":"taxable","12":"shipping-taxable","13":"product-type-simple"},"_links":{"self":[{"href":"https:\/\/e.kosmolat.eu\/lt\/wp-json\/wp\/v2\/product\/40387","targetHints":{"allow":["GET"]}}],"collection":[{"href":"https:\/\/e.kosmolat.eu\/lt\/wp-json\/wp\/v2\/product"}],"about":[{"href":"https:\/\/e.kosmolat.eu\/lt\/wp-json\/wp\/v2\/types\/product"}],"wp:featuredmedia":[{"embeddable":true,"href":"https:\/\/e.kosmolat.eu\/lt\/wp-json\/wp\/v2\/media\/11937"}],"wp:attachment":[{"href":"https:\/\/e.kosmolat.eu\/lt\/wp-json\/wp\/v2\/media?parent=40387"}],"wp:term":[{"taxonomy":"product_cat","embeddable":true,"href":"https:\/\/e.kosmolat.eu\/lt\/wp-json\/wp\/v2\/product_cat?post=40387"},{"taxonomy":"product_tag","embeddable":true,"href":"https:\/\/e.kosmolat.eu\/lt\/wp-json\/wp\/v2\/product_tag?post=40387"}],"curies":[{"name":"wp","href":"https:\/\/api.w.org\/{rel}","templated":true}]}}