{"id":40383,"date":"2023-12-23T01:12:44","date_gmt":"2023-12-23T01:12:44","guid":{"rendered":"https:\/\/e.kosmolat.eu\/product\/rocs-zobu-pasta-kafija-un-tabaka-60-ml\/"},"modified":"2024-12-04T19:20:59","modified_gmt":"2024-12-04T19:20:59","slug":"rocs-zobu-pasta-kafija-un-tabaka-60-ml","status":"publish","type":"product","link":"https:\/\/e.kosmolat.eu\/lt\/produktas\/rocs-zobu-pasta-kafija-un-tabaka-60-ml\/","title":{"rendered":"R.O.C.S. Dant\u0173 pasta Kava ir tabakas, 60 ml"},"content":{"rendered":"<p>Enzimatinis poveikis garantuoja efektyv\u0173 valym\u0105 ir stabdo dant\u0173 apna\u0161\u0173 susidarym\u0105. Sud\u0117tyje yra vitamino E. Abrazyvumas: RDA=99, REA=5,7. Sud\u0117tyje n\u0117ra natrio laurilsulfato. Ypatingas m\u0117t\u0173 aromatas neutralizuoja tabako kvap\u0105 ir padeda ilgiau i\u0161laikyti gaiv\u0173 burnos kvap\u0105. Pagaminimo data nurodyta ant t\u016bbel\u0117s.<\/p>\n<p><strong>Galiojimo laikas: <\/strong>3 metai.<\/p>\n","protected":false},"excerpt":{"rendered":"<p>Enzimatinis poveikis garantuoja efektyv\u0173 valym\u0105 ir stabdo dant\u0173 apna\u0161\u0173 susidarym\u0105. Sud\u0117tyje yra vitamino E. Abrazyvumas: RDA=99, REA=5,7. Sud\u0117tyje n\u0117ra natrio laurilsulfato. Ypatingas m\u0117t\u0173 aromatas neutralizuoja tabako kvap\u0105 ir padeda ilgiau i\u0161laikyti gaiv\u0173 burnos kvap\u0105. Pagaminimo data nurodyta ant t\u016bbel\u0117s. Galiojimo laikas: 3 metai.<\/p>\n","protected":false},"featured_media":11929,"template":"","meta":[],"product_cat":[1308],"product_tag":[],"class_list":{"0":"post-40383","1":"product","2":"type-product","3":"status-publish","4":"has-post-thumbnail","6":"product_brand-rocs-lt","7":"product_cat-dantu-pastos-ir-geliai","9":"first","10":"outofstock","11":"taxable","12":"shipping-taxable","13":"product-type-simple"},"_links":{"self":[{"href":"https:\/\/e.kosmolat.eu\/lt\/wp-json\/wp\/v2\/product\/40383","targetHints":{"allow":["GET"]}}],"collection":[{"href":"https:\/\/e.kosmolat.eu\/lt\/wp-json\/wp\/v2\/product"}],"about":[{"href":"https:\/\/e.kosmolat.eu\/lt\/wp-json\/wp\/v2\/types\/product"}],"wp:featuredmedia":[{"embeddable":true,"href":"https:\/\/e.kosmolat.eu\/lt\/wp-json\/wp\/v2\/media\/11929"}],"wp:attachment":[{"href":"https:\/\/e.kosmolat.eu\/lt\/wp-json\/wp\/v2\/media?parent=40383"}],"wp:term":[{"taxonomy":"product_cat","embeddable":true,"href":"https:\/\/e.kosmolat.eu\/lt\/wp-json\/wp\/v2\/product_cat?post=40383"},{"taxonomy":"product_tag","embeddable":true,"href":"https:\/\/e.kosmolat.eu\/lt\/wp-json\/wp\/v2\/product_tag?post=40383"}],"curies":[{"name":"wp","href":"https:\/\/api.w.org\/{rel}","templated":true}]}}