{"id":40379,"date":"2023-12-23T01:12:12","date_gmt":"2023-12-23T01:12:12","guid":{"rendered":"https:\/\/e.kosmolat.eu\/product\/7d-govegan-aud-fresh-s-maska-thursday-violet-day-25-g\/"},"modified":"2026-04-21T08:27:46","modified_gmt":"2026-04-21T08:27:46","slug":"7d-govegan-aud-fresh-s-maska-thursday-violet-day-25-g","status":"publish","type":"product","link":"https:\/\/e.kosmolat.eu\/lt\/produktas\/7d-govegan-aud-fresh-s-maska-thursday-violet-day-25-g\/","title":{"rendered":"7DAYS GO VEGAN Lak\u0161tin\u0117 veido kauk\u0117 Ketvirtadienis Violetin\u0117 diena, 25 g"},"content":{"rendered":"<p>Kauk\u0117 m\u0117gstantiems \u0161vie\u017eum\u0105. Atsigavimas, mityba, antistresas.<br \/>\nFig\u0173, m\u0117lyni\u0173 ir slyv\u0173 ekstraktai pasi\u017eymi antioksidacin\u0117mis savyb\u0117mis, puikiai gaivina, atkuria ir ramina od\u0105. Hialurono r\u016bg\u0161tis, kuri yra sud\u0117ties dalis, maitina, dr\u0117kina ir padidina jos elastingum\u0105.<\/p>\n<p><strong>Naudojimas:<\/strong> 1. Nuvalykite makia\u017e\u0105 nuo odos. 2. Paskirstykite u\u017ed\u0117j\u0119 kauk\u0119 ant veido. Laikykite 10-15 minu\u010di\u0173. 3. Nuplaukite veid\u0105 vandeniu. Jei pageidaujama, kauk\u0117s liku\u010di\u0173 nuplauti nereikia. Norint pastebimai pagerinti odos b\u016bkl\u0119, vis\u0105 Go Vegan kauki\u0173 serij\u0105 rekomenduojama naudoti savait\u0119. Kauk\u0117 tinka vienkartiniam naudojimui kaip greitoji prie\u017ei\u016bra.<\/p>\n<p><strong>Atsargumo priemon\u0117s:<\/strong> Tik i\u0161oriniam naudojimui. Nenaudoti pakartotinai. Vengti patekimo \u012f akis. Patekus \u012f akis, nedelsiant praplauti dideliu kiekiu vandens ir, jei reikia, kreiptis \u012f gydytoj\u0105. Netepkite ant pa\u017eeistos odos. Nenaudoti esant padid\u0117jusiam jautrumui bet kuriai produkto sudedamajai daliai. Nustokite naudoti, jei atsiranda dirginimas. Saugoti nuo vaik\u0173. Laikyti nuo +5&deg;\u0421 iki +25&deg;\u0421 temperat\u016broje.<br \/>\n&nbsp;<\/p>\n","protected":false},"excerpt":{"rendered":"<p>Kauk\u0117 m\u0117gstantiems \u0161vie\u017eum\u0105. Atsigavimas, mityba, antistresas. Fig\u0173, m\u0117lyni\u0173 ir slyv\u0173 ekstraktai pasi\u017eymi antioksidacin\u0117mis savyb\u0117mis, puikiai gaivina, atkuria ir ramina od\u0105. Hialurono r\u016bg\u0161tis, kuri yra sud\u0117ties dalis, maitina, dr\u0117kina ir padidina jos elastingum\u0105. Naudojimas: 1. Nuvalykite makia\u017e\u0105 nuo odos. 2. Paskirstykite u\u017ed\u0117j\u0119 kauk\u0119 ant veido. Laikykite 10-15 minu\u010di\u0173. 3. Nuplaukite veid\u0105 vandeniu. Jei pageidaujama, kauk\u0117s liku\u010di\u0173 [&#8230;]\n","protected":false},"featured_media":100664,"template":"","meta":[],"product_cat":[1369],"product_tag":[],"class_list":{"0":"post-40379","1":"product","2":"type-product","3":"status-publish","4":"has-post-thumbnail","6":"product_brand-7days_it-lt","7":"product_cat-veido-kaukes","9":"first","10":"instock","11":"taxable","12":"shipping-taxable","13":"product-type-simple"},"_links":{"self":[{"href":"https:\/\/e.kosmolat.eu\/lt\/wp-json\/wp\/v2\/product\/40379","targetHints":{"allow":["GET"]}}],"collection":[{"href":"https:\/\/e.kosmolat.eu\/lt\/wp-json\/wp\/v2\/product"}],"about":[{"href":"https:\/\/e.kosmolat.eu\/lt\/wp-json\/wp\/v2\/types\/product"}],"wp:featuredmedia":[{"embeddable":true,"href":"https:\/\/e.kosmolat.eu\/lt\/wp-json\/wp\/v2\/media\/100664"}],"wp:attachment":[{"href":"https:\/\/e.kosmolat.eu\/lt\/wp-json\/wp\/v2\/media?parent=40379"}],"wp:term":[{"taxonomy":"product_cat","embeddable":true,"href":"https:\/\/e.kosmolat.eu\/lt\/wp-json\/wp\/v2\/product_cat?post=40379"},{"taxonomy":"product_tag","embeddable":true,"href":"https:\/\/e.kosmolat.eu\/lt\/wp-json\/wp\/v2\/product_tag?post=40379"}],"curies":[{"name":"wp","href":"https:\/\/api.w.org\/{rel}","templated":true}]}}