{"id":40375,"date":"2023-12-23T01:11:43","date_gmt":"2023-12-23T01:11:43","guid":{"rendered":"https:\/\/e.kosmolat.eu\/product\/7d-govegan-aud-salad-s-maska-wednesday-green-day-25-g\/"},"modified":"2025-08-11T12:21:36","modified_gmt":"2025-08-11T12:21:36","slug":"7d-govegan-aud-salad-s-maska-wednesday-green-day-25-g","status":"publish","type":"product","link":"https:\/\/e.kosmolat.eu\/lt\/produktas\/7d-govegan-aud-salad-s-maska-wednesday-green-day-25-g\/","title":{"rendered":"7DAYS GO VEGAN Lak\u0161tin\u0117 veido kauk\u0117 Tre\u010diadienis Green Day, 25 g"},"content":{"rendered":"<p>Kauk\u0117 tikriems zuikiams. Tonizavimas, vitamin\u0173 \u012fkrovimas, ton\u0173 derinimas.<br \/>\nBrokoli\u0173, rozmarin\u0173 ir agurk\u0173 ekstraktai pa\u017eadins od\u0105, pripildydami j\u0105 vitaminais ir vertingais mikroelementais. Vitaminas E dr\u0117kins ir apsaugos nuo \u017ealingo aplinkos poveikio. Kauk\u0117 pad\u0117s pasiekti tobul\u0105 ton\u0105 ir paruo\u0161 od\u0105 makia\u017eui.<\/p>\n<p><strong>Naudojimas:<\/strong> 1. Nuvalykite makia\u017e\u0105 nuo odos. 2. Paskirstykite u\u017ed\u0117j\u0119 kauk\u0119 ant veido. Laikykite 10-15 minu\u010di\u0173. 3. Nuplaukite veid\u0105 vandeniu. Jei pageidaujama, kauk\u0117s liku\u010di\u0173 nuplauti nereikia. Norint pastebimai pagerinti odos b\u016bkl\u0119, vis\u0105 Go Vegan kauki\u0173 serij\u0105 rekomenduojama naudoti savait\u0119. Kauk\u0117 tinka vienkartiniam naudojimui kaip greitoji prie\u017ei\u016bra.<\/p>\n<p><strong>Atsargumo priemon\u0117s: <\/strong>Tik i\u0161oriniam naudojimui. Nenaudoti pakartotinai. Vengti patekimo \u012f akis. Patekus \u012f akis, nedelsiant praplauti dideliu kiekiu vandens ir, jei reikia, kreiptis \u012f gydytoj\u0105. Netepkite ant pa\u017eeistos odos. Nenaudoti esant padid\u0117jusiam jautrumui bet kuriai produkto sudedamajai daliai. Nustokite naudoti, jei atsiranda dirginimas. Saugoti nuo vaik\u0173. Laikyti nuo +5&deg;\u0421 iki +25&deg;\u0421 temperat\u016broje.<\/p>\n","protected":false},"excerpt":{"rendered":"<p>Kauk\u0117 tikriems zuikiams. Tonizavimas, vitamin\u0173 \u012fkrovimas, ton\u0173 derinimas. Brokoli\u0173, rozmarin\u0173 ir agurk\u0173 ekstraktai pa\u017eadins od\u0105, pripildydami j\u0105 vitaminais ir vertingais mikroelementais. Vitaminas E dr\u0117kins ir apsaugos nuo \u017ealingo aplinkos poveikio. Kauk\u0117 pad\u0117s pasiekti tobul\u0105 ton\u0105 ir paruo\u0161 od\u0105 makia\u017eui. Naudojimas: 1. Nuvalykite makia\u017e\u0105 nuo odos. 2. Paskirstykite u\u017ed\u0117j\u0119 kauk\u0119 ant veido. Laikykite 10-15 minu\u010di\u0173. 3. [&#8230;]\n","protected":false},"featured_media":13229,"template":"","meta":[],"product_cat":[2181],"product_tag":[],"class_list":{"0":"post-40375","1":"product","2":"type-product","3":"status-publish","4":"has-post-thumbnail","6":"product_brand-7days_it-lt","7":"product_cat-bez-kategorijas-lt","9":"first","10":"outofstock","11":"taxable","12":"shipping-taxable","13":"product-type-simple"},"_links":{"self":[{"href":"https:\/\/e.kosmolat.eu\/lt\/wp-json\/wp\/v2\/product\/40375","targetHints":{"allow":["GET"]}}],"collection":[{"href":"https:\/\/e.kosmolat.eu\/lt\/wp-json\/wp\/v2\/product"}],"about":[{"href":"https:\/\/e.kosmolat.eu\/lt\/wp-json\/wp\/v2\/types\/product"}],"wp:featuredmedia":[{"embeddable":true,"href":"https:\/\/e.kosmolat.eu\/lt\/wp-json\/wp\/v2\/media\/13229"}],"wp:attachment":[{"href":"https:\/\/e.kosmolat.eu\/lt\/wp-json\/wp\/v2\/media?parent=40375"}],"wp:term":[{"taxonomy":"product_cat","embeddable":true,"href":"https:\/\/e.kosmolat.eu\/lt\/wp-json\/wp\/v2\/product_cat?post=40375"},{"taxonomy":"product_tag","embeddable":true,"href":"https:\/\/e.kosmolat.eu\/lt\/wp-json\/wp\/v2\/product_tag?post=40375"}],"curies":[{"name":"wp","href":"https:\/\/api.w.org\/{rel}","templated":true}]}}