{"id":40363,"date":"2023-12-23T01:10:13","date_gmt":"2023-12-23T01:10:13","guid":{"rendered":"https:\/\/e.kosmolat.eu\/product\/7d-s-maska-ideala-svetd-ar-zil-agaves-un-lotos-ekstr-28-g\/"},"modified":"2026-04-22T09:31:56","modified_gmt":"2026-04-22T09:31:56","slug":"7d-s-maska-ideala-svetd-ar-zil-agaves-un-lotos-ekstr-28-g","status":"publish","type":"product","link":"https:\/\/e.kosmolat.eu\/lt\/produktas\/7d-s-maska-ideala-svetd-ar-zil-agaves-un-lotos-ekstr-28-g\/","title":{"rendered":"7DAYS Veido kauk\u0117 Tobulas sekmadienis su m\u0117lyn\u0173j\u0173 agav\u0173 ir lotos\u0173 ekstraktais, 28 g"},"content":{"rendered":"<p>Veido kauk\u0117 visi\u0161kam atsipalaidavimui. M\u0117lynosios agavos ekstraktas atkuria odos \u0161vie\u017eum\u0105, tod\u0117l ji tampa labiau dr\u0117kinama ir lygi. Lotoso ekstraktas valo, stimuliuoja ir gaivina. Taukmed\u017eio sviestas, makadamij\u0173 ir simondsij\u0173 aliejai prisotina od\u0105 maistin\u0117mis med\u017eiagomis, tod\u0117l ji tampa \u0161velni ir aksomin\u0117.<\/p>\n<p><strong>Naudojimas:<\/strong> 1. Nuvalykite veid\u0105. 2. U\u017ed\u0117kite kauk\u0119 ant veido 10-15 minu\u010di\u0173. 3. Nuplaukite veid\u0105 vandeniu.<\/p>\n<p><strong>Atsargumo priemon\u0117s: <\/strong>tik i\u0161oriniam naudojimui; nenaudoti pakartotinai; vengti kontakto su akimis. Patekus \u012f akis, nedelsiant praplauti dideliu kiekiu vandens ir, jei reikia, kreiptis \u012f gydytoj\u0105. Netepkite ant pa\u017eeistos odos. Nenaudoti esant padid\u0117jusiam jautrumui bet kuriai kauk\u0117s sudedamajai daliai. Nustokite naudoti, jei atsiranda dirginimas. Saugoti nuo vaik\u0173. Laikyti nuo +5 &deg;C iki +25 &deg;C temperat\u016broje.<br \/>\n&nbsp;<\/p>\n","protected":false},"excerpt":{"rendered":"<p>Veido kauk\u0117 visi\u0161kam atsipalaidavimui. M\u0117lynosios agavos ekstraktas atkuria odos \u0161vie\u017eum\u0105, tod\u0117l ji tampa labiau dr\u0117kinama ir lygi. Lotoso ekstraktas valo, stimuliuoja ir gaivina. Taukmed\u017eio sviestas, makadamij\u0173 ir simondsij\u0173 aliejai prisotina od\u0105 maistin\u0117mis med\u017eiagomis, tod\u0117l ji tampa \u0161velni ir aksomin\u0117. Naudojimas: 1. Nuvalykite veid\u0105. 2. U\u017ed\u0117kite kauk\u0119 ant veido 10-15 minu\u010di\u0173. 3. Nuplaukite veid\u0105 vandeniu. Atsargumo [&#8230;]\n","protected":false},"featured_media":102086,"template":"","meta":[],"product_cat":[2181],"product_tag":[],"class_list":{"0":"post-40363","1":"product","2":"type-product","3":"status-publish","4":"has-post-thumbnail","6":"product_brand-7days_it-lt","7":"product_cat-bez-kategorijas-lt","9":"first","10":"instock","11":"taxable","12":"shipping-taxable","13":"product-type-simple"},"_links":{"self":[{"href":"https:\/\/e.kosmolat.eu\/lt\/wp-json\/wp\/v2\/product\/40363","targetHints":{"allow":["GET"]}}],"collection":[{"href":"https:\/\/e.kosmolat.eu\/lt\/wp-json\/wp\/v2\/product"}],"about":[{"href":"https:\/\/e.kosmolat.eu\/lt\/wp-json\/wp\/v2\/types\/product"}],"wp:featuredmedia":[{"embeddable":true,"href":"https:\/\/e.kosmolat.eu\/lt\/wp-json\/wp\/v2\/media\/102086"}],"wp:attachment":[{"href":"https:\/\/e.kosmolat.eu\/lt\/wp-json\/wp\/v2\/media?parent=40363"}],"wp:term":[{"taxonomy":"product_cat","embeddable":true,"href":"https:\/\/e.kosmolat.eu\/lt\/wp-json\/wp\/v2\/product_cat?post=40363"},{"taxonomy":"product_tag","embeddable":true,"href":"https:\/\/e.kosmolat.eu\/lt\/wp-json\/wp\/v2\/product_tag?post=40363"}],"curies":[{"name":"wp","href":"https:\/\/api.w.org\/{rel}","templated":true}]}}