{"id":40359,"date":"2023-12-23T01:09:43","date_gmt":"2023-12-23T01:09:43","guid":{"rendered":"https:\/\/e.kosmolat.eu\/product\/7d-s-maska-romant-sestd-ar-sark-apels-un-papaj-ekstr-28-g\/"},"modified":"2026-04-22T09:31:40","modified_gmt":"2026-04-22T09:31:40","slug":"7d-s-maska-romant-sestd-ar-sark-apels-un-papaj-ekstr-28-g","status":"publish","type":"product","link":"https:\/\/e.kosmolat.eu\/lt\/produktas\/7d-s-maska-romant-sestd-ar-sark-apels-un-papaj-ekstr-28-g\/","title":{"rendered":"7DAYS Veido kauk\u0117 Romanti\u0161kas \u0161e\u0161tadienis su raudon\u0173j\u0173 apelsin\u0173 ir papaj\u0173s ekstraktais, 28 g"},"content":{"rendered":"<p>Veido kauk\u0117 prie\u0161 pasimatym\u0105. Raudonieji apelsinai gerina odos elastingum\u0105, tonizuoja ir dr\u0117kina. Papajos daro od\u0105 gaivi\u0105 ir spindin\u010di\u0105: joje esantys fermentai puikiai dr\u0117kina ir tonizuoja. Unikalus vitamin\u0173 kompleksas pripildo od\u0105 energijos, i\u0161lygina tekst\u016br\u0105 ir suteikia jai tobul\u0105 atspalv\u012f.<\/p>\n<p><strong>Naudojimas:<\/strong> 1. Nuvalykite veid\u0105. 2. U\u017ed\u0117kite kauk\u0119 ant veido 10-15 minu\u010di\u0173. 3. Nuplaukite veid\u0105 vandeniu.<\/p>\n<p><strong>Atsargumo priemon\u0117s:<\/strong> tik i\u0161oriniam naudojimui; nenaudoti pakartotinai; vengti kontakto su akimis. Patekus \u012f akis, nedelsiant praplauti dideliu kiekiu vandens ir, jei reikia, kreiptis \u012f gydytoj\u0105. Netepkite ant pa\u017eeistos odos. Nenaudoti esant padid\u0117jusiam jautrumui bet kuriai kauk\u0117s sudedamajai daliai. Nustokite naudoti, jei atsiranda dirginimas. Saugoti nuo vaik\u0173. Laikyti nuo +5 &deg;C iki +25 &deg;C temperat\u016broje.<br \/>\n&nbsp;<\/p>\n","protected":false},"excerpt":{"rendered":"<p>Veido kauk\u0117 prie\u0161 pasimatym\u0105. Raudonieji apelsinai gerina odos elastingum\u0105, tonizuoja ir dr\u0117kina. Papajos daro od\u0105 gaivi\u0105 ir spindin\u010di\u0105: joje esantys fermentai puikiai dr\u0117kina ir tonizuoja. Unikalus vitamin\u0173 kompleksas pripildo od\u0105 energijos, i\u0161lygina tekst\u016br\u0105 ir suteikia jai tobul\u0105 atspalv\u012f. Naudojimas: 1. Nuvalykite veid\u0105. 2. U\u017ed\u0117kite kauk\u0119 ant veido 10-15 minu\u010di\u0173. 3. Nuplaukite veid\u0105 vandeniu. Atsargumo priemon\u0117s: [&#8230;]\n","protected":false},"featured_media":102295,"template":"","meta":[],"product_cat":[2181],"product_tag":[],"class_list":{"0":"post-40359","1":"product","2":"type-product","3":"status-publish","4":"has-post-thumbnail","6":"product_brand-7days_it-lt","7":"product_cat-bez-kategorijas-lt","9":"first","10":"instock","11":"taxable","12":"shipping-taxable","13":"product-type-simple"},"_links":{"self":[{"href":"https:\/\/e.kosmolat.eu\/lt\/wp-json\/wp\/v2\/product\/40359","targetHints":{"allow":["GET"]}}],"collection":[{"href":"https:\/\/e.kosmolat.eu\/lt\/wp-json\/wp\/v2\/product"}],"about":[{"href":"https:\/\/e.kosmolat.eu\/lt\/wp-json\/wp\/v2\/types\/product"}],"wp:featuredmedia":[{"embeddable":true,"href":"https:\/\/e.kosmolat.eu\/lt\/wp-json\/wp\/v2\/media\/102295"}],"wp:attachment":[{"href":"https:\/\/e.kosmolat.eu\/lt\/wp-json\/wp\/v2\/media?parent=40359"}],"wp:term":[{"taxonomy":"product_cat","embeddable":true,"href":"https:\/\/e.kosmolat.eu\/lt\/wp-json\/wp\/v2\/product_cat?post=40359"},{"taxonomy":"product_tag","embeddable":true,"href":"https:\/\/e.kosmolat.eu\/lt\/wp-json\/wp\/v2\/product_tag?post=40359"}],"curies":[{"name":"wp","href":"https:\/\/api.w.org\/{rel}","templated":true}]}}