{"id":40355,"date":"2023-12-23T01:09:11","date_gmt":"2023-12-23T01:09:11","guid":{"rendered":"https:\/\/e.kosmolat.eu\/product\/7d-s-maska-aizrauj-piektd-ar-kokosr-un-licijas-ekstr-28-g\/"},"modified":"2026-04-13T09:40:02","modified_gmt":"2026-04-13T09:40:02","slug":"7d-s-maska-aizrauj-piektd-ar-kokosr-un-licijas-ekstr-28-g","status":"publish","type":"product","link":"https:\/\/e.kosmolat.eu\/lt\/produktas\/7d-s-maska-aizrauj-piektd-ar-kokosr-un-licijas-ekstr-28-g\/","title":{"rendered":"7DAYS Veido kauk\u0117 U\u017edegantis penktadienis su kokos\u0173 ir li\u010di\u0173 ekstraktais, 28 g"},"content":{"rendered":"<p>Veido kauk\u0117 prie\u0161 vakar\u0117l\u012f. Kokos\u0173 ekstraktas pasi\u017eymi giliu regeneruojan\u010diu poveikiu, akimirksniu suteikia odai sveik\u0105 ir pails\u0117jusi\u0105 i\u0161vaizd\u0105, daro j\u0105 \u0161velni\u0105 ir aksomin\u0119. Li\u010di\u0173 ekstraktas suteikia energijos, tonizuoja, pa\u0161alina nuovargio po\u017eymius ir suteikia odai sveiko \u0161vyt\u0117jimo. Unikalus vitamin\u0173 kompleksas pripildo od\u0105 energijos, i\u0161lygina tekst\u016br\u0105 ir suteikia jai tobul\u0105 atspalv\u012f. Hialurono r\u016bg\u0161tis intensyviai dr\u0117kina, daro od\u0105 stangresn\u0119 ir elastingesn\u0119.<\/p>\n<p><strong>Naudojimas: <\/strong>1. Nuvalykite veid\u0105. 2. U\u017ed\u0117kite kauk\u0119 ant veido 10-15 minu\u010di\u0173. 3. Nuplaukite veid\u0105 vandeniu.<\/p>\n<p><strong>Atsargumo priemon\u0117s:<\/strong> tik i\u0161oriniam naudojimui; nenaudoti pakartotinai; vengti kontakto su akimis. Patekus \u012f akis, nedelsiant praplauti dideliu kiekiu vandens ir, jei reikia, kreiptis \u012f gydytoj\u0105. Netepkite ant pa\u017eeistos odos. Nenaudoti esant padid\u0117jusiam jautrumui bet kuriai kauk\u0117s sudedamajai daliai. Nustokite naudoti, jei atsiranda dirginimas. Saugoti nuo vaik\u0173. Laikyti nuo +5 &deg;C iki +25 &deg;C temperat\u016broje.<br \/>\n&nbsp;<\/p>\n","protected":false},"excerpt":{"rendered":"<p>Veido kauk\u0117 prie\u0161 vakar\u0117l\u012f. Kokos\u0173 ekstraktas pasi\u017eymi giliu regeneruojan\u010diu poveikiu, akimirksniu suteikia odai sveik\u0105 ir pails\u0117jusi\u0105 i\u0161vaizd\u0105, daro j\u0105 \u0161velni\u0105 ir aksomin\u0119. Li\u010di\u0173 ekstraktas suteikia energijos, tonizuoja, pa\u0161alina nuovargio po\u017eymius ir suteikia odai sveiko \u0161vyt\u0117jimo. Unikalus vitamin\u0173 kompleksas pripildo od\u0105 energijos, i\u0161lygina tekst\u016br\u0105 ir suteikia jai tobul\u0105 atspalv\u012f. Hialurono r\u016bg\u0161tis intensyviai dr\u0117kina, daro od\u0105 stangresn\u0119 [&#8230;]\n","protected":false},"featured_media":97237,"template":"","meta":[],"product_cat":[2181],"product_tag":[],"class_list":{"0":"post-40355","1":"product","2":"type-product","3":"status-publish","4":"has-post-thumbnail","6":"product_brand-7days_it-lt","7":"product_cat-bez-kategorijas-lt","9":"first","10":"instock","11":"taxable","12":"shipping-taxable","13":"product-type-simple"},"_links":{"self":[{"href":"https:\/\/e.kosmolat.eu\/lt\/wp-json\/wp\/v2\/product\/40355","targetHints":{"allow":["GET"]}}],"collection":[{"href":"https:\/\/e.kosmolat.eu\/lt\/wp-json\/wp\/v2\/product"}],"about":[{"href":"https:\/\/e.kosmolat.eu\/lt\/wp-json\/wp\/v2\/types\/product"}],"wp:featuredmedia":[{"embeddable":true,"href":"https:\/\/e.kosmolat.eu\/lt\/wp-json\/wp\/v2\/media\/97237"}],"wp:attachment":[{"href":"https:\/\/e.kosmolat.eu\/lt\/wp-json\/wp\/v2\/media?parent=40355"}],"wp:term":[{"taxonomy":"product_cat","embeddable":true,"href":"https:\/\/e.kosmolat.eu\/lt\/wp-json\/wp\/v2\/product_cat?post=40355"},{"taxonomy":"product_tag","embeddable":true,"href":"https:\/\/e.kosmolat.eu\/lt\/wp-json\/wp\/v2\/product_tag?post=40355"}],"curies":[{"name":"wp","href":"https:\/\/api.w.org\/{rel}","templated":true}]}}