{"id":40351,"date":"2023-12-23T01:08:41","date_gmt":"2023-12-23T01:08:41","guid":{"rendered":"https:\/\/e.kosmolat.eu\/product\/7d-s-maska-aktiv-ceturtd-ar-peon-un-mellenu-ekstr-28-g\/"},"modified":"2026-04-17T06:17:27","modified_gmt":"2026-04-17T06:17:27","slug":"7d-s-maska-aktiv-ceturtd-ar-peon-un-mellenu-ekstr-28-g","status":"publish","type":"product","link":"https:\/\/e.kosmolat.eu\/lt\/produktas\/7d-s-maska-aktiv-ceturtd-ar-peon-un-mellenu-ekstr-28-g\/","title":{"rendered":"7DAYS Veido kauk\u0117 Aktyvus ketvirtadienis su bij\u016bn\u0173 ir m\u0117lyni\u0173 ekstraktais, 28 g"},"content":{"rendered":"<p>Veido kauk\u0117 po sporto. Bij\u016bn\u0173 ekstraktas atkuria odos elastingum\u0105, giliai dr\u0117kina ir mink\u0161tina. M\u0117lyn\u0117s sustiprina odos barjerines savybes ir prisotina j\u0105 vitaminais. Taukmed\u017ei\u0173 sviestas, makadamij\u0173 ir simondsij\u0173 aliejai prisotina od\u0105 maistin\u0117mis med\u017eiagomis, tod\u0117l ji tampa \u0161velni ir lygi. Hialurono r\u016bg\u0161tis, kuri yra kauk\u0117s dalis, prasiskverbia giliai \u012f od\u0105, dr\u0117kindama j\u0105 i\u0161 vidaus.<\/p>\n<p><strong>Naudojimas: <\/strong>1. Nuvalykite veid\u0105. 2. U\u017ed\u0117kite kauk\u0119 ant veido 10-15 minu\u010di\u0173. 3. Nuplaukite veid\u0105 vandeniu.<\/p>\n<p><strong>Atsargumo priemon\u0117s:<\/strong> tik i\u0161oriniam naudojimui; nenaudoti pakartotinai; vengti kontakto su akimis. Patekus \u012f akis, nedelsiant praplauti dideliu kiekiu vandens ir, jei reikia, kreiptis \u012f gydytoj\u0105. Netepkite ant pa\u017eeistos odos. Nenaudoti esant padid\u0117jusiam jautrumui bet kuriai kauk\u0117s sudedamajai daliai. Nustokite naudoti, jei atsiranda dirginimas. Saugoti nuo vaik\u0173. Laikyti nuo +5 &deg;C iki +25 &deg;C temperat\u016broje.<br \/>\n&nbsp;<\/p>\n","protected":false},"excerpt":{"rendered":"<p>Veido kauk\u0117 po sporto. Bij\u016bn\u0173 ekstraktas atkuria odos elastingum\u0105, giliai dr\u0117kina ir mink\u0161tina. M\u0117lyn\u0117s sustiprina odos barjerines savybes ir prisotina j\u0105 vitaminais. Taukmed\u017ei\u0173 sviestas, makadamij\u0173 ir simondsij\u0173 aliejai prisotina od\u0105 maistin\u0117mis med\u017eiagomis, tod\u0117l ji tampa \u0161velni ir lygi. Hialurono r\u016bg\u0161tis, kuri yra kauk\u0117s dalis, prasiskverbia giliai \u012f od\u0105, dr\u0117kindama j\u0105 i\u0161 vidaus. Naudojimas: 1. Nuvalykite [&#8230;]\n","protected":false},"featured_media":99192,"template":"","meta":[],"product_cat":[2181],"product_tag":[],"class_list":{"0":"post-40351","1":"product","2":"type-product","3":"status-publish","4":"has-post-thumbnail","6":"product_brand-7days_it-lt","7":"product_cat-bez-kategorijas-lt","9":"first","10":"instock","11":"taxable","12":"shipping-taxable","13":"product-type-simple"},"_links":{"self":[{"href":"https:\/\/e.kosmolat.eu\/lt\/wp-json\/wp\/v2\/product\/40351","targetHints":{"allow":["GET"]}}],"collection":[{"href":"https:\/\/e.kosmolat.eu\/lt\/wp-json\/wp\/v2\/product"}],"about":[{"href":"https:\/\/e.kosmolat.eu\/lt\/wp-json\/wp\/v2\/types\/product"}],"wp:featuredmedia":[{"embeddable":true,"href":"https:\/\/e.kosmolat.eu\/lt\/wp-json\/wp\/v2\/media\/99192"}],"wp:attachment":[{"href":"https:\/\/e.kosmolat.eu\/lt\/wp-json\/wp\/v2\/media?parent=40351"}],"wp:term":[{"taxonomy":"product_cat","embeddable":true,"href":"https:\/\/e.kosmolat.eu\/lt\/wp-json\/wp\/v2\/product_cat?post=40351"},{"taxonomy":"product_tag","embeddable":true,"href":"https:\/\/e.kosmolat.eu\/lt\/wp-json\/wp\/v2\/product_tag?post=40351"}],"curies":[{"name":"wp","href":"https:\/\/api.w.org\/{rel}","templated":true}]}}