{"id":40347,"date":"2023-12-23T01:08:11","date_gmt":"2023-12-23T01:08:11","guid":{"rendered":"https:\/\/e.kosmolat.eu\/product\/7d-s-maska-viegla-tresd-ar-zal-tej-un-bumbieru-ekstr-28-g\/"},"modified":"2026-04-14T13:42:50","modified_gmt":"2026-04-14T13:42:50","slug":"7d-s-maska-viegla-tresd-ar-zal-tej-un-bumbieru-ekstr-28-g","status":"publish","type":"product","link":"https:\/\/e.kosmolat.eu\/lt\/produktas\/7d-s-maska-viegla-tresd-ar-zal-tej-un-bumbieru-ekstr-28-g\/","title":{"rendered":"7DAYS Veido kauk\u0117 Lengvas tre\u010diadienis su \u017ealiosios arbatos ir kriau\u0161i\u0173 ekstraktais, 28 g"},"content":{"rendered":"<p>Veido kauk\u0117 \u017ei\u016brint serial\u0105. \u017daliosios arbatos ekstraktas intensyviai dr\u0117kina od\u0105, gerina jos stangrum\u0105 ir elastingum\u0105, suteikia energijos jaunystei. Taukmed\u017ei\u0173 sviestas, makadamij\u0173 ir simondsij\u0173 aliejai prisotina od\u0105 maistin\u0117mis med\u017eiagomis, tod\u0117l ji tampa \u0161velni ir lygi. Kriau\u0161\u0117s puikiai mink\u0161tina vir\u0161utinius epidermio sluoksnius, pagreitina regeneracijos proces\u0105 ir gaivina od\u0105. Hialurono r\u016bg\u0161tis ir dr\u0117kinamasis kompleksas daro od\u0105 stangresn\u0119 ir elastingesn\u0119.<\/p>\n<p><strong>Naudojimas:<\/strong> 1. Nuvalykite veid\u0105. 2. U\u017ed\u0117kite kauk\u0119 ant veido 10-15 minu\u010di\u0173. 3. Nuplaukite veid\u0105 vandeniu.<\/p>\n<p><strong>Atsargumo priemon\u0117s:<\/strong> tik i\u0161oriniam naudojimui; nenaudoti pakartotinai; vengti kontakto su akimis. Patekus \u012f akis, nedelsiant praplauti dideliu kiekiu vandens ir, jei reikia, kreiptis \u012f gydytoj\u0105. Netepkite ant pa\u017eeistos odos. Nenaudoti esant padid\u0117jusiam jautrumui bet kuriai kauk\u0117s sudedamajai daliai. Nustokite naudoti, jei atsiranda dirginimas. Saugoti nuo vaik\u0173. Laikyti nuo +5 &deg;C iki +25 &deg;C temperat\u016broje.<br \/>\n&nbsp;<\/p>\n","protected":false},"excerpt":{"rendered":"<p>Veido kauk\u0117 \u017ei\u016brint serial\u0105. \u017daliosios arbatos ekstraktas intensyviai dr\u0117kina od\u0105, gerina jos stangrum\u0105 ir elastingum\u0105, suteikia energijos jaunystei. Taukmed\u017ei\u0173 sviestas, makadamij\u0173 ir simondsij\u0173 aliejai prisotina od\u0105 maistin\u0117mis med\u017eiagomis, tod\u0117l ji tampa \u0161velni ir lygi. Kriau\u0161\u0117s puikiai mink\u0161tina vir\u0161utinius epidermio sluoksnius, pagreitina regeneracijos proces\u0105 ir gaivina od\u0105. Hialurono r\u016bg\u0161tis ir dr\u0117kinamasis kompleksas daro od\u0105 stangresn\u0119 ir [&#8230;]\n","protected":false},"featured_media":97663,"template":"","meta":[],"product_cat":[2181],"product_tag":[],"class_list":{"0":"post-40347","1":"product","2":"type-product","3":"status-publish","4":"has-post-thumbnail","6":"product_brand-7days_it-lt","7":"product_cat-bez-kategorijas-lt","9":"first","10":"instock","11":"taxable","12":"shipping-taxable","13":"product-type-simple"},"_links":{"self":[{"href":"https:\/\/e.kosmolat.eu\/lt\/wp-json\/wp\/v2\/product\/40347","targetHints":{"allow":["GET"]}}],"collection":[{"href":"https:\/\/e.kosmolat.eu\/lt\/wp-json\/wp\/v2\/product"}],"about":[{"href":"https:\/\/e.kosmolat.eu\/lt\/wp-json\/wp\/v2\/types\/product"}],"wp:featuredmedia":[{"embeddable":true,"href":"https:\/\/e.kosmolat.eu\/lt\/wp-json\/wp\/v2\/media\/97663"}],"wp:attachment":[{"href":"https:\/\/e.kosmolat.eu\/lt\/wp-json\/wp\/v2\/media?parent=40347"}],"wp:term":[{"taxonomy":"product_cat","embeddable":true,"href":"https:\/\/e.kosmolat.eu\/lt\/wp-json\/wp\/v2\/product_cat?post=40347"},{"taxonomy":"product_tag","embeddable":true,"href":"https:\/\/e.kosmolat.eu\/lt\/wp-json\/wp\/v2\/product_tag?post=40347"}],"curies":[{"name":"wp","href":"https:\/\/api.w.org\/{rel}","templated":true}]}}