{"id":40339,"date":"2023-12-23T01:07:11","date_gmt":"2023-12-23T01:07:11","guid":{"rendered":"https:\/\/e.kosmolat.eu\/product\/7d-s-maska-moza-pirmd-ar-vit-miz-un-kakao-ekstr-28-g\/"},"modified":"2026-04-13T09:39:33","modified_gmt":"2026-04-13T09:39:33","slug":"7d-s-maska-moza-pirmd-ar-vit-miz-un-kakao-ekstr-28-g","status":"publish","type":"product","link":"https:\/\/e.kosmolat.eu\/lt\/produktas\/7d-s-maska-moza-pirmd-ar-vit-miz-un-kakao-ekstr-28-g\/","title":{"rendered":"7DAYS Veido kauk\u0117 \u017dvalus pirmadienis su gluosni\u0173 ir kakavos pupeli\u0173 ekstraktais, 28 g"},"content":{"rendered":"<p>Veido kauk\u0117 po ilgos darbo dienos. Gluosni\u0173 ekstraktas, kuris yra kauk\u0117s dalis, \u0161velniai valo, i\u0161lygina odos atspalv\u012f ir sutraukia poras. Hialurono r\u016bg\u0161tis ir dr\u0117kinamasis kompleksas daro od\u0105 stangresn\u0119 ir elastingesn\u0119. Kakavos pupel\u0117s yra pripildytos veikli\u0173j\u0173 med\u017eiag\u0173, kurios mink\u0161tina ir maitina od\u0105, tod\u0117l ji tampa \u0161velni ir aksomin\u0117.<\/p>\n<p><strong>Naudojimas:<\/strong> 1. Nuvalykite veid\u0105. 2. U\u017ed\u0117kite kauk\u0119 ant veido 10-15 minu\u010di\u0173. 3. Nuplaukite veid\u0105 vandeniu.<\/p>\n<p><strong>Atsargumo priemon\u0117s:<\/strong> tik i\u0161oriniam naudojimui; nenaudoti pakartotinai; vengti kontakto su akimis. Patekus \u012f akis, nedelsiant praplauti dideliu kiekiu vandens ir, jei reikia, kreiptis \u012f gydytoj\u0105. Netepkite ant pa\u017eeistos odos. Nenaudoti esant padid\u0117jusiam jautrumui bet kuriai kauk\u0117s sudedamajai daliai. Nustokite naudoti, jei atsiranda dirginimas. Saugoti nuo vaik\u0173. Laikyti nuo +5 &deg;C iki +25 &deg;C temperat\u016broje.<br \/>\n&nbsp;<\/p>\n","protected":false},"excerpt":{"rendered":"<p>Veido kauk\u0117 po ilgos darbo dienos. Gluosni\u0173 ekstraktas, kuris yra kauk\u0117s dalis, \u0161velniai valo, i\u0161lygina odos atspalv\u012f ir sutraukia poras. Hialurono r\u016bg\u0161tis ir dr\u0117kinamasis kompleksas daro od\u0105 stangresn\u0119 ir elastingesn\u0119. Kakavos pupel\u0117s yra pripildytos veikli\u0173j\u0173 med\u017eiag\u0173, kurios mink\u0161tina ir maitina od\u0105, tod\u0117l ji tampa \u0161velni ir aksomin\u0117. Naudojimas: 1. Nuvalykite veid\u0105. 2. U\u017ed\u0117kite kauk\u0119 ant [&#8230;]\n","protected":false},"featured_media":105184,"template":"","meta":[],"product_cat":[2181],"product_tag":[],"class_list":{"0":"post-40339","1":"product","2":"type-product","3":"status-publish","4":"has-post-thumbnail","6":"product_brand-7days_it-lt","7":"product_cat-bez-kategorijas-lt","9":"first","10":"instock","11":"taxable","12":"shipping-taxable","13":"product-type-simple"},"_links":{"self":[{"href":"https:\/\/e.kosmolat.eu\/lt\/wp-json\/wp\/v2\/product\/40339","targetHints":{"allow":["GET"]}}],"collection":[{"href":"https:\/\/e.kosmolat.eu\/lt\/wp-json\/wp\/v2\/product"}],"about":[{"href":"https:\/\/e.kosmolat.eu\/lt\/wp-json\/wp\/v2\/types\/product"}],"wp:featuredmedia":[{"embeddable":true,"href":"https:\/\/e.kosmolat.eu\/lt\/wp-json\/wp\/v2\/media\/105184"}],"wp:attachment":[{"href":"https:\/\/e.kosmolat.eu\/lt\/wp-json\/wp\/v2\/media?parent=40339"}],"wp:term":[{"taxonomy":"product_cat","embeddable":true,"href":"https:\/\/e.kosmolat.eu\/lt\/wp-json\/wp\/v2\/product_cat?post=40339"},{"taxonomy":"product_tag","embeddable":true,"href":"https:\/\/e.kosmolat.eu\/lt\/wp-json\/wp\/v2\/product_tag?post=40339"}],"curies":[{"name":"wp","href":"https:\/\/api.w.org\/{rel}","templated":true}]}}