{"id":40335,"date":"2023-12-23T01:06:42","date_gmt":"2023-12-23T01:06:42","guid":{"rendered":"https:\/\/e.kosmolat.eu\/product\/7d-detox-aud-s-sos-maska-ar-nomierin-kompl-25-g\/"},"modified":"2026-04-09T13:28:36","modified_gmt":"2026-04-09T13:28:36","slug":"i_7d-detox-aud-s-sos-maska-ar-nomierin-kompl-25-g","status":"publish","type":"product","link":"https:\/\/e.kosmolat.eu\/lt\/produktas\/i_7d-detox-aud-s-sos-maska-ar-nomierin-kompl-25-g\/","title":{"rendered":"I_7DAYS DETOX Lak\u0161tin\u0117 SOS veido kauk\u0117 su raminamuoju kompleksu, 25 g"},"content":{"rendered":"<p>Naujinanti lak\u0161tin\u0117 kauk\u0117 su fibronektinu ir skvalanu &ndash; tai 3-asis 7DAYS DETOX odos valymo sistemos \u017eingsnis. Kauk\u0117 prisideda prie veiksmingo odos atk\u016brimo po \u0161veitimo ir valymo proced\u016br\u0173. D\u0117l sud\u0117tyje esan\u010dio didel\u0117s molekulin\u0117s mas\u0117s baltymo fibronektino, kauk\u0117 atkuria apsaugin\u012f barjer\u0105, padidina elastingum\u0105, suteikia stangrinimo efekt\u0105 ir sulaiko dr\u0117gm\u0119 epidermio viduje l\u0105steli\u0173 lygyje. Nat\u016bralus komponentas skvalanas ramina ir maitina, taip pat ma\u017eina dirginim\u0105.<\/p>\n<p><strong>Naudojimas: <\/strong>1. Nuvalykite makia\u017e\u0105 nuo odos. 2. Paskirstykite ir u\u017ed\u0117kite kauk\u0119 10-15 minu\u010di\u0173. 3. Nuimkite kauk\u0119 ir nuplaukite veid\u0105 vandeniu. 7DAYS DETOX kaukes galima naudoti kaip piln\u0105 trij\u0173 pakop\u0173 kurs\u0105 maksimaliam odos valymui, arba atskirai.<\/p>\n<p><strong>Atsargumo priemon\u0117s:<\/strong> tik i\u0161oriniam naudojimui; nenaudoti pakartotinai; vengti kontakto su akimis. Patekus \u012f akis, nedelsiant praplauti dideliu kiekiu vandens ir, jei reikia, kreiptis \u012f gydytoj\u0105. Netepkite ant pa\u017eeistos odos. Nenaudoti esant padid\u0117jusiam jautrumui bet kuriai kauk\u0117s sudedamajai daliai. Nustokite naudoti, jei atsiranda dirginimas. Saugoti nuo vaik\u0173. Laikyti nuo +5 &deg;C iki +25 &deg;C temperat\u016broje.<br \/>\n&nbsp;<\/p>\n","protected":false},"excerpt":{"rendered":"<p>Naujinanti lak\u0161tin\u0117 kauk\u0117 su fibronektinu ir skvalanu &ndash; tai 3-asis 7DAYS DETOX odos valymo sistemos \u017eingsnis. Kauk\u0117 prisideda prie veiksmingo odos atk\u016brimo po \u0161veitimo ir valymo proced\u016br\u0173. D\u0117l sud\u0117tyje esan\u010dio didel\u0117s molekulin\u0117s mas\u0117s baltymo fibronektino, kauk\u0117 atkuria apsaugin\u012f barjer\u0105, padidina elastingum\u0105, suteikia stangrinimo efekt\u0105 ir sulaiko dr\u0117gm\u0119 epidermio viduje l\u0105steli\u0173 lygyje. Nat\u016bralus komponentas skvalanas ramina [&#8230;]\n","protected":false},"featured_media":99502,"template":"","meta":[],"product_cat":[2181],"product_tag":[],"class_list":{"0":"post-40335","1":"product","2":"type-product","3":"status-publish","4":"has-post-thumbnail","6":"product_brand-7days_it-lt","7":"product_cat-bez-kategorijas-lt","9":"first","10":"instock","11":"taxable","12":"shipping-taxable","13":"product-type-simple"},"_links":{"self":[{"href":"https:\/\/e.kosmolat.eu\/lt\/wp-json\/wp\/v2\/product\/40335","targetHints":{"allow":["GET"]}}],"collection":[{"href":"https:\/\/e.kosmolat.eu\/lt\/wp-json\/wp\/v2\/product"}],"about":[{"href":"https:\/\/e.kosmolat.eu\/lt\/wp-json\/wp\/v2\/types\/product"}],"wp:featuredmedia":[{"embeddable":true,"href":"https:\/\/e.kosmolat.eu\/lt\/wp-json\/wp\/v2\/media\/99502"}],"wp:attachment":[{"href":"https:\/\/e.kosmolat.eu\/lt\/wp-json\/wp\/v2\/media?parent=40335"}],"wp:term":[{"taxonomy":"product_cat","embeddable":true,"href":"https:\/\/e.kosmolat.eu\/lt\/wp-json\/wp\/v2\/product_cat?post=40335"},{"taxonomy":"product_tag","embeddable":true,"href":"https:\/\/e.kosmolat.eu\/lt\/wp-json\/wp\/v2\/product_tag?post=40335"}],"curies":[{"name":"wp","href":"https:\/\/api.w.org\/{rel}","templated":true}]}}