{"id":40331,"date":"2023-12-23T01:06:11","date_gmt":"2023-12-23T01:06:11","guid":{"rendered":"https:\/\/e.kosmolat.eu\/product\/7d-detox-aud-attir-s-maska-ar-kaolinu-jur-algem-12-g\/"},"modified":"2026-04-21T08:27:25","modified_gmt":"2026-04-21T08:27:25","slug":"7d-detox-aud-attir-s-maska-ar-kaolinu-jur-algem-12-g","status":"publish","type":"product","link":"https:\/\/e.kosmolat.eu\/lt\/produktas\/7d-detox-aud-attir-s-maska-ar-kaolinu-jur-algem-12-g\/","title":{"rendered":"7DAYS DETOX Lak\u0161tin\u0117 veido kauk\u0117 su kaolinu ir j\u016bros dumbliais, 12 g"},"content":{"rendered":"<p>Valan\u010dioji lak\u0161tin\u0117 kauk\u0117 su kaolinu ir j\u016bros dumbliais &ndash; tai 2-asis 7DAYS DETOX odos valymo sistemos etapas. Kauk\u0117 atkim\u0161 ne\u0161varum\u0173 poras ir paruo\u0161 j\u016bs\u0173 od\u0105 intensyviam dr\u0117kinimui su fibronektino ir skvalano atkurian\u010dia &nbsp;lak\u0161tine DETOX kauke. Dviej\u0173 sud\u0117tyje esan\u010di\u0173 nat\u016brali\u0173 moli\u0173 &#8211; kaolino ir montmorilonito d\u0117ka, kauk\u0117 pasi\u017eymi sugeriamuoju poveikiu, efektyviai sutraukia poras, kovoja su netobulumais, padaro od\u0105 matin\u0119 ir lygi\u0105. J\u016bros dumbli\u0173 mi\u0161inys veikia kaip galingas dr\u0117kinamasis antioksidantas, pripildo l\u0105steles naudingais mikroelementais, suteikia stangrinimo efekt\u0105 ir pagerina veido spalv\u0105.<\/p>\n<p><strong>Naudojimas:<\/strong> 1. Nuvalykite makia\u017e\u0105 nuo odos. 2. Paskirstykite ir u\u017ed\u0117kite kauk\u0119 10-15 minu\u010di\u0173. 3. Nuimkite kauk\u0119 ir nuplaukite veid\u0105 vandeniu. 7DAYS DETOX kaukes galima naudoti kaip piln\u0105 trij\u0173 pakop\u0173 kurs\u0105 maksimaliam odos valymui, arba atskirai.<\/p>\n<p><strong>Atsargumo priemon\u0117s:<\/strong> tik i\u0161oriniam naudojimui; nenaudoti pakartotinai; vengti kontakto su akimis. Patekus \u012f akis, nedelsiant praplauti dideliu kiekiu vandens ir, jei reikia, kreiptis \u012f gydytoj\u0105. Netepkite ant pa\u017eeistos odos. Nenaudoti esant padid\u0117jusiam jautrumui bet kuriai kauk\u0117s sudedamajai daliai. Nustokite naudoti, jei atsiranda dirginimas. Saugoti nuo vaik\u0173. Laikyti nuo +5 &deg;C iki +25 &deg;C temperat\u016broje.<br \/>\n&nbsp;<\/p>\n","protected":false},"excerpt":{"rendered":"<p>Valan\u010dioji lak\u0161tin\u0117 kauk\u0117 su kaolinu ir j\u016bros dumbliais &ndash; tai 2-asis 7DAYS DETOX odos valymo sistemos etapas. Kauk\u0117 atkim\u0161 ne\u0161varum\u0173 poras ir paruo\u0161 j\u016bs\u0173 od\u0105 intensyviam dr\u0117kinimui su fibronektino ir skvalano atkurian\u010dia &nbsp;lak\u0161tine DETOX kauke. Dviej\u0173 sud\u0117tyje esan\u010di\u0173 nat\u016brali\u0173 moli\u0173 &#8211; kaolino ir montmorilonito d\u0117ka, kauk\u0117 pasi\u017eymi sugeriamuoju poveikiu, efektyviai sutraukia poras, kovoja su netobulumais, [&#8230;]\n","protected":false},"featured_media":99184,"template":"","meta":[],"product_cat":[1369],"product_tag":[],"class_list":{"0":"post-40331","1":"product","2":"type-product","3":"status-publish","4":"has-post-thumbnail","6":"product_brand-7days_it-lt","7":"product_cat-veido-kaukes","9":"first","10":"outofstock","11":"taxable","12":"shipping-taxable","13":"product-type-simple"},"_links":{"self":[{"href":"https:\/\/e.kosmolat.eu\/lt\/wp-json\/wp\/v2\/product\/40331","targetHints":{"allow":["GET"]}}],"collection":[{"href":"https:\/\/e.kosmolat.eu\/lt\/wp-json\/wp\/v2\/product"}],"about":[{"href":"https:\/\/e.kosmolat.eu\/lt\/wp-json\/wp\/v2\/types\/product"}],"wp:featuredmedia":[{"embeddable":true,"href":"https:\/\/e.kosmolat.eu\/lt\/wp-json\/wp\/v2\/media\/99184"}],"wp:attachment":[{"href":"https:\/\/e.kosmolat.eu\/lt\/wp-json\/wp\/v2\/media?parent=40331"}],"wp:term":[{"taxonomy":"product_cat","embeddable":true,"href":"https:\/\/e.kosmolat.eu\/lt\/wp-json\/wp\/v2\/product_cat?post=40331"},{"taxonomy":"product_tag","embeddable":true,"href":"https:\/\/e.kosmolat.eu\/lt\/wp-json\/wp\/v2\/product_tag?post=40331"}],"curies":[{"name":"wp","href":"https:\/\/api.w.org\/{rel}","templated":true}]}}