{"id":40327,"date":"2023-12-23T01:05:48","date_gmt":"2023-12-23T01:05:48","guid":{"rendered":"https:\/\/e.kosmolat.eu\/product\/7d-detox-aud-pilinga-s-maska-ar-aha-5-bha-skab-25-g\/"},"modified":"2026-04-11T18:13:00","modified_gmt":"2026-04-11T18:13:00","slug":"i_7d-detox-aud-pilinga-s-maska-ar-aha-5-bha-skab-25-g","status":"publish","type":"product","link":"https:\/\/e.kosmolat.eu\/lt\/produktas\/i_7d-detox-aud-pilinga-s-maska-ar-aha-5-bha-skab-25-g\/","title":{"rendered":"7DAYS DETOX lak\u0161tin\u0117 \u0161vei\u010diamoji kauk\u0117 su AHA (5%) ir BHA r\u016bg\u0161timis, 25 g"},"content":{"rendered":"<p>&Scaron;vei\u010diamoji lak\u0161tin\u0117 kauk\u0117 su AHA ir BHA r\u016bg\u0161timis yra 1-asis 7DAYS DETOX odos valymo sistemos etapas. Kauk\u0117 i\u0161valys j\u016bs\u0173 od\u0105 nuo negyv\u0173 l\u0105steli\u0173 ir paruo\u0161 veid\u0105 kitam valymo etapui su valom\u0105ja veido kauke su kaolinu ir DETOX j\u016bros dumbliais. D\u0117l 5% AHA r\u016bg\u0161\u010di\u0173 koncentracijos kauk\u0117 subtiliai, tolygiai ir nepa\u017eeisdama odos, sumink\u0161tina ir pa\u0161alina negyvas l\u0105steles nuo epidermio pavir\u0161iaus, skatindama l\u0105steli\u0173 atsinaujinimo procesus bei nat\u016bralaus kolageno ir elastino gamyb\u0105. Tropini\u0173 vaisi\u0173 ekstrakt\u0173 kompleksas sukuria tonizuojant\u012f poveik\u012f, i\u0161lygina odos mikrotekst\u016br\u0105 ir atkuria jos spindes\u012f.<\/p>\n<p><strong>Naudojimas: <\/strong>1. Nuvalykite makia\u017e\u0105 nuo odos. 2. U\u017ed\u0117kite kauk\u0119 5 minut\u0117ms ir steb\u0117kite odos reakcij\u0105. Jei n\u0117ra paraudimo ir diskomforto, palikite kauk\u0119 ant veido 2-3 minutes. 3. Nuimkite kauk\u0119 ir nuplaukite veid\u0105 vandeniu. Norint sustiprinti \u0161veitimo efekt\u0105, kauk\u0117s liku\u010dius galima palikti. 7DAYS DETOX kaukes galima naudoti kaip piln\u0105 trij\u0173 pakop\u0173 kurs\u0105 maksimaliam odos valymui, arba atskirai.<\/p>\n<p><strong>Atsargumo priemon\u0117s:<\/strong> tik i\u0161oriniam naudojimui; nenaudoti pakartotinai; vengti kontakto su akimis. Patekus \u012f akis, nedelsiant praplauti dideliu kiekiu vandens ir, jei reikia, kreiptis \u012f gydytoj\u0105. Netepkite ant pa\u017eeistos odos. Nenaudoti esant padid\u0117jusiam jautrumui bet kuriai kauk\u0117s sudedamajai daliai. Nustokite naudoti, jei atsiranda dirginimas. Saugoti nuo vaik\u0173. Laikyti nuo +5 &deg;C iki +25 &deg;C temperat\u016broje.<br \/>\nPriemon\u0119 su SPF rekomenduojama tepti prie\u0161 kontakt\u0105 su tiesioginiais saul\u0117s spinduliais 2 dienas po kauk\u0117s naudojimo. Lak\u0161tin\u0119 kauk\u0119 naudokite ne da\u017eniau kaip 2 kartus per savait\u0119.<br \/>\n&nbsp;<\/p>\n","protected":false},"excerpt":{"rendered":"<p>&Scaron;vei\u010diamoji lak\u0161tin\u0117 kauk\u0117 su AHA ir BHA r\u016bg\u0161timis yra 1-asis 7DAYS DETOX odos valymo sistemos etapas. Kauk\u0117 i\u0161valys j\u016bs\u0173 od\u0105 nuo negyv\u0173 l\u0105steli\u0173 ir paruo\u0161 veid\u0105 kitam valymo etapui su valom\u0105ja veido kauke su kaolinu ir DETOX j\u016bros dumbliais. D\u0117l 5% AHA r\u016bg\u0161\u010di\u0173 koncentracijos kauk\u0117 subtiliai, tolygiai ir nepa\u017eeisdama odos, sumink\u0161tina ir pa\u0161alina negyvas l\u0105steles [&#8230;]\n","protected":false},"featured_media":98539,"template":"","meta":[],"product_cat":[1369],"product_tag":[],"class_list":{"0":"post-40327","1":"product","2":"type-product","3":"status-publish","4":"has-post-thumbnail","6":"product_brand-7days_it-lt","7":"product_cat-veido-kaukes","9":"first","10":"instock","11":"taxable","12":"shipping-taxable","13":"product-type-simple"},"_links":{"self":[{"href":"https:\/\/e.kosmolat.eu\/lt\/wp-json\/wp\/v2\/product\/40327","targetHints":{"allow":["GET"]}}],"collection":[{"href":"https:\/\/e.kosmolat.eu\/lt\/wp-json\/wp\/v2\/product"}],"about":[{"href":"https:\/\/e.kosmolat.eu\/lt\/wp-json\/wp\/v2\/types\/product"}],"wp:featuredmedia":[{"embeddable":true,"href":"https:\/\/e.kosmolat.eu\/lt\/wp-json\/wp\/v2\/media\/98539"}],"wp:attachment":[{"href":"https:\/\/e.kosmolat.eu\/lt\/wp-json\/wp\/v2\/media?parent=40327"}],"wp:term":[{"taxonomy":"product_cat","embeddable":true,"href":"https:\/\/e.kosmolat.eu\/lt\/wp-json\/wp\/v2\/product_cat?post=40327"},{"taxonomy":"product_tag","embeddable":true,"href":"https:\/\/e.kosmolat.eu\/lt\/wp-json\/wp\/v2\/product_tag?post=40327"}],"curies":[{"name":"wp","href":"https:\/\/api.w.org\/{rel}","templated":true}]}}