{"id":40319,"date":"2023-12-23T01:04:59","date_gmt":"2023-12-23T01:04:59","guid":{"rendered":"https:\/\/e.kosmolat.eu\/product\/sh-roku-krems-makadamijas-greznums-72-ml\/"},"modified":"2025-07-01T08:49:08","modified_gmt":"2025-07-01T08:49:08","slug":"sh-roku-krems-makadamijas-greznums-72-ml","status":"publish","type":"product","link":"https:\/\/e.kosmolat.eu\/lt\/produktas\/sh-roku-krems-makadamijas-greznums-72-ml\/","title":{"rendered":"SILKY HANDS Rank\u0173 kremas Makadamij\u0173 prabanga, 72 ml"},"content":{"rendered":"<p>Brangi\u0173, galing\u0173 aliej\u0173 kolekcija i\u0161 \u012fvairi\u0173 pasaulio \u0161ali\u0173. Ekologi\u0161ki ir bio aliejai atskleis nat\u016bral\u0173 j\u016bs\u0173 odos gro\u017e\u012f.<\/p>\n<p>Prabangiame makadamijos rie\u0161ut\u0173 aliejuje yra subalansuotas vitamin\u0173 ir riebal\u0173 r\u016bg\u0161\u010di\u0173 kokteilis. Tai nepakei\u010diama priemon\u0117 norint maitinti ir suteikti nat\u016bral\u0173 odos \u0161vyt\u0117jim\u0105. Puikiai tinka sausiausiai odai. Kremin\u0117 tekst\u016bra ir sodrus aromatas &ndash; tikra dovana k\u016bnui ir sielai.<\/p>\n<p><strong>Naudojimas:<\/strong> tepkite krem\u0105 ant \u0161varios, sausos odos lengvais masa\u017eo judesiais iki kol \u012fsigers.<\/p>\n<p>Laikyti nuo 0&deg;C iki +25&deg;C temperat\u016broje.&nbsp;<\/p>\n<p><strong>Galiojimo laikas: <\/strong>31 m\u0117nesiai nuo pagaminimo datos. Atidarius sunaudoti per 6 m\u0117nesius.<br \/>\n&nbsp;<\/p>\n","protected":false},"excerpt":{"rendered":"<p>Brangi\u0173, galing\u0173 aliej\u0173 kolekcija i\u0161 \u012fvairi\u0173 pasaulio \u0161ali\u0173. Ekologi\u0161ki ir bio aliejai atskleis nat\u016bral\u0173 j\u016bs\u0173 odos gro\u017e\u012f. Prabangiame makadamijos rie\u0161ut\u0173 aliejuje yra subalansuotas vitamin\u0173 ir riebal\u0173 r\u016bg\u0161\u010di\u0173 kokteilis. Tai nepakei\u010diama priemon\u0117 norint maitinti ir suteikti nat\u016bral\u0173 odos \u0161vyt\u0117jim\u0105. Puikiai tinka sausiausiai odai. Kremin\u0117 tekst\u016bra ir sodrus aromatas &ndash; tikra dovana k\u016bnui ir sielai. Naudojimas: tepkite [&#8230;]\n","protected":false},"featured_media":11921,"template":"","meta":[],"product_cat":[1304],"product_tag":[],"class_list":{"0":"post-40319","1":"product","2":"type-product","3":"status-publish","4":"has-post-thumbnail","6":"product_brand-unilever-ua-lt","7":"product_cat-ranku-prieziuros-kosmetika","9":"first","10":"outofstock","11":"taxable","12":"shipping-taxable","13":"product-type-simple"},"_links":{"self":[{"href":"https:\/\/e.kosmolat.eu\/lt\/wp-json\/wp\/v2\/product\/40319","targetHints":{"allow":["GET"]}}],"collection":[{"href":"https:\/\/e.kosmolat.eu\/lt\/wp-json\/wp\/v2\/product"}],"about":[{"href":"https:\/\/e.kosmolat.eu\/lt\/wp-json\/wp\/v2\/types\/product"}],"wp:featuredmedia":[{"embeddable":true,"href":"https:\/\/e.kosmolat.eu\/lt\/wp-json\/wp\/v2\/media\/11921"}],"wp:attachment":[{"href":"https:\/\/e.kosmolat.eu\/lt\/wp-json\/wp\/v2\/media?parent=40319"}],"wp:term":[{"taxonomy":"product_cat","embeddable":true,"href":"https:\/\/e.kosmolat.eu\/lt\/wp-json\/wp\/v2\/product_cat?post=40319"},{"taxonomy":"product_tag","embeddable":true,"href":"https:\/\/e.kosmolat.eu\/lt\/wp-json\/wp\/v2\/product_tag?post=40319"}],"curies":[{"name":"wp","href":"https:\/\/api.w.org\/{rel}","templated":true}]}}