{"id":40303,"date":"2023-12-23T01:03:04","date_gmt":"2023-12-23T01:03:04","guid":{"rendered":"https:\/\/e.kosmolat.eu\/product\/cl-sejas-skrubis-attiross-aprikozu-kaulini-120-ml\/"},"modified":"2025-05-02T09:27:57","modified_gmt":"2025-05-02T09:27:57","slug":"cl-sejas-skrubis-attiross-aprikozu-kaulini-120-ml","status":"publish","type":"product","link":"https:\/\/e.kosmolat.eu\/lt\/produktas\/cl-sejas-skrubis-attiross-aprikozu-kaulini-120-ml\/","title":{"rendered":"\u010cISTAJA LINIJA Valomasis veido \u0161veitiklis mi\u0161riai odai, 120 ml"},"content":{"rendered":"<p>Sud\u0117tyje yra 5 ekstrakt\u0173 ir aliej\u0173 Nature Plus esencija (verben\u0173 ekstraktas, bij\u016bn\u0173 ekstraktas, migdol\u0173 aliejus, s\u0117men\u0173 aliejus, alyvuogi\u0173 aliejus). Aktyv\u016bs nat\u016bral\u016bs ingredientai pri\u017ei\u016bri, mink\u0161tina ir tonizuoja od\u0105. Gilus valymas: Abrikos\u0173 kauliukai \u0161velniai pa\u0161alina negyvas odos l\u0105steles, i\u0161lygina odos pavir\u0161i\u0173 ir pagerina veido spalv\u0105.<\/p>\n<p><strong>Naudojimas: <\/strong>nedidel\u012f \u0161veitiklio kiek\u012f u\u017etepkite ant dr\u0117gnos veido ir kaklo odos, i\u0161skyrus srit\u012f aplink akis. Lengvai masa\u017euokite od\u0105 2-3 minutes. &Scaron;veitikl\u012f nuplaukite \u0161iltu vandeniu. Rekomenduojama naudoti 1-2 kartus per savait\u0119. Tai ne maisto produktas.<\/p>\n<p>Laikyti nuo 0 &deg;C iki +25 &deg;C temperat\u016broje.<\/p>\n<p><strong>Galiojimo laikas:<\/strong> 36 m\u0117nesiai nuo pagaminimo datos<br \/>\n&nbsp;<\/p>\n","protected":false},"excerpt":{"rendered":"<p>Sud\u0117tyje yra 5 ekstrakt\u0173 ir aliej\u0173 Nature Plus esencija (verben\u0173 ekstraktas, bij\u016bn\u0173 ekstraktas, migdol\u0173 aliejus, s\u0117men\u0173 aliejus, alyvuogi\u0173 aliejus). Aktyv\u016bs nat\u016bral\u016bs ingredientai pri\u017ei\u016bri, mink\u0161tina ir tonizuoja od\u0105. Gilus valymas: Abrikos\u0173 kauliukai \u0161velniai pa\u0161alina negyvas odos l\u0105steles, i\u0161lygina odos pavir\u0161i\u0173 ir pagerina veido spalv\u0105. Naudojimas: nedidel\u012f \u0161veitiklio kiek\u012f u\u017etepkite ant dr\u0117gnos veido ir kaklo odos, i\u0161skyrus [&#8230;]\n","protected":false},"featured_media":11889,"template":"","meta":[],"product_cat":[1396],"product_tag":[],"class_list":{"0":"post-40303","1":"product","2":"type-product","3":"status-publish","4":"has-post-thumbnail","6":"product_brand-unilever-ua-lt","7":"product_cat-veido-sveitikliai-ir-pilingai","9":"first","10":"outofstock","11":"taxable","12":"shipping-taxable","13":"product-type-simple"},"_links":{"self":[{"href":"https:\/\/e.kosmolat.eu\/lt\/wp-json\/wp\/v2\/product\/40303","targetHints":{"allow":["GET"]}}],"collection":[{"href":"https:\/\/e.kosmolat.eu\/lt\/wp-json\/wp\/v2\/product"}],"about":[{"href":"https:\/\/e.kosmolat.eu\/lt\/wp-json\/wp\/v2\/types\/product"}],"wp:featuredmedia":[{"embeddable":true,"href":"https:\/\/e.kosmolat.eu\/lt\/wp-json\/wp\/v2\/media\/11889"}],"wp:attachment":[{"href":"https:\/\/e.kosmolat.eu\/lt\/wp-json\/wp\/v2\/media?parent=40303"}],"wp:term":[{"taxonomy":"product_cat","embeddable":true,"href":"https:\/\/e.kosmolat.eu\/lt\/wp-json\/wp\/v2\/product_cat?post=40303"},{"taxonomy":"product_tag","embeddable":true,"href":"https:\/\/e.kosmolat.eu\/lt\/wp-json\/wp\/v2\/product_tag?post=40303"}],"curies":[{"name":"wp","href":"https:\/\/api.w.org\/{rel}","templated":true}]}}