{"id":40295,"date":"2023-12-23T01:02:06","date_gmt":"2023-12-23T01:02:06","guid":{"rendered":"https:\/\/e.kosmolat.eu\/product\/dr-hc-matu-maska-dizdadza-energija-295-ml\/"},"modified":"2026-04-23T07:44:10","modified_gmt":"2026-04-23T07:44:10","slug":"the-doctor-hc-matu-maska-dizdadza-energija-295-ml","status":"publish","type":"product","link":"https:\/\/e.kosmolat.eu\/lt\/produktas\/the-doctor-hc-matu-maska-dizdadza-energija-295-ml\/","title":{"rendered":"THE DOCTOR HEALTH &#038; CARE Plauk\u0173 kauk\u0117 Varnal\u0117\u0161\u0173 energija, 5 \u017eoleli\u0173 nuoviras, 295 ml"},"content":{"rendered":"<p>Su varnal\u0117&scaron;\u0173, dilg\u0117li\u0173, lubin\u0173, centeli\u0173 ir gelsvi\u0173 ekstraktais.<\/p>\n<p><strong>Naudojimas: <\/strong>Tepkite ant &scaron;vari\u0173, dr\u0117gn\u0173 plauk\u0173. Palaikykite 5 minutes, tada kruop&scaron;\u010diai nuplaukite vandeniu.&nbsp;<\/p>\n<p><strong>Atsargumo priemon\u0117s:<\/strong> Patekus \u012f akis, kruop&scaron;\u010diai nuplaukite dideliu kiekiu vandens. Galimas individualus jautrumas atskiriems produkto komponentams.<\/p>\n<p><strong>Geriausdias:<\/strong> 30 m\u0117n. nuo pagaminimo datos<\/p>\n<p>Laikyti nuo +5 &deg;C iki +25 &deg;C temperat\u016broje.<br \/>\n&nbsp;<\/p>\n","protected":false},"excerpt":{"rendered":"<p>Su varnal\u0117&scaron;\u0173, dilg\u0117li\u0173, lubin\u0173, centeli\u0173 ir gelsvi\u0173 ekstraktais. Naudojimas: Tepkite ant &scaron;vari\u0173, dr\u0117gn\u0173 plauk\u0173. Palaikykite 5 minutes, tada kruop&scaron;\u010diai nuplaukite vandeniu.&nbsp; Atsargumo priemon\u0117s: Patekus \u012f akis, kruop&scaron;\u010diai nuplaukite dideliu kiekiu vandens. Galimas individualus jautrumas atskiriems produkto komponentams. Geriausdias: 30 m\u0117n. nuo pagaminimo datos Laikyti nuo +5 &deg;C iki +25 &deg;C temperat\u016broje. &nbsp;<\/p>\n","protected":false},"featured_media":99068,"template":"","meta":[],"product_cat":[1256],"product_tag":[],"class_list":{"0":"post-40295","1":"product","2":"type-product","3":"status-publish","4":"has-post-thumbnail","6":"product_brand-elfa_ua-lt","7":"product_cat-plauku-kaukes","9":"first","10":"instock","11":"taxable","12":"shipping-taxable","13":"product-type-simple"},"_links":{"self":[{"href":"https:\/\/e.kosmolat.eu\/lt\/wp-json\/wp\/v2\/product\/40295","targetHints":{"allow":["GET"]}}],"collection":[{"href":"https:\/\/e.kosmolat.eu\/lt\/wp-json\/wp\/v2\/product"}],"about":[{"href":"https:\/\/e.kosmolat.eu\/lt\/wp-json\/wp\/v2\/types\/product"}],"wp:featuredmedia":[{"embeddable":true,"href":"https:\/\/e.kosmolat.eu\/lt\/wp-json\/wp\/v2\/media\/99068"}],"wp:attachment":[{"href":"https:\/\/e.kosmolat.eu\/lt\/wp-json\/wp\/v2\/media?parent=40295"}],"wp:term":[{"taxonomy":"product_cat","embeddable":true,"href":"https:\/\/e.kosmolat.eu\/lt\/wp-json\/wp\/v2\/product_cat?post=40295"},{"taxonomy":"product_tag","embeddable":true,"href":"https:\/\/e.kosmolat.eu\/lt\/wp-json\/wp\/v2\/product_tag?post=40295"}],"curies":[{"name":"wp","href":"https:\/\/api.w.org\/{rel}","templated":true}]}}