{"id":40291,"date":"2023-12-23T01:01:39","date_gmt":"2023-12-23T01:01:39","guid":{"rendered":"https:\/\/e.kosmolat.eu\/product\/i_bio-naturell-vitaminu-sampuns-kumelite-1-l\/"},"modified":"2025-07-08T14:51:38","modified_gmt":"2025-07-08T14:51:38","slug":"i_bio-naturell-vitaminu-sampuns-kumelite-1-l","status":"publish","type":"product","link":"https:\/\/e.kosmolat.eu\/lt\/produktas\/i_bio-naturell-vitaminu-sampuns-kumelite-1-l\/","title":{"rendered":"I_BIO NATUREL Vitamininis \u0160amp\u016bnas vis\u0173 tip\u0173 plaukams Ramun\u0117, 1 l"},"content":{"rendered":"<p>&Scaron;amp\u016bnas \u0161velniai valo plaukus ir galvos od\u0105. Turi subalansuot\u0105 pH. Sud\u0117tyje yra vitamin\u0173 kompleksas &nbsp;ir ramun\u0117li\u0173 ekstraktas, kurie stiprina plaukus ir skatina plauk\u0173 augim\u0105. Ramun\u0117l\u0117se yra daug komponent\u0173, \u012fskaitant chamazulen\u0105 ir bisabolol\u012f, kurie teigiamai veikia galvos od\u0105. Po plovimo plaukai \u012fgauna i\u0161puosel\u0117t\u0105 i\u0161vaizd\u0105 ir sveik\u0105 blizges\u012f. Tinka kasdieniam naudojimui. 96% nat\u016bralios kilm\u0117s ingredient\u0173. Vegani\u0161kas produktas.<\/p>\n<p><strong>Naudojimas:<\/strong> tepkite reikiam\u0105 kiek\u012f \u0161amp\u016bno ant dr\u0117gn\u0173 plauk\u0173, suputokite, i\u0161skalaukite vandeniu. Jei reikia, pakartokite proced\u016br\u0105.<\/p>\n<p><strong>Atsargumo priemon\u0117s: <\/strong>Patekus \u012f akis, praplauti vandeniu. Galimas padid\u0117j\u0119s individualus jautrumas atskiriems komponentams.<\/p>\n<p><strong>Laikymo s\u0105lygos: <\/strong>nuo +5 &deg;\u0421 iki +25 &deg;\u0421.<br \/>\n&nbsp;<\/p>\n","protected":false},"excerpt":{"rendered":"<p>&Scaron;amp\u016bnas \u0161velniai valo plaukus ir galvos od\u0105. Turi subalansuot\u0105 pH. Sud\u0117tyje yra vitamin\u0173 kompleksas &nbsp;ir ramun\u0117li\u0173 ekstraktas, kurie stiprina plaukus ir skatina plauk\u0173 augim\u0105. Ramun\u0117l\u0117se yra daug komponent\u0173, \u012fskaitant chamazulen\u0105 ir bisabolol\u012f, kurie teigiamai veikia galvos od\u0105. Po plovimo plaukai \u012fgauna i\u0161puosel\u0117t\u0105 i\u0161vaizd\u0105 ir sveik\u0105 blizges\u012f. Tinka kasdieniam naudojimui. 96% nat\u016bralios kilm\u0117s ingredient\u0173. Vegani\u0161kas produktas. [&#8230;]\n","protected":false},"featured_media":11865,"template":"","meta":[],"product_cat":[1251],"product_tag":[],"class_list":{"0":"post-40291","1":"product","2":"type-product","3":"status-publish","4":"has-post-thumbnail","6":"product_brand-elfa_ua-lt","7":"product_cat-sampunai","9":"first","10":"outofstock","11":"taxable","12":"shipping-taxable","13":"product-type-simple"},"_links":{"self":[{"href":"https:\/\/e.kosmolat.eu\/lt\/wp-json\/wp\/v2\/product\/40291","targetHints":{"allow":["GET"]}}],"collection":[{"href":"https:\/\/e.kosmolat.eu\/lt\/wp-json\/wp\/v2\/product"}],"about":[{"href":"https:\/\/e.kosmolat.eu\/lt\/wp-json\/wp\/v2\/types\/product"}],"wp:featuredmedia":[{"embeddable":true,"href":"https:\/\/e.kosmolat.eu\/lt\/wp-json\/wp\/v2\/media\/11865"}],"wp:attachment":[{"href":"https:\/\/e.kosmolat.eu\/lt\/wp-json\/wp\/v2\/media?parent=40291"}],"wp:term":[{"taxonomy":"product_cat","embeddable":true,"href":"https:\/\/e.kosmolat.eu\/lt\/wp-json\/wp\/v2\/product_cat?post=40291"},{"taxonomy":"product_tag","embeddable":true,"href":"https:\/\/e.kosmolat.eu\/lt\/wp-json\/wp\/v2\/product_tag?post=40291"}],"curies":[{"name":"wp","href":"https:\/\/api.w.org\/{rel}","templated":true}]}}