{"id":40287,"date":"2023-12-23T01:01:07","date_gmt":"2023-12-23T01:01:07","guid":{"rendered":"https:\/\/e.kosmolat.eu\/product\/elskin-aud-sej-maska-kokteilis-zalais-mikss-23-ml\/"},"modified":"2025-06-30T11:53:22","modified_gmt":"2025-06-30T11:53:22","slug":"i_elskin-aud-sej-maska-kokteilis-zalais-mikss-23-ml","status":"publish","type":"product","link":"https:\/\/e.kosmolat.eu\/lt\/produktas\/i_elskin-aud-sej-maska-kokteilis-zalais-mikss-23-ml\/","title":{"rendered":"I_EL&#8217;SKIN Lak\u0161tin\u0117 veido kauk\u0117-kokteilis \u201c\u017dalias  miksas\u201d, 1 vnt."},"content":{"rendered":"<p>\u017dalias miksas &nbsp;kauk\u0117-kokteilis tai SOS \u012frankis visoms progoms. Kauk\u0117 pad\u0117s atstatyti prarast\u0105 energij\u0105, pamaitins, sumink\u0161tins, dr\u0117kins ir papildys j\u016bs\u0173 odos vitamin\u0173 atsargas.<\/p>\n<ul>\n<li>Avokadai &ndash; maitina, mink\u0161tina ir saugo od\u0105 nuo dr\u0117gm\u0117s praradimo, tod\u0117l ji tampa \u0161velni ir elastinga, taip pat prisotina vitamin\u0173, suteikdama sveik\u0105 i\u0161vaizd\u0105.<\/li>\n<li>Brokoliai yra puikus DETOX komponentas, kuris stiprina nat\u016brali\u0105 odos funkcij\u0105, gerina odos elastingum\u0105 ir stangrum\u0105, reguliuoja riebal\u0173 gamyb\u0105, kovoja su spuogais.<\/li>\n<li>Kaliarop\u0117s &ndash; suteikia dr\u0117kinimo, ma\u017eina rieb\u0173 blizges\u012f, \u0161viesina pigmentacij\u0105, i\u0161lygina ton\u0105.<\/li>\n<li>Agurkai &#8211; gaivina ir mink\u0161tina od\u0105, ma\u017eina &nbsp;spuog\u0173 p\u0117dsakus, ma\u017eina paburkim\u0105, pasi\u017eymi stipriomis antioksidacin\u0117mis savyb\u0117mis.<\/li>\n<\/ul>\n<p><strong>Naudojimas: <\/strong>U\u017ed\u0117kite kauk\u0119 ant nuvalyto veido, palikite 15-20 minu\u010di\u0173, tada nuimkite. Likusi\u0105 aktyvaus serumo dal\u012f \u0161velniai \u012ftrinkite \u012f od\u0105 glostymo judesiais. Nenuplaukite.<\/p>\n<p><strong>Atsargumo priemon\u0117s: <\/strong>1) Venkite naudoti ant pa\u017eeistos, sudirgusios ir saul\u0117je nudegusios odos, nenaudokite spuogams gydyti. 2) Nenaudokite produkto, jei pasirei\u0161kia jautrumas bet kuriai formul\u0117s sudedamajai daliai. Jei naudojimo metu oda parausta arba sudirgsta, nutraukite naudojim\u0105 ir kreipkit\u0117s \u012f gydytoj\u0105.&nbsp;3) Venkite kontakto su aki\u0173 gleivine. Patekus, kruop\u0161\u010diai nuplaukite vandeniu. Tik i\u0161oriniam naudojimui. Nenuryti! Laikyti vaikams nepasiekiamoje vietoje, nuo 0&deg;C iki 25&deg;C temperat\u016broje. 4) Venkite tiesiogini\u0173 saul\u0117s spinduli\u0173.<\/p>\n<p><strong>Geriausias:<\/strong> 3 metai nuo pagaminimo datos.<br \/>\n&nbsp;<\/p>\n","protected":false},"excerpt":{"rendered":"<p>\u017dalias miksas &nbsp;kauk\u0117-kokteilis tai SOS \u012frankis visoms progoms. Kauk\u0117 pad\u0117s atstatyti prarast\u0105 energij\u0105, pamaitins, sumink\u0161tins, dr\u0117kins ir papildys j\u016bs\u0173 odos vitamin\u0173 atsargas. Avokadai &ndash; maitina, mink\u0161tina ir saugo od\u0105 nuo dr\u0117gm\u0117s praradimo, tod\u0117l ji tampa \u0161velni ir elastinga, taip pat prisotina vitamin\u0173, suteikdama sveik\u0105 i\u0161vaizd\u0105. Brokoliai yra puikus DETOX komponentas, kuris stiprina nat\u016brali\u0105 odos funkcij\u0105, [&#8230;]\n","protected":false},"featured_media":13001,"template":"","meta":[],"product_cat":[2181],"product_tag":[],"class_list":{"0":"post-40287","1":"product","2":"type-product","3":"status-publish","4":"has-post-thumbnail","6":"product_brand-skinlite-lt","7":"product_cat-bez-kategorijas-lt","9":"first","10":"outofstock","11":"taxable","12":"shipping-taxable","13":"product-type-simple"},"_links":{"self":[{"href":"https:\/\/e.kosmolat.eu\/lt\/wp-json\/wp\/v2\/product\/40287","targetHints":{"allow":["GET"]}}],"collection":[{"href":"https:\/\/e.kosmolat.eu\/lt\/wp-json\/wp\/v2\/product"}],"about":[{"href":"https:\/\/e.kosmolat.eu\/lt\/wp-json\/wp\/v2\/types\/product"}],"wp:featuredmedia":[{"embeddable":true,"href":"https:\/\/e.kosmolat.eu\/lt\/wp-json\/wp\/v2\/media\/13001"}],"wp:attachment":[{"href":"https:\/\/e.kosmolat.eu\/lt\/wp-json\/wp\/v2\/media?parent=40287"}],"wp:term":[{"taxonomy":"product_cat","embeddable":true,"href":"https:\/\/e.kosmolat.eu\/lt\/wp-json\/wp\/v2\/product_cat?post=40287"},{"taxonomy":"product_tag","embeddable":true,"href":"https:\/\/e.kosmolat.eu\/lt\/wp-json\/wp\/v2\/product_tag?post=40287"}],"curies":[{"name":"wp","href":"https:\/\/api.w.org\/{rel}","templated":true}]}}