{"id":40283,"date":"2023-12-23T01:00:39","date_gmt":"2023-12-23T01:00:39","guid":{"rendered":"https:\/\/e.kosmolat.eu\/product\/elskin-aud-sej-maska-kokteilis-violet-mikss-23-ml\/"},"modified":"2026-04-07T15:04:42","modified_gmt":"2026-04-07T15:04:42","slug":"elskin-aud-sej-maska-kokteilis-violet-mikss-23-ml","status":"publish","type":"product","link":"https:\/\/e.kosmolat.eu\/lt\/produktas\/elskin-aud-sej-maska-kokteilis-violet-mikss-23-ml\/","title":{"rendered":"EL&#8217;SKIN Lak\u0161tin\u0117 veido kauk\u0117-kokteilis \u201cVioletinis miksas\u201d, 1 vnt."},"content":{"rendered":"<p>Violetinis miksas &nbsp;kauk\u0117-kokteilis yra tikras i\u0161sigelb\u0117jimas megapoli\u0173 gyventojams! Stipriausias supermaisto kompleksas i\u0161gelb\u0117s J\u016bs\u0173 od\u0105 nuo kasdienio streso, akimirksniu pripildys j\u0105 vitaminais, suteiks energijos, akivaizd\u017eiai dr\u0117kins ir atjaunins od\u0105.<\/p>\n<ul>\n<li>M\u0117lyn\u0117s &ndash; reguliuoja odos vandens balans\u0105, tonizuoja ir gerina odos elastingum\u0105, saugo nuo sen\u0117jimo.<\/li>\n<li>Vynuog\u0117s &ndash; galingiausias nat\u016bralus antioksidantas ir sen\u0117jim\u0105 stabdantis faktorius, skatina l\u0105steli\u0173 regeneracij\u0105 ir kolageno sintez\u0119.<\/li>\n<li>Gervuog\u0117s &ndash; dr\u0117kina, mink\u0161tina, kovoja su u\u017edegimais, reguliuoja riebal\u0173 gamyb\u0105, daro od\u0105 lygi\u0105 ir matin\u0119.<\/li>\n<li>Acai &ndash; maitina, ma\u017eina lupim\u0105si, didina apsaugines odos funkcijas, stangrina..<\/li>\n<\/ul>\n<p><strong>Naudojimas:<\/strong> U\u017ed\u0117kite kauk\u0119 ant nuvalyto veido, palikite 15-20 minu\u010di\u0173, tada nuimkite. Likusi\u0105 aktyvaus serumo dal\u012f \u0161velniai \u012ftrinkite \u012f od\u0105 glostymo judesiais. Nenuplaukite.<\/p>\n<p><strong>Atsargumo priemon\u0117s: <\/strong>1) Venkite naudoti ant pa\u017eeistos, sudirgusios ir saul\u0117je nudegusios odos, nenaudokite spuogams gydyti. 2) Nenaudokite produkto, jei pasirei\u0161kia jautrumas bet kuriai formul\u0117s sudedamajai daliai. Jei naudojimo metu oda parausta arba sudirgsta, nutraukite naudojim\u0105 ir kreipkit\u0117s \u012f gydytoj\u0105.&nbsp;3) Venkite kontakto su aki\u0173 gleivine. Patekus, kruop\u0161\u010diai nuplaukite vandeniu. Tik i\u0161oriniam naudojimui. Nenuryti! Laikyti vaikams nepasiekiamoje vietoje, nuo 0&deg;C iki 25&deg;C temperat\u016broje. 4) Venkite tiesiogini\u0173 saul\u0117s spinduli\u0173.<\/p>\n<p><strong>Geriausias:<\/strong> 3 metai nuo pagaminimo datos.<br \/>\n&nbsp;<\/p>\n","protected":false},"excerpt":{"rendered":"<p>Violetinis miksas &nbsp;kauk\u0117-kokteilis yra tikras i\u0161sigelb\u0117jimas megapoli\u0173 gyventojams! Stipriausias supermaisto kompleksas i\u0161gelb\u0117s J\u016bs\u0173 od\u0105 nuo kasdienio streso, akimirksniu pripildys j\u0105 vitaminais, suteiks energijos, akivaizd\u017eiai dr\u0117kins ir atjaunins od\u0105. M\u0117lyn\u0117s &ndash; reguliuoja odos vandens balans\u0105, tonizuoja ir gerina odos elastingum\u0105, saugo nuo sen\u0117jimo. Vynuog\u0117s &ndash; galingiausias nat\u016bralus antioksidantas ir sen\u0117jim\u0105 stabdantis faktorius, skatina l\u0105steli\u0173 regeneracij\u0105 ir [&#8230;]\n","protected":false},"featured_media":98896,"template":"","meta":[],"product_cat":[1369],"product_tag":[],"class_list":{"0":"post-40283","1":"product","2":"type-product","3":"status-publish","4":"has-post-thumbnail","6":"product_brand-skinlite-lt","7":"product_cat-veido-kaukes","9":"first","10":"instock","11":"taxable","12":"shipping-taxable","13":"product-type-simple"},"_links":{"self":[{"href":"https:\/\/e.kosmolat.eu\/lt\/wp-json\/wp\/v2\/product\/40283","targetHints":{"allow":["GET"]}}],"collection":[{"href":"https:\/\/e.kosmolat.eu\/lt\/wp-json\/wp\/v2\/product"}],"about":[{"href":"https:\/\/e.kosmolat.eu\/lt\/wp-json\/wp\/v2\/types\/product"}],"wp:featuredmedia":[{"embeddable":true,"href":"https:\/\/e.kosmolat.eu\/lt\/wp-json\/wp\/v2\/media\/98896"}],"wp:attachment":[{"href":"https:\/\/e.kosmolat.eu\/lt\/wp-json\/wp\/v2\/media?parent=40283"}],"wp:term":[{"taxonomy":"product_cat","embeddable":true,"href":"https:\/\/e.kosmolat.eu\/lt\/wp-json\/wp\/v2\/product_cat?post=40283"},{"taxonomy":"product_tag","embeddable":true,"href":"https:\/\/e.kosmolat.eu\/lt\/wp-json\/wp\/v2\/product_tag?post=40283"}],"curies":[{"name":"wp","href":"https:\/\/api.w.org\/{rel}","templated":true}]}}