{"id":40279,"date":"2023-12-23T01:00:05","date_gmt":"2023-12-23T01:00:05","guid":{"rendered":"https:\/\/e.kosmolat.eu\/product\/elskin-aud-sej-maska-kokteilis-sark-mikss-23-ml\/"},"modified":"2025-06-30T11:52:48","modified_gmt":"2025-06-30T11:52:48","slug":"i_elskin-aud-sej-maska-kokteilis-sark-mikss-23-ml","status":"publish","type":"product","link":"https:\/\/e.kosmolat.eu\/lt\/produktas\/i_elskin-aud-sej-maska-kokteilis-sark-mikss-23-ml\/","title":{"rendered":"I_EL&#8217;SKIN Lak\u0161tin\u0117 veido kauk\u0117-kokteilis \u201cRaudonas miksas\u201d, 1 vnt."},"content":{"rendered":"<p>Kauk\u0117-kokteilis &bdquo;raudonas &nbsp;miksas&ldquo; &ndash; tai tikras j\u016bs\u0173 odos jaunyst\u0117s ir sveikatos eliksyras. Jis akimirksniu suteiks gaivumo poj\u016bt\u012f ir atkurs nat\u016brali\u0105, sveik\u0105 veido spalv\u0105, dr\u0117kins ir \u012fkraus od\u0105 energija ir sveikata.<\/p>\n<ul>\n<li>Granatai yra galingas antioksidantas, kuris efektyviai dr\u0117kina, lygina rauk\u0161les ir i\u0161lygina odos tekst\u016br\u0105, suteikdamas jai sveik\u0105, gra\u017ei\u0105 i\u0161vaizd\u0105.<\/li>\n<li>Bra\u0161k\u0117s &ndash; valo, kovoja su spuogais, sutraukia poras, pasi\u017eymi \u0161viesinamuoju poveikiu ir \u0161alina toksinus.<\/li>\n<li>Burok\u0117liai &ndash; pasi\u017eymi prie\u0161u\u017edegimin\u0117mis ir antioksidacin\u0117mis savyb\u0117mis, gausu vitamin\u0173 A, B, C, PP, maitina, neutralizuoja laisvuosius radikalus.<\/li>\n<li>Goji uogos &ndash; detoksikuoja ir atjaunina, lygina, mink\u0161tina, didina elastingum\u0105, ma\u017eina patinim\u0105 ir atkuria sveik\u0105 veido spalv\u0105.<\/li>\n<\/ul>\n<p><strong>Naudojimas:<\/strong> U\u017ed\u0117kite kauk\u0119 ant nuvalyto veido, palikite 15-20 minu\u010di\u0173, tada nuimkite. Likusi\u0105 aktyvaus serumo dal\u012f \u0161velniai \u012ftrinkite \u012f od\u0105 glostymo judesiais. Nenuplaukite.<\/p>\n<p><strong>Atsargumo priemon\u0117s: <\/strong>1) Venkite naudoti ant pa\u017eeistos, sudirgusios ir saul\u0117je nudegusios odos, nenaudokite spuogams gydyti. 2) Nenaudokite produkto, jei pasirei\u0161kia jautrumas bet kuriai formul\u0117s sudedamajai daliai. Jei naudojimo metu oda parausta arba sudirgsta, nutraukite naudojim\u0105 ir kreipkit\u0117s \u012f gydytoj\u0105.&nbsp;3) Venkite kontakto su aki\u0173 gleivine. Patekus, kruop\u0161\u010diai nuplaukite vandeniu. Tik i\u0161oriniam naudojimui. Nenuryti! Laikyti vaikams nepasiekiamoje vietoje, nuo 0&deg;C iki 25&deg;C temperat\u016broje.&nbsp;4) Venkite tiesiogini\u0173 saul\u0117s spinduli\u0173.<\/p>\n<p><strong>Geriausias: <\/strong>3 metai nuo pagaminimo datos.<br \/>\n&nbsp;<\/p>\n","protected":false},"excerpt":{"rendered":"<p>Kauk\u0117-kokteilis &bdquo;raudonas &nbsp;miksas&ldquo; &ndash; tai tikras j\u016bs\u0173 odos jaunyst\u0117s ir sveikatos eliksyras. Jis akimirksniu suteiks gaivumo poj\u016bt\u012f ir atkurs nat\u016brali\u0105, sveik\u0105 veido spalv\u0105, dr\u0117kins ir \u012fkraus od\u0105 energija ir sveikata. Granatai yra galingas antioksidantas, kuris efektyviai dr\u0117kina, lygina rauk\u0161les ir i\u0161lygina odos tekst\u016br\u0105, suteikdamas jai sveik\u0105, gra\u017ei\u0105 i\u0161vaizd\u0105. Bra\u0161k\u0117s &ndash; valo, kovoja su spuogais, sutraukia [&#8230;]\n","protected":false},"featured_media":11849,"template":"","meta":[],"product_cat":[2181],"product_tag":[],"class_list":{"0":"post-40279","1":"product","2":"type-product","3":"status-publish","4":"has-post-thumbnail","6":"product_brand-skinlite-lt","7":"product_cat-bez-kategorijas-lt","9":"first","10":"outofstock","11":"taxable","12":"shipping-taxable","13":"product-type-simple"},"_links":{"self":[{"href":"https:\/\/e.kosmolat.eu\/lt\/wp-json\/wp\/v2\/product\/40279","targetHints":{"allow":["GET"]}}],"collection":[{"href":"https:\/\/e.kosmolat.eu\/lt\/wp-json\/wp\/v2\/product"}],"about":[{"href":"https:\/\/e.kosmolat.eu\/lt\/wp-json\/wp\/v2\/types\/product"}],"wp:featuredmedia":[{"embeddable":true,"href":"https:\/\/e.kosmolat.eu\/lt\/wp-json\/wp\/v2\/media\/11849"}],"wp:attachment":[{"href":"https:\/\/e.kosmolat.eu\/lt\/wp-json\/wp\/v2\/media?parent=40279"}],"wp:term":[{"taxonomy":"product_cat","embeddable":true,"href":"https:\/\/e.kosmolat.eu\/lt\/wp-json\/wp\/v2\/product_cat?post=40279"},{"taxonomy":"product_tag","embeddable":true,"href":"https:\/\/e.kosmolat.eu\/lt\/wp-json\/wp\/v2\/product_tag?post=40279"}],"curies":[{"name":"wp","href":"https:\/\/api.w.org\/{rel}","templated":true}]}}