{"id":40275,"date":"2023-12-23T00:59:28","date_gmt":"2023-12-23T00:59:28","guid":{"rendered":"https:\/\/e.kosmolat.eu\/product\/elskin-aud-sej-maska-kokteilis-oranz-mikss-23-ml\/"},"modified":"2025-06-30T11:52:29","modified_gmt":"2025-06-30T11:52:29","slug":"i_elskin-aud-sej-maska-kokteilis-oranz-mikss-23-ml","status":"publish","type":"product","link":"https:\/\/e.kosmolat.eu\/lt\/produktas\/i_elskin-aud-sej-maska-kokteilis-oranz-mikss-23-ml\/","title":{"rendered":"I_EL&#8217;SKIN Lak\u0161tin\u0117 veido kauk\u0117-kokteilis \u201cOran\u017einis miksas\u201d, 1 vnt."},"content":{"rendered":"<p>Oran\u017einis miksas &nbsp;kauk\u0117-kokteilis per kelias minutes prisotins j\u016bs\u0173 od\u0105 vertingiausiomis maistin\u0117mis riebiosiomis aminor\u016bg\u0161timis, mineralais, vitaminais ir antioksidantais, efektyviai pa\u0161alins sen\u0117jimo ir nuovargio po\u017eymius.<\/p>\n<ul>\n<li>Abrikosai &ndash; maitina, mink\u0161tina ir valo od\u0105, daro j\u0105 aksomin\u0119, gerina stangrum\u0105 ir elastingum\u0105.<\/li>\n<li>&Scaron;altalankiai &ndash; ramina, ma\u017eina \u0161erpetojim\u0105, i\u0161lygina veido reljef\u0105, papildo vitamin\u0173 ir mikroelement\u0173 atsargas, prisotina antioksidant\u0173.<\/li>\n<li>Morkos &ndash; jaunina, tonizuoja, kovoja su laisvaisiais radikalais, stiprina apsaugin\u0119 odos funkcij\u0105, suteikia sveiko \u0161vyt\u0117jimo.<\/li>\n<li>Moli\u016bgai &ndash; kovoja su sausa ir bly\u0161kia oda, ma\u017eina pigmentacij\u0105, pasi\u017eymi baktericidin\u0117mis ir prie\u0161u\u017edegimin\u0117mis savyb\u0117mis.<\/li>\n<\/ul>\n<p><strong>Naudojimas: <\/strong>U\u017ed\u0117kite kauk\u0119 ant nuvalyto veido, palikite 15-20 minu\u010di\u0173, tada nuimkite. Likusi\u0105 aktyvaus serumo dal\u012f \u0161velniai \u012ftrinkite \u012f od\u0105 glostymo judesiais. Nenuplaukite.<\/p>\n<p><strong>Atsargumo priemon\u0117s: <\/strong>1) Venkite naudoti ant pa\u017eeistos, sudirgusios ir saul\u0117je nudegusios odos, nenaudokite spuogams gydyti. 2) Nenaudokite produkto, jei pasirei\u0161kia jautrumas bet kuriai formul\u0117s sudedamajai daliai. Jei naudojimo metu oda parausta arba sudirgsta, nutraukite naudojim\u0105 ir kreipkit\u0117s \u012f gydytoj\u0105.&nbsp;3) Venkite kontakto su aki\u0173 gleivine. Patekus, kruop\u0161\u010diai nuplaukite vandeniu. Tik i\u0161oriniam naudojimui. Nenuryti! Laikyti vaikams nepasiekiamoje vietoje, nuo 0&deg;C iki 25&deg;C temperat\u016broje. 4) Venkite tiesiogini\u0173 saul\u0117s spinduli\u0173.<\/p>\n<p><strong>Geriausias: <\/strong>3 metai nuo pagaminimo datos.<br \/>\n&nbsp;<\/p>\n","protected":false},"excerpt":{"rendered":"<p>Oran\u017einis miksas &nbsp;kauk\u0117-kokteilis per kelias minutes prisotins j\u016bs\u0173 od\u0105 vertingiausiomis maistin\u0117mis riebiosiomis aminor\u016bg\u0161timis, mineralais, vitaminais ir antioksidantais, efektyviai pa\u0161alins sen\u0117jimo ir nuovargio po\u017eymius. Abrikosai &ndash; maitina, mink\u0161tina ir valo od\u0105, daro j\u0105 aksomin\u0119, gerina stangrum\u0105 ir elastingum\u0105. &Scaron;altalankiai &ndash; ramina, ma\u017eina \u0161erpetojim\u0105, i\u0161lygina veido reljef\u0105, papildo vitamin\u0173 ir mikroelement\u0173 atsargas, prisotina antioksidant\u0173. Morkos &ndash; jaunina, [&#8230;]\n","protected":false},"featured_media":11841,"template":"","meta":[],"product_cat":[2181],"product_tag":[],"class_list":{"0":"post-40275","1":"product","2":"type-product","3":"status-publish","4":"has-post-thumbnail","6":"product_brand-skinlite-lt","7":"product_cat-bez-kategorijas-lt","9":"first","10":"outofstock","11":"taxable","12":"shipping-taxable","13":"product-type-simple"},"_links":{"self":[{"href":"https:\/\/e.kosmolat.eu\/lt\/wp-json\/wp\/v2\/product\/40275","targetHints":{"allow":["GET"]}}],"collection":[{"href":"https:\/\/e.kosmolat.eu\/lt\/wp-json\/wp\/v2\/product"}],"about":[{"href":"https:\/\/e.kosmolat.eu\/lt\/wp-json\/wp\/v2\/types\/product"}],"wp:featuredmedia":[{"embeddable":true,"href":"https:\/\/e.kosmolat.eu\/lt\/wp-json\/wp\/v2\/media\/11841"}],"wp:attachment":[{"href":"https:\/\/e.kosmolat.eu\/lt\/wp-json\/wp\/v2\/media?parent=40275"}],"wp:term":[{"taxonomy":"product_cat","embeddable":true,"href":"https:\/\/e.kosmolat.eu\/lt\/wp-json\/wp\/v2\/product_cat?post=40275"},{"taxonomy":"product_tag","embeddable":true,"href":"https:\/\/e.kosmolat.eu\/lt\/wp-json\/wp\/v2\/product_tag?post=40275"}],"curies":[{"name":"wp","href":"https:\/\/api.w.org\/{rel}","templated":true}]}}