{"id":40271,"date":"2023-12-23T00:59:00","date_gmt":"2023-12-23T00:59:00","guid":{"rendered":"https:\/\/e.kosmolat.eu\/product\/elskin-aud-sej-maska-kokteilis-dzelten-mikss-23-ml\/"},"modified":"2025-06-30T11:52:12","modified_gmt":"2025-06-30T11:52:12","slug":"i_elskin-aud-sej-maska-kokteilis-dzelten-mikss-23-ml","status":"publish","type":"product","link":"https:\/\/e.kosmolat.eu\/lt\/produktas\/i_elskin-aud-sej-maska-kokteilis-dzelten-mikss-23-ml\/","title":{"rendered":"I_EL&#8217;SKIN Lak\u0161tin\u0117 veido kauk\u0117-kokteilis \u201cGeltonas miksas\u201d, 1 vnt."},"content":{"rendered":"<p>Geltonas &nbsp;miksas &nbsp;kokteilis kauk\u0117 yra tikra vitamin\u0173 ir mineral\u0173 gausa j\u016bs\u0173 odai. Priemon\u0117 \u0161velniai nuvalys, i\u0161lygins veido spalv\u0105, pripildys j\u0105 vitaminais ir sugr\u0105\u017eins gyvybingum\u0105 bei gro\u017e\u012f!<\/p>\n<ul>\n<li>Citrina &ndash; \u0161viesina, gaivina, lygina rauk\u0161les, prie\u0161inasi laisviesiems radikalams, padeda kovoti su po spuogais ir su am\u017eiumi susijusiais poky\u010diais, suteikia odai ry\u0161kumo ir spindesio.<\/li>\n<li>Ananasai &ndash; tonizuoja ir stiprina od\u0105, dr\u0117kina ir maitina j\u0105, normalizuoja riebalini\u0173 liauk\u0173 veikl\u0105, pasi\u017eymi \u0161velniu \u0161vei\u010diamuoju ir \u0161viesinamuoju poveikiu.<\/li>\n<li>Mangai &ndash; saugo nuo neigiamo ultravioletini\u0173 spinduli\u0173 poveikio, jaunina, maitina, skatina l\u0105steli\u0173 regeneracij\u0105 ir atsinaujinim\u0105.<\/li>\n<li>Papajos &#8211; atnaujina vir\u0161utin\u012f odos sluoksn\u012f, pagerina jos tonus\u0105, sutraukia poras, \u0161alina hiperpigmentacij\u0105, aktyvina nuosavo kolageno gamyb\u0105<\/li>\n<\/ul>\n<p><strong>Naudojimas: <\/strong>U\u017ed\u0117kite kauk\u0119 ant nuvalyto veido, palikite 15-20 minu\u010di\u0173, tada nuimkite. Likusi\u0105 aktyvaus serumo dal\u012f \u0161velniai \u012ftrinkite \u012f od\u0105 glostymo judesiais. Nenuplaukite.<\/p>\n<p><strong>Atsargumo priemon\u0117s: <\/strong>1) Venkite naudoti ant pa\u017eeistos, sudirgusios ir saul\u0117je nudegusios odos, nenaudokite spuogams gydyti. 2) Nenaudokite produkto, jei pasirei\u0161kia jautrumas bet kuriai formul\u0117s sudedamajai daliai. Jei naudojimo metu oda parausta arba sudirgsta, nutraukite naudojim\u0105 ir kreipkit\u0117s \u012f gydytoj\u0105.&nbsp;3) Venkite kontakto su aki\u0173 gleivine. Patekus, kruop\u0161\u010diai nuplaukite vandeniu. Tik i\u0161oriniam naudojimui. Nenuryti! Laikyti vaikams nepasiekiamoje vietoje, nuo 0&deg;C iki 25&deg;C temperat\u016broje. 4) Venkite tiesiogini\u0173 saul\u0117s spinduli\u0173.<\/p>\n<p><strong>Geriausias:<\/strong> 3 metai nuo pagaminimo datos.<br \/>\n&nbsp;<\/p>\n","protected":false},"excerpt":{"rendered":"<p>Geltonas &nbsp;miksas &nbsp;kokteilis kauk\u0117 yra tikra vitamin\u0173 ir mineral\u0173 gausa j\u016bs\u0173 odai. Priemon\u0117 \u0161velniai nuvalys, i\u0161lygins veido spalv\u0105, pripildys j\u0105 vitaminais ir sugr\u0105\u017eins gyvybingum\u0105 bei gro\u017e\u012f! Citrina &ndash; \u0161viesina, gaivina, lygina rauk\u0161les, prie\u0161inasi laisviesiems radikalams, padeda kovoti su po spuogais ir su am\u017eiumi susijusiais poky\u010diais, suteikia odai ry\u0161kumo ir spindesio. Ananasai &ndash; tonizuoja ir stiprina [&#8230;]\n","protected":false},"featured_media":11833,"template":"","meta":[],"product_cat":[2181],"product_tag":[],"class_list":{"0":"post-40271","1":"product","2":"type-product","3":"status-publish","4":"has-post-thumbnail","6":"product_brand-skinlite-lt","7":"product_cat-bez-kategorijas-lt","9":"first","10":"outofstock","11":"taxable","12":"shipping-taxable","13":"product-type-simple"},"_links":{"self":[{"href":"https:\/\/e.kosmolat.eu\/lt\/wp-json\/wp\/v2\/product\/40271","targetHints":{"allow":["GET"]}}],"collection":[{"href":"https:\/\/e.kosmolat.eu\/lt\/wp-json\/wp\/v2\/product"}],"about":[{"href":"https:\/\/e.kosmolat.eu\/lt\/wp-json\/wp\/v2\/types\/product"}],"wp:featuredmedia":[{"embeddable":true,"href":"https:\/\/e.kosmolat.eu\/lt\/wp-json\/wp\/v2\/media\/11833"}],"wp:attachment":[{"href":"https:\/\/e.kosmolat.eu\/lt\/wp-json\/wp\/v2\/media?parent=40271"}],"wp:term":[{"taxonomy":"product_cat","embeddable":true,"href":"https:\/\/e.kosmolat.eu\/lt\/wp-json\/wp\/v2\/product_cat?post=40271"},{"taxonomy":"product_tag","embeddable":true,"href":"https:\/\/e.kosmolat.eu\/lt\/wp-json\/wp\/v2\/product_tag?post=40271"}],"curies":[{"name":"wp","href":"https:\/\/api.w.org\/{rel}","templated":true}]}}