{"id":40267,"date":"2023-12-23T00:58:30","date_gmt":"2023-12-23T00:58:30","guid":{"rendered":"https:\/\/e.kosmolat.eu\/product\/elskin-sej-maska-sufle-medus-10-g\/"},"modified":"2025-06-30T11:51:52","modified_gmt":"2025-06-30T11:51:52","slug":"i_elskin-sej-maska-sufle-medus-10-g","status":"publish","type":"product","link":"https:\/\/e.kosmolat.eu\/lt\/produktas\/i_elskin-sej-maska-sufle-medus-10-g\/","title":{"rendered":"I_EL&#8217;SKIN Kauk\u0117-sufl\u0117 \u201cMedus\u201d, 1 vnt."},"content":{"rendered":"<p>Sufl\u0117 kauk\u0117 skirta pri\u017ei\u016br\u0117ti pavargusi\u0105 od\u0105, gerina jos tonus\u0105 ir suteikia \u017evalumo, padeda i\u0161laikyti gro\u017e\u012f ir prat\u0119sti jaunyst\u0119. Medaus ekstrakte yra organini\u0173 r\u016bg\u0161\u010di\u0173 ir antioksidant\u0173, kurie skatina l\u0105steli\u0173 atsinaujinim\u0105, pagreitina odos atsistatymo procesus, tonizuoja ir l\u0117tina jos sen\u0117jim\u0105. Taip pat medus pasi\u017eymi stipriomis antibakterin\u0117mis savyb\u0117mis, naikina \u0161erpetojim\u0105, reguliuoja riebal\u0173 sekrecij\u0105 ir valo poras. Kakavos ekstraktas maitina l\u0105steles dr\u0117gme, atkuria ir jaunina od\u0105, kovoja su u\u017edegimais, tonizuoja. Hialurono r\u016bg\u0161tis puikiai palaiko odos dr\u0117gm\u0117s lyg\u012f.<\/p>\n<p><strong>Naudojimas: <\/strong>Atidarykite pakuot\u0119. U\u017etepkite kauk\u0119 ant nuvalyto veido, vengdami srities aplink akis ir l\u016bpas. &Scaron;velniai masa\u017euokite 2-3 minutes, palikite kauk\u0119 dar 5-10 minu\u010di\u0173, tada nuplaukite \u0161iltu vandeniu arba palikite per nakt\u012f.<\/p>\n<p><strong>Atsargumo priemon\u0117s:<\/strong> 1) Venkite naudoti ant pa\u017eeistos, sudirgusios ir saul\u0117je nudegusios odos, nenaudokite spuogams gydyti. 2) Nenaudokite produkto, jei pasirei\u0161kia jautrumas bet kuriai formul\u0117s sudedamajai daliai. Jei naudojimo metu oda parausta arba sudirgsta, nutraukite naudojim\u0105 ir kreipkit\u0117s \u012f gydytoj\u0105.&nbsp;3) Venkite kontakto su aki\u0173 gleivine. Patekus, kruop\u0161\u010diai nuplaukite vandeniu. Tik i\u0161oriniam naudojimui. Nenuryti! Laikyti vaikams nepasiekiamoje vietoje, nuo 0&deg;C iki 25&deg;C temperat\u016broje. 4) Venkite tiesiogini\u0173 saul\u0117s spinduli\u0173.<\/p>\n<p><strong>Geriausias: <\/strong>3 metai nuo pagaminimo datos.<br \/>\n&nbsp;<\/p>\n","protected":false},"excerpt":{"rendered":"<p>Sufl\u0117 kauk\u0117 skirta pri\u017ei\u016br\u0117ti pavargusi\u0105 od\u0105, gerina jos tonus\u0105 ir suteikia \u017evalumo, padeda i\u0161laikyti gro\u017e\u012f ir prat\u0119sti jaunyst\u0119. Medaus ekstrakte yra organini\u0173 r\u016bg\u0161\u010di\u0173 ir antioksidant\u0173, kurie skatina l\u0105steli\u0173 atsinaujinim\u0105, pagreitina odos atsistatymo procesus, tonizuoja ir l\u0117tina jos sen\u0117jim\u0105. Taip pat medus pasi\u017eymi stipriomis antibakterin\u0117mis savyb\u0117mis, naikina \u0161erpetojim\u0105, reguliuoja riebal\u0173 sekrecij\u0105 ir valo poras. Kakavos ekstraktas [&#8230;]\n","protected":false},"featured_media":12993,"template":"","meta":[],"product_cat":[2181],"product_tag":[],"class_list":{"0":"post-40267","1":"product","2":"type-product","3":"status-publish","4":"has-post-thumbnail","6":"product_brand-skinlite-lt","7":"product_cat-bez-kategorijas-lt","9":"first","10":"outofstock","11":"taxable","12":"shipping-taxable","13":"product-type-simple"},"_links":{"self":[{"href":"https:\/\/e.kosmolat.eu\/lt\/wp-json\/wp\/v2\/product\/40267","targetHints":{"allow":["GET"]}}],"collection":[{"href":"https:\/\/e.kosmolat.eu\/lt\/wp-json\/wp\/v2\/product"}],"about":[{"href":"https:\/\/e.kosmolat.eu\/lt\/wp-json\/wp\/v2\/types\/product"}],"wp:featuredmedia":[{"embeddable":true,"href":"https:\/\/e.kosmolat.eu\/lt\/wp-json\/wp\/v2\/media\/12993"}],"wp:attachment":[{"href":"https:\/\/e.kosmolat.eu\/lt\/wp-json\/wp\/v2\/media?parent=40267"}],"wp:term":[{"taxonomy":"product_cat","embeddable":true,"href":"https:\/\/e.kosmolat.eu\/lt\/wp-json\/wp\/v2\/product_cat?post=40267"},{"taxonomy":"product_tag","embeddable":true,"href":"https:\/\/e.kosmolat.eu\/lt\/wp-json\/wp\/v2\/product_tag?post=40267"}],"curies":[{"name":"wp","href":"https:\/\/api.w.org\/{rel}","templated":true}]}}