{"id":40263,"date":"2023-12-23T00:58:00","date_gmt":"2023-12-23T00:58:00","guid":{"rendered":"https:\/\/e.kosmolat.eu\/product\/elskin-sej-burbulmaska-brokoli-10-g\/"},"modified":"2025-06-30T11:51:31","modified_gmt":"2025-06-30T11:51:31","slug":"i_elskin-sej-burbulmaska-brokoli-10-g","status":"publish","type":"product","link":"https:\/\/e.kosmolat.eu\/lt\/produktas\/i_elskin-sej-burbulmaska-brokoli-10-g\/","title":{"rendered":"I_EL&#8217;SKIN Burbulin\u0117 kauk\u0117 \u201eBrokolis\u201c 1 vnt."},"content":{"rendered":"<p>Burbulin\u0117 kauk\u0117 puikiai valo veido od\u0105, pa\u0161alina negyvas l\u0105steles, palengvindama l\u0105steli\u0173 kv\u0117pavim\u0105, sutraukia poras, i\u0161lygina tonus\u0105 ir gaivina veido spalv\u0105. Patekus ant odos ir s\u0105veikaujant su deguonimi, kauk\u0117 pradeda burbuliuoti, sudarydama putas. Ma\u017ei burbuliukai gali prasiskverbti giliai \u012f poras, jas i\u0161valydami ir pa\u0161alindami ne\u0161varumus bei ink\u0161tirus. Brokoli\u0173 ekstraktas &ndash; puikus DETOX komponentas, subalansuojantis riebal\u0173 gamyb\u0105, kovojantis su spuogais, stiprinantis nat\u016brali\u0105 odos funkcij\u0105, apsaugantis nuo neigiam\u0173 aplinkos veiksni\u0173, gerinantis odos elastingum\u0105 ir stangrum\u0105, gr\u0105\u017einantis jai spindes\u012f. Kaolinas puikiai valo od\u0105, ma\u017eina riebalini\u0173 liauk\u0173 veikl\u0105, sutraukia poras, gerina kraujo mikrocirkuliacij\u0105, \u0161velniai nu\u0161vei\u010dia negyvas odos l\u0105steles.<\/p>\n<p><strong>Naudojimas: <\/strong>pakuot\u0119 minkykite pir\u0161tais. U\u017etepkite kauk\u0119 ant veido lygiu plonu sluoksniu, palikite 5-7 minutes, tada masa\u017euokite 1 minut\u0119 ir nuplaukite v\u0117siu\/\u0161iltu vandeniu.&nbsp;*Naudoti 2-3 kartus per savait\u0119 arba pagal poreik\u012f.<\/p>\n<p><strong>Atsargumo priemon\u0117s: <\/strong>1) Venkite naudoti ant pa\u017eeistos, sudirgusios ir saul\u0117je nudegusios odos, nenaudokite spuogams gydyti. 2) Nenaudokite produkto, jei pasirei\u0161kia jautrumas bet kuriai formul\u0117s sudedamajai daliai. Jei naudojimo metu oda parausta arba sudirgsta, nutraukite naudojim\u0105 ir kreipkit\u0117s \u012f gydytoj\u0105.&nbsp;3) Venkite kontakto su aki\u0173 gleivine. Patekus, kruop\u0161\u010diai nuplaukite vandeniu. Tik i\u0161oriniam naudojimui. Nenuryti! Laikyti vaikams nepasiekiamoje vietoje, nuo 0&deg;C iki 25&deg;C temperat\u016broje. 4) Venkite tiesiogini\u0173 saul\u0117s spinduli\u0173.<\/p>\n<p><strong>Geriausias:<\/strong> 3 metai nuo pagaminimo datos.<br \/>\n&nbsp;<\/p>\n","protected":false},"excerpt":{"rendered":"<p>Burbulin\u0117 kauk\u0117 puikiai valo veido od\u0105, pa\u0161alina negyvas l\u0105steles, palengvindama l\u0105steli\u0173 kv\u0117pavim\u0105, sutraukia poras, i\u0161lygina tonus\u0105 ir gaivina veido spalv\u0105. Patekus ant odos ir s\u0105veikaujant su deguonimi, kauk\u0117 pradeda burbuliuoti, sudarydama putas. Ma\u017ei burbuliukai gali prasiskverbti giliai \u012f poras, jas i\u0161valydami ir pa\u0161alindami ne\u0161varumus bei ink\u0161tirus. Brokoli\u0173 ekstraktas &ndash; puikus DETOX komponentas, subalansuojantis riebal\u0173 gamyb\u0105, [&#8230;]\n","protected":false},"featured_media":12985,"template":"","meta":[],"product_cat":[2181],"product_tag":[],"class_list":{"0":"post-40263","1":"product","2":"type-product","3":"status-publish","4":"has-post-thumbnail","6":"product_brand-skinlite-lt","7":"product_cat-bez-kategorijas-lt","9":"first","10":"outofstock","11":"taxable","12":"shipping-taxable","13":"product-type-simple"},"_links":{"self":[{"href":"https:\/\/e.kosmolat.eu\/lt\/wp-json\/wp\/v2\/product\/40263","targetHints":{"allow":["GET"]}}],"collection":[{"href":"https:\/\/e.kosmolat.eu\/lt\/wp-json\/wp\/v2\/product"}],"about":[{"href":"https:\/\/e.kosmolat.eu\/lt\/wp-json\/wp\/v2\/types\/product"}],"wp:featuredmedia":[{"embeddable":true,"href":"https:\/\/e.kosmolat.eu\/lt\/wp-json\/wp\/v2\/media\/12985"}],"wp:attachment":[{"href":"https:\/\/e.kosmolat.eu\/lt\/wp-json\/wp\/v2\/media?parent=40263"}],"wp:term":[{"taxonomy":"product_cat","embeddable":true,"href":"https:\/\/e.kosmolat.eu\/lt\/wp-json\/wp\/v2\/product_cat?post=40263"},{"taxonomy":"product_tag","embeddable":true,"href":"https:\/\/e.kosmolat.eu\/lt\/wp-json\/wp\/v2\/product_tag?post=40263"}],"curies":[{"name":"wp","href":"https:\/\/api.w.org\/{rel}","templated":true}]}}