{"id":40251,"date":"2023-12-23T00:56:53","date_gmt":"2023-12-23T00:56:53","guid":{"rendered":"https:\/\/e.kosmolat.eu\/product\/sh-roku-krems-visai-gimenei-200-ml\/"},"modified":"2025-08-20T13:02:39","modified_gmt":"2025-08-20T13:02:39","slug":"sh-roku-krems-visai-gimenei-200-ml","status":"publish","type":"product","link":"https:\/\/e.kosmolat.eu\/lt\/produktas\/sh-roku-krems-visai-gimenei-200-ml\/","title":{"rendered":"SILKY HANDS Rank\u0173 kremas Visai \u0161eimai, 200 ml"},"content":{"rendered":"<p>&Scaron;velni hipoalergin\u0117 kremo formul\u0117 sukurta specialiai kasdienei rank\u0173 odos prie\u017ei\u016brai. D\u0117l lengvos tekst\u016bros kremas greitai susigeria, o ry\u0161kaus kvapo ir da\u017eikli\u0173 nebuvimas u\u017etikrina patog\u0173 naudojim\u0105 visai \u0161eimai. Tinka k\u016bdiki\u0173 odai. Silk Oil Elixir formul\u0117 sustiprina kremo poveik\u012f. Mikroaliejai atnaujina odos l\u0105steles ir kartu su \u0161ilko baltymais daro j\u0105 mink\u0161t\u0105 ir \u0161velni\u0105.<\/p>\n<p><strong>Naudojimas: <\/strong>tepkite krem\u0105 ant \u0161varios, sausos odos lengvais masa\u017euojamaisiais judesiais. Rekomenduojama naudoti vaikams nuo 4 met\u0173. Esant padid\u0117jusiam odos jautrumui, atlikite individualaus netoleravimo test\u0105: nedidel\u012f kiek\u012f priemon\u0117s u\u017etepkite ant vidin\u0117s alk\u016bn\u0117s pus\u0117s, tolygiai paskirstykite. Jei per 24 valandas nepastebite sudirgimo, naudokite kaip nurodyta.<\/p>\n<p>Laikyti nuo 0&deg;C iki +25&deg;C temperat\u016broje.<\/p>\n<p><strong>Galiojimo laikas: <\/strong>36 m\u0117nesiai nuo pagaminimo datos.<br \/>\n&nbsp;<\/p>\n","protected":false},"excerpt":{"rendered":"<p>&Scaron;velni hipoalergin\u0117 kremo formul\u0117 sukurta specialiai kasdienei rank\u0173 odos prie\u017ei\u016brai. D\u0117l lengvos tekst\u016bros kremas greitai susigeria, o ry\u0161kaus kvapo ir da\u017eikli\u0173 nebuvimas u\u017etikrina patog\u0173 naudojim\u0105 visai \u0161eimai. Tinka k\u016bdiki\u0173 odai. Silk Oil Elixir formul\u0117 sustiprina kremo poveik\u012f. Mikroaliejai atnaujina odos l\u0105steles ir kartu su \u0161ilko baltymais daro j\u0105 mink\u0161t\u0105 ir \u0161velni\u0105. Naudojimas: tepkite krem\u0105 ant [&#8230;]\n","protected":false},"featured_media":12961,"template":"","meta":[],"product_cat":[1304],"product_tag":[],"class_list":{"0":"post-40251","1":"product","2":"type-product","3":"status-publish","4":"has-post-thumbnail","6":"product_brand-unilever-ua-lt","7":"product_cat-ranku-prieziuros-kosmetika","9":"first","10":"outofstock","11":"taxable","12":"shipping-taxable","13":"product-type-simple"},"_links":{"self":[{"href":"https:\/\/e.kosmolat.eu\/lt\/wp-json\/wp\/v2\/product\/40251","targetHints":{"allow":["GET"]}}],"collection":[{"href":"https:\/\/e.kosmolat.eu\/lt\/wp-json\/wp\/v2\/product"}],"about":[{"href":"https:\/\/e.kosmolat.eu\/lt\/wp-json\/wp\/v2\/types\/product"}],"wp:featuredmedia":[{"embeddable":true,"href":"https:\/\/e.kosmolat.eu\/lt\/wp-json\/wp\/v2\/media\/12961"}],"wp:attachment":[{"href":"https:\/\/e.kosmolat.eu\/lt\/wp-json\/wp\/v2\/media?parent=40251"}],"wp:term":[{"taxonomy":"product_cat","embeddable":true,"href":"https:\/\/e.kosmolat.eu\/lt\/wp-json\/wp\/v2\/product_cat?post=40251"},{"taxonomy":"product_tag","embeddable":true,"href":"https:\/\/e.kosmolat.eu\/lt\/wp-json\/wp\/v2\/product_tag?post=40251"}],"curies":[{"name":"wp","href":"https:\/\/api.w.org\/{rel}","templated":true}]}}