{"id":40243,"date":"2023-12-23T00:56:10","date_gmt":"2023-12-23T00:56:10","guid":{"rendered":"https:\/\/e.kosmolat.eu\/product\/deba-roku-balzams-natural-beauty-retinol-q10-75-ml\/"},"modified":"2026-04-22T09:31:11","modified_gmt":"2026-04-22T09:31:11","slug":"deba-roku-balzams-natural-beauty-retinol-q10-75-ml","status":"publish","type":"product","link":"https:\/\/e.kosmolat.eu\/lt\/produktas\/deba-roku-balzams-natural-beauty-retinol-q10-75-ml\/","title":{"rendered":"DeBa NATURAL BEAUTY Balzamas rankoms ir nagams su kofermentu Q10 ir retinoliu, 75 ml"},"content":{"rendered":"<p>Dr\u0117kina ir maitina rank\u0173 od\u0105. Praturtintas organiniu kofermentu Q10 ir retinoliu, siekiant suma\u017einti matomus sen\u0117jimo po\u017eymius. Kasdienis naudojimas padeda pa\u0161alinti nepageidaujamus nuovargio padarinius. Rank\u0173 oda gaivi ir \u0161vytinti.<\/p>\n<p><strong>Naudojimas:<\/strong> Tepkite balzam\u0105 ant \u0161vari\u0173 ir saus\u0173 rank\u0173. &Scaron;velniai \u012ftrinkite \u012f rank\u0173 ir nag\u0173 od\u0105, kol visi\u0161kai \u012fsigers.<br \/>\n&nbsp;<\/p>\n","protected":false},"excerpt":{"rendered":"<p>Dr\u0117kina ir maitina rank\u0173 od\u0105. Praturtintas organiniu kofermentu Q10 ir retinoliu, siekiant suma\u017einti matomus sen\u0117jimo po\u017eymius. Kasdienis naudojimas padeda pa\u0161alinti nepageidaujamus nuovargio padarinius. Rank\u0173 oda gaivi ir \u0161vytinti. Naudojimas: Tepkite balzam\u0105 ant \u0161vari\u0173 ir saus\u0173 rank\u0173. &Scaron;velniai \u012ftrinkite \u012f rank\u0173 ir nag\u0173 od\u0105, kol visi\u0161kai \u012fsigers. &nbsp;<\/p>\n","protected":false},"featured_media":100500,"template":"","meta":[],"product_cat":[2181],"product_tag":[],"class_list":{"0":"post-40243","1":"product","2":"type-product","3":"status-publish","4":"has-post-thumbnail","6":"product_brand-rubella-bg-lt","7":"product_cat-bez-kategorijas-lt","9":"first","10":"instock","11":"taxable","12":"shipping-taxable","13":"product-type-simple"},"_links":{"self":[{"href":"https:\/\/e.kosmolat.eu\/lt\/wp-json\/wp\/v2\/product\/40243","targetHints":{"allow":["GET"]}}],"collection":[{"href":"https:\/\/e.kosmolat.eu\/lt\/wp-json\/wp\/v2\/product"}],"about":[{"href":"https:\/\/e.kosmolat.eu\/lt\/wp-json\/wp\/v2\/types\/product"}],"wp:featuredmedia":[{"embeddable":true,"href":"https:\/\/e.kosmolat.eu\/lt\/wp-json\/wp\/v2\/media\/100500"}],"wp:attachment":[{"href":"https:\/\/e.kosmolat.eu\/lt\/wp-json\/wp\/v2\/media?parent=40243"}],"wp:term":[{"taxonomy":"product_cat","embeddable":true,"href":"https:\/\/e.kosmolat.eu\/lt\/wp-json\/wp\/v2\/product_cat?post=40243"},{"taxonomy":"product_tag","embeddable":true,"href":"https:\/\/e.kosmolat.eu\/lt\/wp-json\/wp\/v2\/product_tag?post=40243"}],"curies":[{"name":"wp","href":"https:\/\/api.w.org\/{rel}","templated":true}]}}