{"id":40239,"date":"2023-12-23T00:55:44","date_gmt":"2023-12-23T00:55:44","guid":{"rendered":"https:\/\/e.kosmolat.eu\/product\/deba-roku-balzams-natural-beauty-aloe-vera-75-ml\/"},"modified":"2026-04-22T10:44:25","modified_gmt":"2026-04-22T10:44:25","slug":"deba-roku-balzams-natural-beauty-aloe-vera-75-ml","status":"publish","type":"product","link":"https:\/\/e.kosmolat.eu\/lt\/produktas\/deba-roku-balzams-natural-beauty-aloe-vera-75-ml\/","title":{"rendered":"DeBa NATURAL BEAUTY Balzamas rankoms ir nagams su alavij\u0173 ekstraktu, kofermentu Q10 ir glicerinu, 75"},"content":{"rendered":"<p>Dr\u0117kina ir maitina rank\u0173 od\u0105. Praturtintas organiniu kofermentu Q10 ir glicerinu giliam dr\u0117kinimui. Kasdienis naudojimas padeda i\u0161laikyti nat\u016brali\u0105 apsaugin\u0119 funkcij\u0105 ir neleid\u017eia jai prarasti dr\u0117gm\u0117s.<\/p>\n<p><strong>Naudojimas: <\/strong>Tepkite balzam\u0105 ant \u0161vari\u0173 ir saus\u0173 rank\u0173. &Scaron;velniai \u012ftrinkite \u012f rank\u0173 ir nag\u0173 od\u0105, kol visi\u0161kai \u012fsigers.<br \/>\n&nbsp;<\/p>\n","protected":false},"excerpt":{"rendered":"<p>Dr\u0117kina ir maitina rank\u0173 od\u0105. Praturtintas organiniu kofermentu Q10 ir glicerinu giliam dr\u0117kinimui. Kasdienis naudojimas padeda i\u0161laikyti nat\u016brali\u0105 apsaugin\u0119 funkcij\u0105 ir neleid\u017eia jai prarasti dr\u0117gm\u0117s. Naudojimas: Tepkite balzam\u0105 ant \u0161vari\u0173 ir saus\u0173 rank\u0173. &Scaron;velniai \u012ftrinkite \u012f rank\u0173 ir nag\u0173 od\u0105, kol visi\u0161kai \u012fsigers. &nbsp;<\/p>\n","protected":false},"featured_media":101057,"template":"","meta":[],"product_cat":[1304],"product_tag":[],"class_list":{"0":"post-40239","1":"product","2":"type-product","3":"status-publish","4":"has-post-thumbnail","6":"product_brand-rubella-bg-lt","7":"product_cat-ranku-prieziuros-kosmetika","9":"first","10":"instock","11":"taxable","12":"shipping-taxable","13":"product-type-simple"},"_links":{"self":[{"href":"https:\/\/e.kosmolat.eu\/lt\/wp-json\/wp\/v2\/product\/40239","targetHints":{"allow":["GET"]}}],"collection":[{"href":"https:\/\/e.kosmolat.eu\/lt\/wp-json\/wp\/v2\/product"}],"about":[{"href":"https:\/\/e.kosmolat.eu\/lt\/wp-json\/wp\/v2\/types\/product"}],"wp:featuredmedia":[{"embeddable":true,"href":"https:\/\/e.kosmolat.eu\/lt\/wp-json\/wp\/v2\/media\/101057"}],"wp:attachment":[{"href":"https:\/\/e.kosmolat.eu\/lt\/wp-json\/wp\/v2\/media?parent=40239"}],"wp:term":[{"taxonomy":"product_cat","embeddable":true,"href":"https:\/\/e.kosmolat.eu\/lt\/wp-json\/wp\/v2\/product_cat?post=40239"},{"taxonomy":"product_tag","embeddable":true,"href":"https:\/\/e.kosmolat.eu\/lt\/wp-json\/wp\/v2\/product_tag?post=40239"}],"curies":[{"name":"wp","href":"https:\/\/api.w.org\/{rel}","templated":true}]}}