{"id":40231,"date":"2023-12-23T00:54:54","date_gmt":"2023-12-23T00:54:54","guid":{"rendered":"https:\/\/e.kosmolat.eu\/product\/deba-roku-krems-natural-beauty-almond-75-ml\/"},"modified":"2025-01-07T09:40:02","modified_gmt":"2025-01-07T09:40:02","slug":"deba-roku-krems-natural-beauty-almond-75-ml","status":"publish","type":"product","link":"https:\/\/e.kosmolat.eu\/lt\/produktas\/deba-roku-krems-natural-beauty-almond-75-ml\/","title":{"rendered":"DeBa NATURAL BEAUTY Maitinamasis rank\u0173 ir nag\u0173 kremas su migdol\u0173 aliejumi ir glicerinu, 75 ml"},"content":{"rendered":"<p>Suteikia \u0161velnumo, dr\u0117kina ir maitina rank\u0173 od\u0105. Praturtintas migdol\u0173 aliejumi ir glicerinu, kad pamaitint\u0173 labai saus\u0105 od\u0105. Kasdienis naudojimas padeda i\u0161laikyti od\u0105 \u0161velni\u0105 ir apsaugot\u0105 nuo aplinkos agresori\u0173.<\/p>\n<p><strong>Naudojimas:<\/strong> Tepkite krem\u0105 ant \u0161vari\u0173 ir saus\u0173 rank\u0173.<\/p>\n<p>&Scaron;velniai \u012ftrinkite \u012f rank\u0173 ir nag\u0173 od\u0105, kol visi\u0161kai \u012fsigers.<br \/>\n&nbsp;<\/p>\n","protected":false},"excerpt":{"rendered":"<p>Suteikia \u0161velnumo, dr\u0117kina ir maitina rank\u0173 od\u0105. Praturtintas migdol\u0173 aliejumi ir glicerinu, kad pamaitint\u0173 labai saus\u0105 od\u0105. Kasdienis naudojimas padeda i\u0161laikyti od\u0105 \u0161velni\u0105 ir apsaugot\u0105 nuo aplinkos agresori\u0173. Naudojimas: Tepkite krem\u0105 ant \u0161vari\u0173 ir saus\u0173 rank\u0173. &Scaron;velniai \u012ftrinkite \u012f rank\u0173 ir nag\u0173 od\u0105, kol visi\u0161kai \u012fsigers. &nbsp;<\/p>\n","protected":false},"featured_media":12921,"template":"","meta":[],"product_cat":[1304],"product_tag":[],"class_list":{"0":"post-40231","1":"product","2":"type-product","3":"status-publish","4":"has-post-thumbnail","6":"product_brand-rubella-inopharm-dental-deba-mistergroomer-topten-quackquack-lt","7":"product_cat-ranku-prieziuros-kosmetika","9":"first","10":"outofstock","11":"taxable","12":"shipping-taxable","13":"product-type-simple"},"_links":{"self":[{"href":"https:\/\/e.kosmolat.eu\/lt\/wp-json\/wp\/v2\/product\/40231","targetHints":{"allow":["GET"]}}],"collection":[{"href":"https:\/\/e.kosmolat.eu\/lt\/wp-json\/wp\/v2\/product"}],"about":[{"href":"https:\/\/e.kosmolat.eu\/lt\/wp-json\/wp\/v2\/types\/product"}],"wp:featuredmedia":[{"embeddable":true,"href":"https:\/\/e.kosmolat.eu\/lt\/wp-json\/wp\/v2\/media\/12921"}],"wp:attachment":[{"href":"https:\/\/e.kosmolat.eu\/lt\/wp-json\/wp\/v2\/media?parent=40231"}],"wp:term":[{"taxonomy":"product_cat","embeddable":true,"href":"https:\/\/e.kosmolat.eu\/lt\/wp-json\/wp\/v2\/product_cat?post=40231"},{"taxonomy":"product_tag","embeddable":true,"href":"https:\/\/e.kosmolat.eu\/lt\/wp-json\/wp\/v2\/product_tag?post=40231"}],"curies":[{"name":"wp","href":"https:\/\/api.w.org\/{rel}","templated":true}]}}