{"id":40223,"date":"2023-12-23T00:54:09","date_gmt":"2023-12-23T00:54:09","guid":{"rendered":"https:\/\/e.kosmolat.eu\/product\/deba-kaju-krems-natural-beauty-pine-oil-and-lavender-75-ml\/"},"modified":"2026-04-22T08:13:57","modified_gmt":"2026-04-22T08:13:57","slug":"deba-kaju-krems-natural-beauty-pine-oil-and-lavender-75-ml","status":"publish","type":"product","link":"https:\/\/e.kosmolat.eu\/lt\/produktas\/deba-kaju-krems-natural-beauty-pine-oil-and-lavender-75-ml\/","title":{"rendered":"DeBa NATURAL BEAUTY P\u0117d\u0173 kremas su \u0161lapalu, pu\u0161\u0173 ir levand\u0173 aliejumi, 75 ml"},"content":{"rendered":"<p>Mink&scaron;tina, dr\u0117kina ir atpalaiduoja p\u0117d\u0173 od\u0105. Praturtintas karbamido (UREA), pu&scaron;\u0173 ir levand\u0173 aliejais, kad suteikt\u0173 v\u0117sinimo poj\u016bt\u012f ir intensyviai pri\u017ei\u016br\u0117t\u0173 suskilin\u0117jusius kulnus.<\/p>\n<p><strong>Naudojimas: <\/strong>Naudokite kasdien ant &scaron;vari\u0173 ir saus\u0173 koj\u0173. Tepkite lengvais masa\u017euojamaisiais judesiais, kol visi&scaron;kai \u012fsigers.<br \/>\n&nbsp;<\/p>\n","protected":false},"excerpt":{"rendered":"<p>Mink&scaron;tina, dr\u0117kina ir atpalaiduoja p\u0117d\u0173 od\u0105. Praturtintas karbamido (UREA), pu&scaron;\u0173 ir levand\u0173 aliejais, kad suteikt\u0173 v\u0117sinimo poj\u016bt\u012f ir intensyviai pri\u017ei\u016br\u0117t\u0173 suskilin\u0117jusius kulnus. Naudojimas: Naudokite kasdien ant &scaron;vari\u0173 ir saus\u0173 koj\u0173. Tepkite lengvais masa\u017euojamaisiais judesiais, kol visi&scaron;kai \u012fsigers. &nbsp;<\/p>\n","protected":false},"featured_media":98892,"template":"","meta":[],"product_cat":[2181],"product_tag":[],"class_list":{"0":"post-40223","1":"product","2":"type-product","3":"status-publish","4":"has-post-thumbnail","6":"product_brand-rubella-bg-lt","7":"product_cat-bez-kategorijas-lt","9":"first","10":"instock","11":"taxable","12":"shipping-taxable","13":"product-type-simple"},"_links":{"self":[{"href":"https:\/\/e.kosmolat.eu\/lt\/wp-json\/wp\/v2\/product\/40223","targetHints":{"allow":["GET"]}}],"collection":[{"href":"https:\/\/e.kosmolat.eu\/lt\/wp-json\/wp\/v2\/product"}],"about":[{"href":"https:\/\/e.kosmolat.eu\/lt\/wp-json\/wp\/v2\/types\/product"}],"wp:featuredmedia":[{"embeddable":true,"href":"https:\/\/e.kosmolat.eu\/lt\/wp-json\/wp\/v2\/media\/98892"}],"wp:attachment":[{"href":"https:\/\/e.kosmolat.eu\/lt\/wp-json\/wp\/v2\/media?parent=40223"}],"wp:term":[{"taxonomy":"product_cat","embeddable":true,"href":"https:\/\/e.kosmolat.eu\/lt\/wp-json\/wp\/v2\/product_cat?post=40223"},{"taxonomy":"product_tag","embeddable":true,"href":"https:\/\/e.kosmolat.eu\/lt\/wp-json\/wp\/v2\/product_tag?post=40223"}],"curies":[{"name":"wp","href":"https:\/\/api.w.org\/{rel}","templated":true}]}}