{"id":40219,"date":"2023-12-23T00:53:48","date_gmt":"2023-12-23T00:53:48","guid":{"rendered":"https:\/\/e.kosmolat.eu\/product\/deba-kaju-balzams-natural-beauty-mint-orange-75-ml\/"},"modified":"2026-04-15T12:58:27","modified_gmt":"2026-04-15T12:58:27","slug":"deba-kaju-balzams-natural-beauty-mint-orange-75-ml","status":"publish","type":"product","link":"https:\/\/e.kosmolat.eu\/lt\/produktas\/deba-kaju-balzams-natural-beauty-mint-orange-75-ml\/","title":{"rendered":"DeBa NATURAL BEAUTY P\u0117d\u0173 balzamas su karbamidu, migdol\u0173 aliejumi ir m\u0117tomis, 75 ml"},"content":{"rendered":"<p>Mink\u0161tina, dr\u0117kina ir atpalaiduoja p\u0117d\u0173 od\u0105. Praturtintas karbamidu (UREA), migdol\u0173 aliejumi ir m\u0117tomis, kad pamaitint\u0173 pa\u017eeistus ir \u0161iurk\u0161\u010dius kulnus. Neutralizuoja nemalon\u0173 p\u0117d\u0173 kvap\u0105. Malonaus apelsin\u0173 kvapo.<\/p>\n<p><strong>Naudojimas: <\/strong>Naudokite kasdien ant \u0161vari\u0173 ir saus\u0173 koj\u0173. Tepkite lengvais masa\u017euojamaisiais judesiais, kol visi\u0161kai \u012fsigers.<br \/>\n&nbsp;<\/p>\n","protected":false},"excerpt":{"rendered":"<p>Mink\u0161tina, dr\u0117kina ir atpalaiduoja p\u0117d\u0173 od\u0105. Praturtintas karbamidu (UREA), migdol\u0173 aliejumi ir m\u0117tomis, kad pamaitint\u0173 pa\u017eeistus ir \u0161iurk\u0161\u010dius kulnus. Neutralizuoja nemalon\u0173 p\u0117d\u0173 kvap\u0105. Malonaus apelsin\u0173 kvapo. Naudojimas: Naudokite kasdien ant \u0161vari\u0173 ir saus\u0173 koj\u0173. Tepkite lengvais masa\u017euojamaisiais judesiais, kol visi\u0161kai \u012fsigers. &nbsp;<\/p>\n","protected":false},"featured_media":98888,"template":"","meta":[],"product_cat":[1763],"product_tag":[],"class_list":{"0":"post-40219","1":"product","2":"type-product","3":"status-publish","4":"has-post-thumbnail","6":"product_brand-rubella-bg-lt","7":"product_cat-koju-prieziuros-kosmetika","9":"first","10":"instock","11":"taxable","12":"shipping-taxable","13":"product-type-simple"},"_links":{"self":[{"href":"https:\/\/e.kosmolat.eu\/lt\/wp-json\/wp\/v2\/product\/40219","targetHints":{"allow":["GET"]}}],"collection":[{"href":"https:\/\/e.kosmolat.eu\/lt\/wp-json\/wp\/v2\/product"}],"about":[{"href":"https:\/\/e.kosmolat.eu\/lt\/wp-json\/wp\/v2\/types\/product"}],"wp:featuredmedia":[{"embeddable":true,"href":"https:\/\/e.kosmolat.eu\/lt\/wp-json\/wp\/v2\/media\/98888"}],"wp:attachment":[{"href":"https:\/\/e.kosmolat.eu\/lt\/wp-json\/wp\/v2\/media?parent=40219"}],"wp:term":[{"taxonomy":"product_cat","embeddable":true,"href":"https:\/\/e.kosmolat.eu\/lt\/wp-json\/wp\/v2\/product_cat?post=40219"},{"taxonomy":"product_tag","embeddable":true,"href":"https:\/\/e.kosmolat.eu\/lt\/wp-json\/wp\/v2\/product_tag?post=40219"}],"curies":[{"name":"wp","href":"https:\/\/api.w.org\/{rel}","templated":true}]}}