{"id":40191,"date":"2023-12-23T00:50:32","date_gmt":"2023-12-23T00:50:32","guid":{"rendered":"https:\/\/e.kosmolat.eu\/product\/shik-dusas-zel-samp-sport-energy-3in1-ar-zal-kafijas-ekstr-250-g\/"},"modified":"2026-03-31T09:23:10","modified_gmt":"2026-03-31T09:23:10","slug":"shik-dusas-zel-samp-sport-energy-3in1-ar-zal-kafijas-ekstr-300-g","status":"publish","type":"product","link":"https:\/\/e.kosmolat.eu\/lt\/produktas\/shik-dusas-zel-samp-sport-energy-3in1-ar-zal-kafijas-ekstr-300-g\/","title":{"rendered":"SHIK Gelis-\u0161amp\u016bnas Sport Energy 3in1 su \u017ealios kavos ekstraktu, 300 g"},"content":{"rendered":"<p>Sud\u0117tyje yra \u017ealios kavos ekstrakto, kuris tonizuoja ir stangrina od\u0105, suteikia energijos antpl\u016bd\u012f, efektyviai valo, palieka gaivumo ir komforto poj\u016bt\u012f visai dienai.<\/p>\n<p><strong>Naudojimas: <\/strong>nedidel\u012f kiek\u012f gelio u\u017etepkite ant dr\u0117gnos odos ar plauk\u0173, suputokite ir nuplaukite vandeniu.<\/p>\n<p><strong>Atsargumo priemon\u0117s:<\/strong> patekus \u012f akis, praplauti dideliu kiekiu tekan\u010diu vandeniu.<\/p>\n<p><strong>Tinkamumo laikas:<\/strong> 24 m\u0117nesiai.<\/p>\n<p><strong>Laikymo s\u0105lygos: <\/strong>nuo +5 &deg;C iki +25 &deg;C, saugoti nuo tiesiogini\u0173 saul\u0117s spinduli\u0173.<br \/>\n&nbsp;<\/p>\n","protected":false},"excerpt":{"rendered":"<p>Sud\u0117tyje yra \u017ealios kavos ekstrakto, kuris tonizuoja ir stangrina od\u0105, suteikia energijos antpl\u016bd\u012f, efektyviai valo, palieka gaivumo ir komforto poj\u016bt\u012f visai dienai. Naudojimas: nedidel\u012f kiek\u012f gelio u\u017etepkite ant dr\u0117gnos odos ar plauk\u0173, suputokite ir nuplaukite vandeniu. Atsargumo priemon\u0117s: patekus \u012f akis, praplauti dideliu kiekiu tekan\u010diu vandeniu. Tinkamumo laikas: 24 m\u0117nesiai. Laikymo s\u0105lygos: nuo +5 &deg;C [&#8230;]\n","protected":false},"featured_media":102459,"template":"","meta":[],"product_cat":[2181],"product_tag":[],"class_list":{"0":"post-40191","1":"product","2":"type-product","3":"status-publish","4":"has-post-thumbnail","6":"product_brand-slobozanskij-milovar_ua-lt","7":"product_cat-bez-kategorijas-lt","9":"first","10":"instock","11":"taxable","12":"shipping-taxable","13":"product-type-simple"},"_links":{"self":[{"href":"https:\/\/e.kosmolat.eu\/lt\/wp-json\/wp\/v2\/product\/40191","targetHints":{"allow":["GET"]}}],"collection":[{"href":"https:\/\/e.kosmolat.eu\/lt\/wp-json\/wp\/v2\/product"}],"about":[{"href":"https:\/\/e.kosmolat.eu\/lt\/wp-json\/wp\/v2\/types\/product"}],"wp:featuredmedia":[{"embeddable":true,"href":"https:\/\/e.kosmolat.eu\/lt\/wp-json\/wp\/v2\/media\/102459"}],"wp:attachment":[{"href":"https:\/\/e.kosmolat.eu\/lt\/wp-json\/wp\/v2\/media?parent=40191"}],"wp:term":[{"taxonomy":"product_cat","embeddable":true,"href":"https:\/\/e.kosmolat.eu\/lt\/wp-json\/wp\/v2\/product_cat?post=40191"},{"taxonomy":"product_tag","embeddable":true,"href":"https:\/\/e.kosmolat.eu\/lt\/wp-json\/wp\/v2\/product_tag?post=40191"}],"curies":[{"name":"wp","href":"https:\/\/api.w.org\/{rel}","templated":true}]}}