{"id":40187,"date":"2023-12-23T00:50:07","date_gmt":"2023-12-23T00:50:07","guid":{"rendered":"https:\/\/e.kosmolat.eu\/product\/shik-dusas-zel-samp-sport-active-3in1-ar-cipreses-ekstr-250-g\/"},"modified":"2026-04-18T06:24:09","modified_gmt":"2026-04-18T06:24:09","slug":"shik-dusas-zel-samp-sport-active-3in1-ar-cipreses-ekstr-300-g","status":"publish","type":"product","link":"https:\/\/e.kosmolat.eu\/lt\/produktas\/shik-dusas-zel-samp-sport-active-3in1-ar-cipreses-ekstr-300-g\/","title":{"rendered":"SHIK Gelis-\u0161amp\u016bnas Sport Active 3in1 su kipariso ekstraktu, 300 g"},"content":{"rendered":"<p>Sud\u0117tyje yra kipariso ekstrakto, kuris pasi\u017eymi raminan\u010diu ir atnaujinan\u010diu poveikiu, taip pat \u017einomas d\u0117l savo apsaugini\u0173 savybi\u0173. Veiksmingai valo, palieka gaivumo ir komforto poj\u016bt\u012f visai dienai.<\/p>\n<p><strong>Naudojimas:<\/strong> nedidel\u012f kiek\u012f gelio u\u017etepkite ant dr\u0117gnos odos ar plauk\u0173, suputokite ir nuplaukite vandeniu.<\/p>\n<p><strong>Atsargumo priemon\u0117s:<\/strong> patekus \u012f akis, praplauti dideliu kiekiu tekan\u010diu vandeniu.<\/p>\n<p><strong>Tinkamumo laikas: <\/strong>24 m\u0117nesiai.<\/p>\n<p><strong>Laikymo s\u0105lygos: <\/strong>nuo +5 &deg;C iki +25 &deg;C, saugoti nuo tiesiogini\u0173 saul\u0117s spinduli\u0173.<br \/>\n&nbsp;<\/p>\n","protected":false},"excerpt":{"rendered":"<p>Sud\u0117tyje yra kipariso ekstrakto, kuris pasi\u017eymi raminan\u010diu ir atnaujinan\u010diu poveikiu, taip pat \u017einomas d\u0117l savo apsaugini\u0173 savybi\u0173. Veiksmingai valo, palieka gaivumo ir komforto poj\u016bt\u012f visai dienai. Naudojimas: nedidel\u012f kiek\u012f gelio u\u017etepkite ant dr\u0117gnos odos ar plauk\u0173, suputokite ir nuplaukite vandeniu. Atsargumo priemon\u0117s: patekus \u012f akis, praplauti dideliu kiekiu tekan\u010diu vandeniu. Tinkamumo laikas: 24 m\u0117nesiai. Laikymo [&#8230;]\n","protected":false},"featured_media":101061,"template":"","meta":[],"product_cat":[1691],"product_tag":[],"class_list":{"0":"post-40187","1":"product","2":"type-product","3":"status-publish","4":"has-post-thumbnail","6":"product_brand-slobozanskij-milovar_ua-lt","7":"product_cat-duso-geliai","9":"first","10":"instock","11":"taxable","12":"shipping-taxable","13":"product-type-simple"},"_links":{"self":[{"href":"https:\/\/e.kosmolat.eu\/lt\/wp-json\/wp\/v2\/product\/40187","targetHints":{"allow":["GET"]}}],"collection":[{"href":"https:\/\/e.kosmolat.eu\/lt\/wp-json\/wp\/v2\/product"}],"about":[{"href":"https:\/\/e.kosmolat.eu\/lt\/wp-json\/wp\/v2\/types\/product"}],"wp:featuredmedia":[{"embeddable":true,"href":"https:\/\/e.kosmolat.eu\/lt\/wp-json\/wp\/v2\/media\/101061"}],"wp:attachment":[{"href":"https:\/\/e.kosmolat.eu\/lt\/wp-json\/wp\/v2\/media?parent=40187"}],"wp:term":[{"taxonomy":"product_cat","embeddable":true,"href":"https:\/\/e.kosmolat.eu\/lt\/wp-json\/wp\/v2\/product_cat?post=40187"},{"taxonomy":"product_tag","embeddable":true,"href":"https:\/\/e.kosmolat.eu\/lt\/wp-json\/wp\/v2\/product_tag?post=40187"}],"curies":[{"name":"wp","href":"https:\/\/api.w.org\/{rel}","templated":true}]}}