{"id":40167,"date":"2023-12-23T00:44:45","date_gmt":"2023-12-23T00:44:45","guid":{"rendered":"https:\/\/e.kosmolat.eu\/product\/7d-mbw-stiprin-kr-koncentr-kakla-un-dekolte-zonai-ar-lift-efektu-collagen-80-ml\/"},"modified":"2026-04-17T09:07:21","modified_gmt":"2026-04-17T09:07:21","slug":"7d-mbw-stiprin-kr-koncentr-kakla-un-dekolte-zonai-ar-lift-efektu-collagen-80-ml","status":"publish","type":"product","link":"https:\/\/e.kosmolat.eu\/lt\/produktas\/7d-mbw-stiprin-kr-koncentr-kakla-un-dekolte-zonai-ar-lift-efektu-collagen-80-ml\/","title":{"rendered":"7DAYS MY BEAUTY WEEK Kremas-koncentratas kaklui ir dekolt\u0117 stangrinantis su liftingo efektu Kolagena"},"content":{"rendered":"<p>Kremas-koncentratas 2 in 1 su stangrinimo efektu didina elastingum\u0105, atkuria kont\u016br\u0173 ai\u0161kum\u0105 kaklo ir dekolt\u0117 srityje. 1. Kreme yra kolageno, kuris prisotina od\u0105 dr\u0117gme, stiprina, suteikia elastingumo, lygina horizontalias ir vertikalias rauk\u0161les. J\u016bros dumbli\u0173 kompleksas: Chlorella stiprina od\u0105, Porfira mink\u0161tina ir skaistina, Undaria aktyvina antioksidacin\u0119 apsaug\u0105, stiprina kolageno ir elastino gamyb\u0105. 2. Face Fit volelis treniruoja raumenis, modeliuoja kakl\u0105 ir dekolt\u0117 srit\u012f, ma\u017eina paburkim\u0105, gerina veikli\u0173j\u0173 med\u017eiag\u0173 \u012fsiskverbim\u0105 ir palaiko kolageno karkas\u0105.<\/p>\n<p><strong>Naudojimas:<\/strong> pasukite antgal\u012f prie\u0161 laikrod\u017eio rodykl\u0119, kad atidarytum\u0117te pakuot\u0119. Tepkite tiesiai \u012f problemines vietas. U\u017edarykite pakuot\u0119 sukdami antgal\u012f pagal laikrod\u017eio rodykl\u0119, kol u\u017esifiksuos. Gelis turi b\u016bti paskirstytas ant kaklo ir dekolt\u0117 srities lengvais judesiais 10-15 minu\u010di\u0173 naudojant masa\u017eo volel\u012f. Palaukite, kol visi\u0161kai \u012fsigers.<\/p>\n<p><strong>Atsargumo priemon\u0117s:<\/strong> Tik i\u0161oriniam naudojimui. Vengti patekimo \u012f akis. Patekus \u012f akis, nedelsiant praplauti dideliu kiekiu vandens ir, jei reikia, kreiptis \u012f gydytoj\u0105. Netepkite ant pa\u017eeistos odos. Nenaudoti esant padid\u0117jusiam jautrumui bet kuriai produkto sudedamajai daliai. Nustokite naudoti, jei atsiranda dirginimas. Saugoti nuo vaik\u0173. Laikyti nuo +5 &deg;C iki +25 &deg;C temperat\u016broje.<br \/>\n&nbsp;<\/p>\n","protected":false},"excerpt":{"rendered":"<p>Kremas-koncentratas 2 in 1 su stangrinimo efektu didina elastingum\u0105, atkuria kont\u016br\u0173 ai\u0161kum\u0105 kaklo ir dekolt\u0117 srityje. 1. Kreme yra kolageno, kuris prisotina od\u0105 dr\u0117gme, stiprina, suteikia elastingumo, lygina horizontalias ir vertikalias rauk\u0161les. J\u016bros dumbli\u0173 kompleksas: Chlorella stiprina od\u0105, Porfira mink\u0161tina ir skaistina, Undaria aktyvina antioksidacin\u0119 apsaug\u0105, stiprina kolageno ir elastino gamyb\u0105. 2. Face Fit volelis [&#8230;]\n","protected":false},"featured_media":100796,"template":"","meta":[],"product_cat":[1322],"product_tag":[],"class_list":{"0":"post-40167","1":"product","2":"type-product","3":"status-publish","4":"has-post-thumbnail","6":"product_brand-7days_it-lt","7":"product_cat-veido-kremai","9":"first","10":"instock","11":"taxable","12":"shipping-taxable","13":"product-type-simple"},"_links":{"self":[{"href":"https:\/\/e.kosmolat.eu\/lt\/wp-json\/wp\/v2\/product\/40167","targetHints":{"allow":["GET"]}}],"collection":[{"href":"https:\/\/e.kosmolat.eu\/lt\/wp-json\/wp\/v2\/product"}],"about":[{"href":"https:\/\/e.kosmolat.eu\/lt\/wp-json\/wp\/v2\/types\/product"}],"wp:featuredmedia":[{"embeddable":true,"href":"https:\/\/e.kosmolat.eu\/lt\/wp-json\/wp\/v2\/media\/100796"}],"wp:attachment":[{"href":"https:\/\/e.kosmolat.eu\/lt\/wp-json\/wp\/v2\/media?parent=40167"}],"wp:term":[{"taxonomy":"product_cat","embeddable":true,"href":"https:\/\/e.kosmolat.eu\/lt\/wp-json\/wp\/v2\/product_cat?post=40167"},{"taxonomy":"product_tag","embeddable":true,"href":"https:\/\/e.kosmolat.eu\/lt\/wp-json\/wp\/v2\/product_tag?post=40167"}],"curies":[{"name":"wp","href":"https:\/\/api.w.org\/{rel}","templated":true}]}}