{"id":40163,"date":"2023-12-23T00:44:14","date_gmt":"2023-12-23T00:44:14","guid":{"rendered":"https:\/\/e.kosmolat.eu\/product\/7d-mbw-sej-zeleja-koncentr-v-zona-anti-age-hyaluronic-40-ml\/"},"modified":"2026-04-14T14:20:11","modified_gmt":"2026-04-14T14:20:11","slug":"7d-mbw-sej-zeleja-koncentr-v-zona-anti-age-hyaluronic-40-ml","status":"publish","type":"product","link":"https:\/\/e.kosmolat.eu\/lt\/produktas\/7d-mbw-sej-zeleja-koncentr-v-zona-anti-age-hyaluronic-40-ml\/","title":{"rendered":"7DAYS MY BEAUTY WEEK V-Zone Anti-age hialurono gelio koncentratas veidui, 40 ml"},"content":{"rendered":"<p>Jjauninan\u010dio poveikio gelis-koncentratas 2 in 1, padedantis kovoti su mimikos, su am\u017eiumi susijusiomis rauk\u0161l\u0117mis ir u\u017ekirsti keli\u0105 j\u0173 atsiradimui. 1. Gelyje yra hialurono r\u016bg\u0161ties, kuri intensyviai dr\u0117kina, gaivina, atkuria lipid\u0173 balans\u0105 ir lygina od\u0105. J\u016bros dumbli\u0173 kompleksas: Chlorella &ndash; stiprina od\u0105, Porphyra &ndash; mink\u0161tina ir skaistina, Undaria &ndash; aktyvina antioksidacin\u0119 apsaug\u0105 ir skatina kolageno sintez\u0119. 2. Face Fit Roller treniruoja raumenis, modeliuoja veido oval\u0105, ma\u017eina paburkim\u0105, padeda pagerinti veido spalv\u0105, giliau prasiskverbti veikliosioms med\u017eiagoms ir palaiko kolageno karkas\u0105.<\/p>\n<p><strong>Naudojimas:<\/strong> pasukite antgal\u012f prie\u0161 laikrod\u017eio rodykl\u0119, kad atidarytum\u0117te pakuot\u0119. Tepkite tiesiai \u012f problemines vietas. U\u017edarykite pakuot\u0119 sukdami antgal\u012f pagal laikrod\u017eio rodykl\u0119, kol u\u017esifiksuos. Gelis turi b\u016bti paskirstytas ant kaklo ir dekolt\u0117 srities lengvais judesiais 10-15 minu\u010di\u0173 naudojant masa\u017eo volel\u012f. Palaukite, kol visi\u0161kai \u012fsigers.<\/p>\n<p><strong>Atsargumo priemon\u0117s:<\/strong> Tik i\u0161oriniam naudojimui. Vengti patekimo \u012f akis. Patekus \u012f akis, nedelsiant praplauti dideliu kiekiu vandens ir, jei reikia, kreiptis \u012f gydytoj\u0105. Netepkite ant pa\u017eeistos odos. Nenaudoti esant padid\u0117jusiam jautrumui bet kuriai produkto sudedamajai daliai. Nustokite naudoti, jei atsiranda dirginimas. Saugoti nuo vaik\u0173. Laikyti nuo +5 &deg;C iki +25 &deg;C temperat\u016broje.<br \/>\n&nbsp;<\/p>\n","protected":false},"excerpt":{"rendered":"<p>Jjauninan\u010dio poveikio gelis-koncentratas 2 in 1, padedantis kovoti su mimikos, su am\u017eiumi susijusiomis rauk\u0161l\u0117mis ir u\u017ekirsti keli\u0105 j\u0173 atsiradimui. 1. Gelyje yra hialurono r\u016bg\u0161ties, kuri intensyviai dr\u0117kina, gaivina, atkuria lipid\u0173 balans\u0105 ir lygina od\u0105. J\u016bros dumbli\u0173 kompleksas: Chlorella &ndash; stiprina od\u0105, Porphyra &ndash; mink\u0161tina ir skaistina, Undaria &ndash; aktyvina antioksidacin\u0119 apsaug\u0105 ir skatina kolageno sintez\u0119. [&#8230;]\n","protected":false},"featured_media":101366,"template":"","meta":[],"product_cat":[1322],"product_tag":[],"class_list":{"0":"post-40163","1":"product","2":"type-product","3":"status-publish","4":"has-post-thumbnail","6":"product_brand-7days_it-lt","7":"product_cat-veido-kremai","9":"first","10":"instock","11":"taxable","12":"shipping-taxable","13":"product-type-simple"},"_links":{"self":[{"href":"https:\/\/e.kosmolat.eu\/lt\/wp-json\/wp\/v2\/product\/40163","targetHints":{"allow":["GET"]}}],"collection":[{"href":"https:\/\/e.kosmolat.eu\/lt\/wp-json\/wp\/v2\/product"}],"about":[{"href":"https:\/\/e.kosmolat.eu\/lt\/wp-json\/wp\/v2\/types\/product"}],"wp:featuredmedia":[{"embeddable":true,"href":"https:\/\/e.kosmolat.eu\/lt\/wp-json\/wp\/v2\/media\/101366"}],"wp:attachment":[{"href":"https:\/\/e.kosmolat.eu\/lt\/wp-json\/wp\/v2\/media?parent=40163"}],"wp:term":[{"taxonomy":"product_cat","embeddable":true,"href":"https:\/\/e.kosmolat.eu\/lt\/wp-json\/wp\/v2\/product_cat?post=40163"},{"taxonomy":"product_tag","embeddable":true,"href":"https:\/\/e.kosmolat.eu\/lt\/wp-json\/wp\/v2\/product_tag?post=40163"}],"curies":[{"name":"wp","href":"https:\/\/api.w.org\/{rel}","templated":true}]}}