{"id":40159,"date":"2023-12-23T00:43:43","date_gmt":"2023-12-23T00:43:43","guid":{"rendered":"https:\/\/e.kosmolat.eu\/product\/7d-mbw-sej-kr-koncentr-v-zona-ar-lift-efektu-collagen-40-ml\/"},"modified":"2026-04-17T08:22:01","modified_gmt":"2026-04-17T08:22:01","slug":"7d-mbw-sej-kr-koncentr-v-zona-ar-lift-efektu-collagen-40-ml","status":"publish","type":"product","link":"https:\/\/e.kosmolat.eu\/lt\/produktas\/7d-mbw-sej-kr-koncentr-v-zona-ar-lift-efektu-collagen-40-ml\/","title":{"rendered":"7DAYS MY BEAUTY WEEK V zonos veido kremas su liftingo efektu Kolagenas, 40 ml"},"content":{"rendered":"<p>Kremo koncentratas 2 in 1 su stangrinimo efektu, gerinantis odos elastingum\u0105 ir atkuriantis ai\u0161k\u0173 veido oval\u0105. 1. Kreme yra kolageno, kuris prisotina od\u0105 dr\u0117gme, stiprina, suteikia elastingumo ir lygina rauk\u0161les. Peptid\u0173 kompleksas aktyvina regeneracij\u0105, stiprina kolageno ir elastino gamyb\u0105 bei jaunina. 2. FACE FIT volelis treniruoja raumenis, modeliuoja veido oval\u0105, ma\u017eina paburkim\u0105, padeda pagerinti veido spalv\u0105, giliau prasiskverbti veikliosioms med\u017eiagoms ir palaiko kolageno karkas\u0105.<\/p>\n<p><strong>Naudojimas: <\/strong>pasukite antgal\u012f prie\u0161 laikrod\u017eio rodykl\u0119, kad atidarytum\u0117te pakuot\u0119. Tepkite tiesiai \u012f problemines vietas. U\u017edarykite pakuot\u0119 sukdami antgal\u012f pagal laikrod\u017eio rodykl\u0119, kol u\u017esifiksuos. Gelis turi b\u016bti paskirstytas ant kaklo ir dekolt\u0117 srities lengvais judesiais 10-15 minu\u010di\u0173 naudojant masa\u017eo volel\u012f. Palaukite, kol visi\u0161kai \u012fsigers.<\/p>\n<p><strong>Atsargumo priemon\u0117s:<\/strong> Tik i\u0161oriniam naudojimui. Vengti patekimo \u012f akis. Patekus \u012f akis, nedelsiant praplauti dideliu kiekiu vandens ir, jei reikia, kreiptis \u012f gydytoj\u0105. Netepkite ant pa\u017eeistos odos. Nenaudoti esant padid\u0117jusiam jautrumui bet kuriai produkto sudedamajai daliai. Nustokite naudoti, jei atsiranda dirginimas. Saugoti nuo vaik\u0173. Laikyti nuo +5 &deg;C iki +25 &deg;C temperat\u016broje.<br \/>\n&nbsp;<\/p>\n","protected":false},"excerpt":{"rendered":"<p>Kremo koncentratas 2 in 1 su stangrinimo efektu, gerinantis odos elastingum\u0105 ir atkuriantis ai\u0161k\u0173 veido oval\u0105. 1. Kreme yra kolageno, kuris prisotina od\u0105 dr\u0117gme, stiprina, suteikia elastingumo ir lygina rauk\u0161les. Peptid\u0173 kompleksas aktyvina regeneracij\u0105, stiprina kolageno ir elastino gamyb\u0105 bei jaunina. 2. FACE FIT volelis treniruoja raumenis, modeliuoja veido oval\u0105, ma\u017eina paburkim\u0105, padeda pagerinti veido [&#8230;]\n","protected":false},"featured_media":100132,"template":"","meta":[],"product_cat":[2181],"product_tag":[],"class_list":{"0":"post-40159","1":"product","2":"type-product","3":"status-publish","4":"has-post-thumbnail","6":"product_brand-7days_it-lt","7":"product_cat-bez-kategorijas-lt","9":"first","10":"instock","11":"taxable","12":"shipping-taxable","13":"product-type-simple"},"_links":{"self":[{"href":"https:\/\/e.kosmolat.eu\/lt\/wp-json\/wp\/v2\/product\/40159","targetHints":{"allow":["GET"]}}],"collection":[{"href":"https:\/\/e.kosmolat.eu\/lt\/wp-json\/wp\/v2\/product"}],"about":[{"href":"https:\/\/e.kosmolat.eu\/lt\/wp-json\/wp\/v2\/types\/product"}],"wp:featuredmedia":[{"embeddable":true,"href":"https:\/\/e.kosmolat.eu\/lt\/wp-json\/wp\/v2\/media\/100132"}],"wp:attachment":[{"href":"https:\/\/e.kosmolat.eu\/lt\/wp-json\/wp\/v2\/media?parent=40159"}],"wp:term":[{"taxonomy":"product_cat","embeddable":true,"href":"https:\/\/e.kosmolat.eu\/lt\/wp-json\/wp\/v2\/product_cat?post=40159"},{"taxonomy":"product_tag","embeddable":true,"href":"https:\/\/e.kosmolat.eu\/lt\/wp-json\/wp\/v2\/product_tag?post=40159"}],"curies":[{"name":"wp","href":"https:\/\/api.w.org\/{rel}","templated":true}]}}