{"id":40151,"date":"2023-12-23T00:42:43","date_gmt":"2023-12-23T00:42:43","guid":{"rendered":"https:\/\/e.kosmolat.eu\/product\/7d-mbw-barojoss-sejas-serums-green-power-vitamin-e-2-20-ml\/"},"modified":"2026-04-09T13:28:53","modified_gmt":"2026-04-09T13:28:53","slug":"i_7d-mbw-barojoss-sejas-serums-green-power-vitamin-e-2-20-ml","status":"publish","type":"product","link":"https:\/\/e.kosmolat.eu\/lt\/produktas\/i_7d-mbw-barojoss-sejas-serums-green-power-vitamin-e-2-20-ml\/","title":{"rendered":"I_7DAYS MY BEAUTY WEEK Maitinamasis veido serumas Green Power Vitamin E, 20 ml"},"content":{"rendered":"<p>Serumas-aliejus intensyviai mitybai ir rauk\u0161li\u0173 ma\u017einimui. Peptidai aktyvina kolageno sintez\u0119, atkuria, ramina ir kovoja su pigmentacija. Vitaminas E ir avokad\u0173 aliejus maitina, aktyvina l\u0105steli\u0173 atsinaujinim\u0105, l\u0117tina odos sen\u0117jim\u0105, palaiko dr\u0117gm\u0117s lyg\u012f ir odos elastingum\u0105.<\/p>\n<p><strong>Naudojimas: <\/strong>nedidel\u012f kiek\u012f priemon\u0117s u\u017etepkite ant nuvalyto veido ir palaukite, kol visi\u0161kai \u012fsigers.<\/p>\n<p><strong>Atsargumo priemon\u0117s: <\/strong>Tik i\u0161oriniam naudojimui. Vengti patekimo \u012f akis. Patekus \u012f akis, nedelsiant praplauti dideliu kiekiu vandens ir, jei reikia, kreiptis \u012f gydytoj\u0105. Netepkite ant pa\u017eeistos odos. Nenaudoti esant padid\u0117jusiam jautrumui bet kuriai produkto sudedamajai daliai. Nustokite naudoti, jei atsiranda dirginimas. Saugoti nuo vaik\u0173. Laikyti nuo +5 &deg;C iki +25 &deg;C temperat\u016broje.<br \/>\n&nbsp;<\/p>\n","protected":false},"excerpt":{"rendered":"<p>Serumas-aliejus intensyviai mitybai ir rauk\u0161li\u0173 ma\u017einimui. Peptidai aktyvina kolageno sintez\u0119, atkuria, ramina ir kovoja su pigmentacija. Vitaminas E ir avokad\u0173 aliejus maitina, aktyvina l\u0105steli\u0173 atsinaujinim\u0105, l\u0117tina odos sen\u0117jim\u0105, palaiko dr\u0117gm\u0117s lyg\u012f ir odos elastingum\u0105. Naudojimas: nedidel\u012f kiek\u012f priemon\u0117s u\u017etepkite ant nuvalyto veido ir palaukite, kol visi\u0161kai \u012fsigers. Atsargumo priemon\u0117s: Tik i\u0161oriniam naudojimui. Vengti patekimo \u012f [&#8230;]\n","protected":false},"featured_media":102439,"template":"","meta":[],"product_cat":[2181],"product_tag":[],"class_list":{"0":"post-40151","1":"product","2":"type-product","3":"status-publish","4":"has-post-thumbnail","6":"product_brand-7days_it-lt","7":"product_cat-bez-kategorijas-lt","9":"first","10":"instock","11":"taxable","12":"shipping-taxable","13":"product-type-simple"},"_links":{"self":[{"href":"https:\/\/e.kosmolat.eu\/lt\/wp-json\/wp\/v2\/product\/40151","targetHints":{"allow":["GET"]}}],"collection":[{"href":"https:\/\/e.kosmolat.eu\/lt\/wp-json\/wp\/v2\/product"}],"about":[{"href":"https:\/\/e.kosmolat.eu\/lt\/wp-json\/wp\/v2\/types\/product"}],"wp:featuredmedia":[{"embeddable":true,"href":"https:\/\/e.kosmolat.eu\/lt\/wp-json\/wp\/v2\/media\/102439"}],"wp:attachment":[{"href":"https:\/\/e.kosmolat.eu\/lt\/wp-json\/wp\/v2\/media?parent=40151"}],"wp:term":[{"taxonomy":"product_cat","embeddable":true,"href":"https:\/\/e.kosmolat.eu\/lt\/wp-json\/wp\/v2\/product_cat?post=40151"},{"taxonomy":"product_tag","embeddable":true,"href":"https:\/\/e.kosmolat.eu\/lt\/wp-json\/wp\/v2\/product_tag?post=40151"}],"curies":[{"name":"wp","href":"https:\/\/api.w.org\/{rel}","templated":true}]}}