{"id":40143,"date":"2023-12-23T00:41:43","date_gmt":"2023-12-23T00:41:43","guid":{"rendered":"https:\/\/e.kosmolat.eu\/product\/7d-mbw-sejas-serums-ar-lift-efektu-collagen-drops-20-ml\/"},"modified":"2026-04-09T15:51:32","modified_gmt":"2026-04-09T15:51:32","slug":"7d-mbw-sejas-serums-ar-lift-efektu-collagen-drops-20-ml","status":"publish","type":"product","link":"https:\/\/e.kosmolat.eu\/lt\/produktas\/7d-mbw-sejas-serums-ar-lift-efektu-collagen-drops-20-ml\/","title":{"rendered":"7DAYS MY BEAUTY WEEK Veido stangrinimo serumas Collagen Drops, 20 ml"},"content":{"rendered":"<p>Serumas galingam stangrinimo efektui ir odos atjauninimui. Jaunyst\u0117s baltymas kolagenas padeda i\u0161saugoti veido kont\u016br\u0105, suteikia tonuso, dr\u0117kinimo, elastingumo, tolygios tekst\u016bros, elastingumo ir pilnumo. Aliej\u0173 kompleksas maitina, mink\u0161tina ir regeneruoja.<\/p>\n<p><strong>Naudojimas:<\/strong> nedidel\u012f kiek\u012f priemon\u0117s u\u017etepkite ant nuvalyto veido ir palaukite, kol visi\u0161kai \u012fsigers.<\/p>\n<p><strong>Atsargumo priemon\u0117s:<\/strong> Tik i\u0161oriniam naudojimui. Vengti patekimo \u012f akis. Patekus \u012f akis, nedelsiant praplauti dideliu kiekiu vandens ir, jei reikia, kreiptis \u012f gydytoj\u0105. Netepkite ant pa\u017eeistos odos. Nenaudoti esant padid\u0117jusiam jautrumui bet kuriai produkto sudedamajai daliai. Nustokite naudoti, jei atsiranda dirginimas. Saugoti nuo vaik\u0173. Laikyti nuo +5 &deg;C iki +25 &deg;C temperat\u016broje.<br \/>\n&nbsp;<\/p>\n","protected":false},"excerpt":{"rendered":"<p>Serumas galingam stangrinimo efektui ir odos atjauninimui. Jaunyst\u0117s baltymas kolagenas padeda i\u0161saugoti veido kont\u016br\u0105, suteikia tonuso, dr\u0117kinimo, elastingumo, tolygios tekst\u016bros, elastingumo ir pilnumo. Aliej\u0173 kompleksas maitina, mink\u0161tina ir regeneruoja. Naudojimas: nedidel\u012f kiek\u012f priemon\u0117s u\u017etepkite ant nuvalyto veido ir palaukite, kol visi\u0161kai \u012fsigers. Atsargumo priemon\u0117s: Tik i\u0161oriniam naudojimui. Vengti patekimo \u012f akis. Patekus \u012f akis, nedelsiant [&#8230;]\n","protected":false},"featured_media":105200,"template":"","meta":[],"product_cat":[1327],"product_tag":[],"class_list":{"0":"post-40143","1":"product","2":"type-product","3":"status-publish","4":"has-post-thumbnail","6":"product_brand-7days_it-lt","7":"product_cat-serumai","9":"first","10":"instock","11":"taxable","12":"shipping-taxable","13":"product-type-simple"},"_links":{"self":[{"href":"https:\/\/e.kosmolat.eu\/lt\/wp-json\/wp\/v2\/product\/40143","targetHints":{"allow":["GET"]}}],"collection":[{"href":"https:\/\/e.kosmolat.eu\/lt\/wp-json\/wp\/v2\/product"}],"about":[{"href":"https:\/\/e.kosmolat.eu\/lt\/wp-json\/wp\/v2\/types\/product"}],"wp:featuredmedia":[{"embeddable":true,"href":"https:\/\/e.kosmolat.eu\/lt\/wp-json\/wp\/v2\/media\/105200"}],"wp:attachment":[{"href":"https:\/\/e.kosmolat.eu\/lt\/wp-json\/wp\/v2\/media?parent=40143"}],"wp:term":[{"taxonomy":"product_cat","embeddable":true,"href":"https:\/\/e.kosmolat.eu\/lt\/wp-json\/wp\/v2\/product_cat?post=40143"},{"taxonomy":"product_tag","embeddable":true,"href":"https:\/\/e.kosmolat.eu\/lt\/wp-json\/wp\/v2\/product_tag?post=40143"}],"curies":[{"name":"wp","href":"https:\/\/api.w.org\/{rel}","templated":true}]}}