{"id":40139,"date":"2023-12-23T00:41:13","date_gmt":"2023-12-23T00:41:13","guid":{"rendered":"https:\/\/e.kosmolat.eu\/product\/7d-mbw-hialurona-sejas-serums-ha-h2o-20-ml\/"},"modified":"2026-04-09T15:51:14","modified_gmt":"2026-04-09T15:51:14","slug":"7d-mbw-hialurona-sejas-serums-ha-h2o-20-ml","status":"publish","type":"product","link":"https:\/\/e.kosmolat.eu\/lt\/produktas\/7d-mbw-hialurona-sejas-serums-ha-h2o-20-ml\/","title":{"rendered":"7DAYS MY BEAUTY WEEK Hialurono serumas veidui HA+H2O, 20 ml"},"content":{"rendered":"<p>Serumas su hialuronu giliam dr\u0117kinimui ir odos jaunyst\u0117s pailginimui. Ma\u017eos molekulin\u0117s mas\u0117s hialurono r\u016bg\u0161tis pritraukia ir sulaiko dr\u0117gm\u0119 odoje, didina elastingum\u0105, ma\u017eina rauk\u0161li\u0173 gyl\u012f. Vaisi\u0173 ir uog\u0173 ekstrakt\u0173 kompleksas padeda atkurti od\u0105, ramina ir palaiko jaunyst\u0119, gaivina ir suvienodina jos atspalv\u012f.<\/p>\n<p><strong>Naudojimas: <\/strong>nedidel\u012f kiek\u012f priemon\u0117s u\u017etepkite ant nuvalyto veido ir palaukite, kol visi\u0161kai \u012fsigers.<\/p>\n<p><strong>Atsargumo priemon\u0117s: <\/strong>Tik i\u0161oriniam naudojimui. Vengti patekimo \u012f akis. Patekus \u012f akis, nedelsiant praplauti dideliu kiekiu vandens ir, jei reikia, kreiptis \u012f gydytoj\u0105. Netepkite ant pa\u017eeistos odos. Nenaudoti esant padid\u0117jusiam jautrumui bet kuriai produkto sudedamajai daliai. Nustokite naudoti, jei atsiranda dirginimas. Saugoti nuo vaik\u0173. Laikyti nuo +5 &deg;C iki +25 &deg;C temperat\u016broje.<br \/>\n&nbsp;<\/p>\n","protected":false},"excerpt":{"rendered":"<p>Serumas su hialuronu giliam dr\u0117kinimui ir odos jaunyst\u0117s pailginimui. Ma\u017eos molekulin\u0117s mas\u0117s hialurono r\u016bg\u0161tis pritraukia ir sulaiko dr\u0117gm\u0119 odoje, didina elastingum\u0105, ma\u017eina rauk\u0161li\u0173 gyl\u012f. Vaisi\u0173 ir uog\u0173 ekstrakt\u0173 kompleksas padeda atkurti od\u0105, ramina ir palaiko jaunyst\u0119, gaivina ir suvienodina jos atspalv\u012f. Naudojimas: nedidel\u012f kiek\u012f priemon\u0117s u\u017etepkite ant nuvalyto veido ir palaukite, kol visi\u0161kai \u012fsigers. Atsargumo [&#8230;]\n","protected":false},"featured_media":105196,"template":"","meta":[],"product_cat":[1327],"product_tag":[],"class_list":{"0":"post-40139","1":"product","2":"type-product","3":"status-publish","4":"has-post-thumbnail","6":"product_brand-7days_it-lt","7":"product_cat-serumai","9":"first","10":"instock","11":"taxable","12":"shipping-taxable","13":"product-type-simple"},"_links":{"self":[{"href":"https:\/\/e.kosmolat.eu\/lt\/wp-json\/wp\/v2\/product\/40139","targetHints":{"allow":["GET"]}}],"collection":[{"href":"https:\/\/e.kosmolat.eu\/lt\/wp-json\/wp\/v2\/product"}],"about":[{"href":"https:\/\/e.kosmolat.eu\/lt\/wp-json\/wp\/v2\/types\/product"}],"wp:featuredmedia":[{"embeddable":true,"href":"https:\/\/e.kosmolat.eu\/lt\/wp-json\/wp\/v2\/media\/105196"}],"wp:attachment":[{"href":"https:\/\/e.kosmolat.eu\/lt\/wp-json\/wp\/v2\/media?parent=40139"}],"wp:term":[{"taxonomy":"product_cat","embeddable":true,"href":"https:\/\/e.kosmolat.eu\/lt\/wp-json\/wp\/v2\/product_cat?post=40139"},{"taxonomy":"product_tag","embeddable":true,"href":"https:\/\/e.kosmolat.eu\/lt\/wp-json\/wp\/v2\/product_tag?post=40139"}],"curies":[{"name":"wp","href":"https:\/\/api.w.org\/{rel}","templated":true}]}}