{"id":40135,"date":"2023-12-23T00:40:44","date_gmt":"2023-12-23T00:40:44","guid":{"rendered":"https:\/\/e.kosmolat.eu\/product\/7d-mbw-sejas-serumstoneris-vitamin-c-elixir-20-ml\/"},"modified":"2026-04-09T15:50:57","modified_gmt":"2026-04-09T15:50:57","slug":"7d-mbw-sejas-serumstoneris-vitamin-c-elixir-20-ml","status":"publish","type":"product","link":"https:\/\/e.kosmolat.eu\/lt\/produktas\/7d-mbw-sejas-serumstoneris-vitamin-c-elixir-20-ml\/","title":{"rendered":"7DAYS MY BEAUTY WEEK Serumas + tonikas Vitamino C eliksyras  veidui, 20 ml"},"content":{"rendered":"<p>Serumas-tonikas intensyviam odos dr\u0117kinimui ir \u0161vyt\u0117jimui. Vitaminas C pasi\u017eymi antioksidaciniu poveikiu, regeneruoja, skaistina ir suteikia odai \u0161vyt\u0117jimo. Citrusini\u0173 vaisi\u0173 kompleksas dr\u0117kina, daro od\u0105 gaivi\u0105 ir lygi\u0105.<\/p>\n<p><strong>Naudojimas: <\/strong>nedidel\u012f kiek\u012f priemon\u0117s u\u017etepkite ant nuvalyto veido ir palaukite, kol visi\u0161kai \u012fsigers.<\/p>\n<p><strong>Atsargumo priemon\u0117s: <\/strong>Tik i\u0161oriniam naudojimui. Vengti patekimo \u012f akis. Patekus \u012f akis, nedelsiant praplauti dideliu kiekiu vandens ir, jei reikia, kreiptis \u012f gydytoj\u0105. Netepkite ant pa\u017eeistos odos. Nenaudoti esant padid\u0117jusiam jautrumui bet kuriai produkto sudedamajai daliai. Nustokite naudoti, jei atsiranda dirginimas. Saugoti nuo vaik\u0173. Laikyti nuo +5 &deg;C iki +25 &deg;C temperat\u016broje.<br \/>\n&nbsp;<\/p>\n","protected":false},"excerpt":{"rendered":"<p>Serumas-tonikas intensyviam odos dr\u0117kinimui ir \u0161vyt\u0117jimui. Vitaminas C pasi\u017eymi antioksidaciniu poveikiu, regeneruoja, skaistina ir suteikia odai \u0161vyt\u0117jimo. Citrusini\u0173 vaisi\u0173 kompleksas dr\u0117kina, daro od\u0105 gaivi\u0105 ir lygi\u0105. Naudojimas: nedidel\u012f kiek\u012f priemon\u0117s u\u017etepkite ant nuvalyto veido ir palaukite, kol visi\u0161kai \u012fsigers. Atsargumo priemon\u0117s: Tik i\u0161oriniam naudojimui. Vengti patekimo \u012f akis. Patekus \u012f akis, nedelsiant praplauti dideliu kiekiu [&#8230;]\n","protected":false},"featured_media":105192,"template":"","meta":[],"product_cat":[1327],"product_tag":[],"class_list":{"0":"post-40135","1":"product","2":"type-product","3":"status-publish","4":"has-post-thumbnail","6":"product_brand-7days_it-lt","7":"product_cat-serumai","9":"first","10":"instock","11":"taxable","12":"shipping-taxable","13":"product-type-simple"},"_links":{"self":[{"href":"https:\/\/e.kosmolat.eu\/lt\/wp-json\/wp\/v2\/product\/40135","targetHints":{"allow":["GET"]}}],"collection":[{"href":"https:\/\/e.kosmolat.eu\/lt\/wp-json\/wp\/v2\/product"}],"about":[{"href":"https:\/\/e.kosmolat.eu\/lt\/wp-json\/wp\/v2\/types\/product"}],"wp:featuredmedia":[{"embeddable":true,"href":"https:\/\/e.kosmolat.eu\/lt\/wp-json\/wp\/v2\/media\/105192"}],"wp:attachment":[{"href":"https:\/\/e.kosmolat.eu\/lt\/wp-json\/wp\/v2\/media?parent=40135"}],"wp:term":[{"taxonomy":"product_cat","embeddable":true,"href":"https:\/\/e.kosmolat.eu\/lt\/wp-json\/wp\/v2\/product_cat?post=40135"},{"taxonomy":"product_tag","embeddable":true,"href":"https:\/\/e.kosmolat.eu\/lt\/wp-json\/wp\/v2\/product_tag?post=40135"}],"curies":[{"name":"wp","href":"https:\/\/api.w.org\/{rel}","templated":true}]}}