{"id":40131,"date":"2023-12-23T00:40:14","date_gmt":"2023-12-23T00:40:14","guid":{"rendered":"https:\/\/e.kosmolat.eu\/product\/7d-mbw-atjaunoj-sejas-serums-milky-boost-squalane-1-5-20-ml\/"},"modified":"2026-04-20T10:27:00","modified_gmt":"2026-04-20T10:27:00","slug":"7d-mbw-atjaunoj-sejas-serums-milky-boost-squalane-1-5-20-ml","status":"publish","type":"product","link":"https:\/\/e.kosmolat.eu\/lt\/produktas\/7d-mbw-atjaunoj-sejas-serums-milky-boost-squalane-1-5-20-ml\/","title":{"rendered":"7DAYS MY BEAUTY WEEK Atgaivinantis veido serumas Milky Boost Squalane 1,5%, 20 ml"},"content":{"rendered":"<p>Serumas greitam odos atstatymui ir transformacijai. Skvalanas yra \u012fsiterpia \u012f lipidin\u012f odos sluoksn\u012f, j\u012f stiprina, dr\u0117kina ir mink\u0161tina. J\u016bros dumbliai turi galing\u0105 jauninam\u0105j\u012f poveik\u012f, jie pritraukia ir sulaiko dr\u0117gm\u0119.<\/p>\n<p><strong>Naudojimas: <\/strong>nedidel\u012f kiek\u012f priemon\u0117s u\u017etepkite ant nuvalyto veido ir palaukite, kol visi\u0161kai \u012fsigers.<\/p>\n<p><strong>Atsargumo priemon\u0117s:<\/strong> Tik i\u0161oriniam naudojimui. Vengti patekimo \u012f akis. Patekus \u012f akis, nedelsiant praplauti dideliu kiekiu vandens ir, jei reikia, kreiptis \u012f gydytoj\u0105. Netepkite ant pa\u017eeistos odos. Nenaudoti esant padid\u0117jusiam jautrumui bet kuriai produkto sudedamajai daliai. Nustokite naudoti, jei atsiranda dirginimas. Saugoti nuo vaik\u0173. Laikyti nuo +5 &deg;C iki +25 &deg;C temperat\u016broje.<br \/>\n&nbsp;<\/p>\n","protected":false},"excerpt":{"rendered":"<p>Serumas greitam odos atstatymui ir transformacijai. Skvalanas yra \u012fsiterpia \u012f lipidin\u012f odos sluoksn\u012f, j\u012f stiprina, dr\u0117kina ir mink\u0161tina. J\u016bros dumbliai turi galing\u0105 jauninam\u0105j\u012f poveik\u012f, jie pritraukia ir sulaiko dr\u0117gm\u0119. Naudojimas: nedidel\u012f kiek\u012f priemon\u0117s u\u017etepkite ant nuvalyto veido ir palaukite, kol visi\u0161kai \u012fsigers. Atsargumo priemon\u0117s: Tik i\u0161oriniam naudojimui. Vengti patekimo \u012f akis. Patekus \u012f akis, nedelsiant [&#8230;]\n","protected":false},"featured_media":99196,"template":"","meta":[],"product_cat":[1327],"product_tag":[],"class_list":{"0":"post-40131","1":"product","2":"type-product","3":"status-publish","4":"has-post-thumbnail","6":"product_brand-7days_it-lt","7":"product_cat-serumai","9":"first","10":"outofstock","11":"taxable","12":"shipping-taxable","13":"product-type-simple"},"_links":{"self":[{"href":"https:\/\/e.kosmolat.eu\/lt\/wp-json\/wp\/v2\/product\/40131","targetHints":{"allow":["GET"]}}],"collection":[{"href":"https:\/\/e.kosmolat.eu\/lt\/wp-json\/wp\/v2\/product"}],"about":[{"href":"https:\/\/e.kosmolat.eu\/lt\/wp-json\/wp\/v2\/types\/product"}],"wp:featuredmedia":[{"embeddable":true,"href":"https:\/\/e.kosmolat.eu\/lt\/wp-json\/wp\/v2\/media\/99196"}],"wp:attachment":[{"href":"https:\/\/e.kosmolat.eu\/lt\/wp-json\/wp\/v2\/media?parent=40131"}],"wp:term":[{"taxonomy":"product_cat","embeddable":true,"href":"https:\/\/e.kosmolat.eu\/lt\/wp-json\/wp\/v2\/product_cat?post=40131"},{"taxonomy":"product_tag","embeddable":true,"href":"https:\/\/e.kosmolat.eu\/lt\/wp-json\/wp\/v2\/product_tag?post=40131"}],"curies":[{"name":"wp","href":"https:\/\/api.w.org\/{rel}","templated":true}]}}