{"id":40123,"date":"2023-12-23T00:39:13","date_gmt":"2023-12-23T00:39:13","guid":{"rendered":"https:\/\/e.kosmolat.eu\/product\/7d-mbw-barojosa-nakts-s-maska-avocado-squash-50-ml\/"},"modified":"2026-04-14T13:43:11","modified_gmt":"2026-04-14T13:43:11","slug":"7d-mbw-barojosa-nakts-s-maska-avocado-squash-50-ml","status":"publish","type":"product","link":"https:\/\/e.kosmolat.eu\/lt\/produktas\/7d-mbw-barojosa-nakts-s-maska-avocado-squash-50-ml\/","title":{"rendered":"7DAYS MY BEAUTY WEEK Maitinamoji naktin\u0117 veido kauk\u0117 Avocado Skvosh, 50 ml"},"content":{"rendered":"<p>Naktin\u0117 kauk\u0117 intensyviai mitybai ir veido odos transformacijai. Avokad\u0173 aliejus skatina atjauninim\u0105, mityb\u0105, dr\u0117kinim\u0105 ir naikina nuovargio po\u017eymius. Taukmed\u017ei\u0173 sviestas suteikia spindesio ir padeda atkurti odos tekst\u016br\u0105. Laimai stiprina ir lygina rauk\u0161les.<\/p>\n<p><strong>Naudojimas: <\/strong>\u0161velniais masa\u017eo judesiais tepkite produkt\u0105 ant \u0161varios odos, palikite ant veido, kol visi\u0161kai \u012fsigers. Likusi\u0105 kauk\u0117s dal\u012f reikia nuplauti kit\u0105 ryt\u0105.<\/p>\n<p><strong>Atsargumo priemon\u0117s:<\/strong> Tik i\u0161oriniam naudojimui. Vengti patekimo \u012f akis. Patekus \u012f akis, nedelsiant praplauti dideliu kiekiu vandens ir, jei reikia, kreiptis \u012f gydytoj\u0105. Netepkite ant pa\u017eeistos odos. Nenaudoti esant padid\u0117jusiam jautrumui bet kuriai produkto sudedamajai daliai. Nustokite naudoti, jei atsiranda dirginimas. Saugoti nuo vaik\u0173. Laikyti nuo +5 &deg;C iki +25 &deg;C temperat\u016broje.<br \/>\n&nbsp;<\/p>\n","protected":false},"excerpt":{"rendered":"<p>Naktin\u0117 kauk\u0117 intensyviai mitybai ir veido odos transformacijai. Avokad\u0173 aliejus skatina atjauninim\u0105, mityb\u0105, dr\u0117kinim\u0105 ir naikina nuovargio po\u017eymius. Taukmed\u017ei\u0173 sviestas suteikia spindesio ir padeda atkurti odos tekst\u016br\u0105. Laimai stiprina ir lygina rauk\u0161les. Naudojimas: \u0161velniais masa\u017eo judesiais tepkite produkt\u0105 ant \u0161varios odos, palikite ant veido, kol visi\u0161kai \u012fsigers. Likusi\u0105 kauk\u0117s dal\u012f reikia nuplauti kit\u0105 ryt\u0105. Atsargumo [&#8230;]\n","protected":false},"featured_media":103193,"template":"","meta":[],"product_cat":[2181],"product_tag":[],"class_list":{"0":"post-40123","1":"product","2":"type-product","3":"status-publish","4":"has-post-thumbnail","6":"product_brand-7days_it-lt","7":"product_cat-bez-kategorijas-lt","9":"first","10":"instock","11":"taxable","12":"shipping-taxable","13":"product-type-simple"},"_links":{"self":[{"href":"https:\/\/e.kosmolat.eu\/lt\/wp-json\/wp\/v2\/product\/40123","targetHints":{"allow":["GET"]}}],"collection":[{"href":"https:\/\/e.kosmolat.eu\/lt\/wp-json\/wp\/v2\/product"}],"about":[{"href":"https:\/\/e.kosmolat.eu\/lt\/wp-json\/wp\/v2\/types\/product"}],"wp:featuredmedia":[{"embeddable":true,"href":"https:\/\/e.kosmolat.eu\/lt\/wp-json\/wp\/v2\/media\/103193"}],"wp:attachment":[{"href":"https:\/\/e.kosmolat.eu\/lt\/wp-json\/wp\/v2\/media?parent=40123"}],"wp:term":[{"taxonomy":"product_cat","embeddable":true,"href":"https:\/\/e.kosmolat.eu\/lt\/wp-json\/wp\/v2\/product_cat?post=40123"},{"taxonomy":"product_tag","embeddable":true,"href":"https:\/\/e.kosmolat.eu\/lt\/wp-json\/wp\/v2\/product_tag?post=40123"}],"curies":[{"name":"wp","href":"https:\/\/api.w.org\/{rel}","templated":true}]}}