{"id":40115,"date":"2023-12-23T00:38:14","date_gmt":"2023-12-23T00:38:14","guid":{"rendered":"https:\/\/e.kosmolat.eu\/product\/7d-mbw-s-maska-ar-hialuronsk-2in1-aqua-infusion-50-ml\/"},"modified":"2026-03-10T12:06:25","modified_gmt":"2026-03-10T12:06:25","slug":"7d-mbw-s-maska-ar-hialuronsk-2in1-aqua-infusion-50-ml","status":"publish","type":"product","link":"https:\/\/e.kosmolat.eu\/lt\/produktas\/7d-mbw-s-maska-ar-hialuronsk-2in1-aqua-infusion-50-ml\/","title":{"rendered":"7DAYS MY BEAUTY WEEK Veido kauk\u0117 su hialurono r\u016bg\u0161timi 2in1 Aqua Infusion, 50 ml"},"content":{"rendered":"<p>Ekstra dr\u0117kinamoji veido kauk\u0117 2in1: Produkt\u0105 galima naudoti kaip intensyviai dr\u0117kinan\u010di\u0105 veido kauk\u0119 arba kaip nenuplaunam\u0105 hialurono gel\u012f.&nbsp;Ma\u017eos molekulin\u0117s mas\u0117s hialurono r\u016bg&scaron;tis pritraukia ir sulaiko dr\u0117gm\u0119 odoje, didina elastingum\u0105, ma\u017eina rauk&scaron;li\u0173 gyl\u012f, o vaisi\u0173 ir uog\u0173 ekstrakt\u0173 kompleksas padeda atkurti od\u0105.<\/p>\n<p><strong>Naudojimas:<\/strong><br \/>\nNr. 1. Kauk\u0117: \u0161velniais masa\u017eo judesiais u\u017etepkite produkt\u0105 ant \u0161varios odos tankiu sluoksniu, palikite 10-15 minu\u010di\u0173, kol visi\u0161kai susigers, liku\u010dius nuplaukite vandeniu.<br \/>\nNr. 2. Gelis-kremas: \u0161velniais masa\u017eo judesiais u\u017etepkite plon\u0105 produkto sluoksn\u012f, palaukite, kol visi\u0161kai susigers.<\/p>\n<p><strong>Atsargumo priemon\u0117s: <\/strong>Tik i\u0161oriniam naudojimui. Vengti patekimo \u012f akis. Patekus \u012f akis, nedelsiant praplauti dideliu kiekiu vandens ir, jei reikia, kreiptis \u012f gydytoj\u0105. Netepkite ant pa\u017eeistos odos. Nenaudoti esant padid\u0117jusiam jautrumui bet kuriai produkto sudedamajai daliai. Nustokite naudoti, jei atsiranda dirginimas. Saugoti nuo vaik\u0173. Laikyti nuo +5 &deg;C iki +25 &deg;C temperat\u016broje.<br \/>\n&nbsp;<\/p>\n","protected":false},"excerpt":{"rendered":"<p>Ekstra dr\u0117kinamoji veido kauk\u0117 2in1: Produkt\u0105 galima naudoti kaip intensyviai dr\u0117kinan\u010di\u0105 veido kauk\u0119 arba kaip nenuplaunam\u0105 hialurono gel\u012f.&nbsp;Ma\u017eos molekulin\u0117s mas\u0117s hialurono r\u016bg&scaron;tis pritraukia ir sulaiko dr\u0117gm\u0119 odoje, didina elastingum\u0105, ma\u017eina rauk&scaron;li\u0173 gyl\u012f, o vaisi\u0173 ir uog\u0173 ekstrakt\u0173 kompleksas padeda atkurti od\u0105. Naudojimas: Nr. 1. Kauk\u0117: \u0161velniais masa\u017eo judesiais u\u017etepkite produkt\u0105 ant \u0161varios odos tankiu sluoksniu, [&#8230;]\n","protected":false},"featured_media":99176,"template":"","meta":[],"product_cat":[2181],"product_tag":[],"class_list":{"0":"post-40115","1":"product","2":"type-product","3":"status-publish","4":"has-post-thumbnail","6":"product_brand-7days_it-lt","7":"product_cat-bez-kategorijas-lt","9":"first","10":"instock","11":"taxable","12":"shipping-taxable","13":"product-type-simple"},"_links":{"self":[{"href":"https:\/\/e.kosmolat.eu\/lt\/wp-json\/wp\/v2\/product\/40115","targetHints":{"allow":["GET"]}}],"collection":[{"href":"https:\/\/e.kosmolat.eu\/lt\/wp-json\/wp\/v2\/product"}],"about":[{"href":"https:\/\/e.kosmolat.eu\/lt\/wp-json\/wp\/v2\/types\/product"}],"wp:featuredmedia":[{"embeddable":true,"href":"https:\/\/e.kosmolat.eu\/lt\/wp-json\/wp\/v2\/media\/99176"}],"wp:attachment":[{"href":"https:\/\/e.kosmolat.eu\/lt\/wp-json\/wp\/v2\/media?parent=40115"}],"wp:term":[{"taxonomy":"product_cat","embeddable":true,"href":"https:\/\/e.kosmolat.eu\/lt\/wp-json\/wp\/v2\/product_cat?post=40115"},{"taxonomy":"product_tag","embeddable":true,"href":"https:\/\/e.kosmolat.eu\/lt\/wp-json\/wp\/v2\/product_tag?post=40115"}],"curies":[{"name":"wp","href":"https:\/\/api.w.org\/{rel}","templated":true}]}}