{"id":40111,"date":"2023-12-23T00:37:45","date_gmt":"2023-12-23T00:37:45","guid":{"rendered":"https:\/\/e.kosmolat.eu\/product\/7d-mbw-sejas-krems-adas-mirdzumam-vitamin-c-50-ml\/"},"modified":"2026-04-20T10:26:46","modified_gmt":"2026-04-20T10:26:46","slug":"7d-mbw-sejas-krems-adas-mirdzumam-vitamin-c-50-ml","status":"publish","type":"product","link":"https:\/\/e.kosmolat.eu\/lt\/produktas\/7d-mbw-sejas-krems-adas-mirdzumam-vitamin-c-50-ml\/","title":{"rendered":"7DAYS MY BEAUTY WEEK Veido kremas, suteikiantis odai \u0161vyt\u0117jimo Vitaminas C, 50 ml"},"content":{"rendered":"<p>Veido kremas su vitaminu C akimirksniu pamaitina ir suteikia nat\u016bralaus sveiko odos \u0161vyt\u0117jimo. Vitaminas C regeneruoja, \u0161viesina, turi stipr\u0173 antioksidacin\u012f poveik\u012f. 7 aliej\u0173 ir vitamino E kompleksas maitina, lygina rauk\u0161les ir suteikia liftingo efekt\u0105. Atogr\u0105\u017e\u0173 vaisi\u0173 ekstraktai dr\u0117kina, daro od\u0105 gaivi\u0105 ir lygi\u0105.<\/p>\n<p><strong>Naudojimas:<\/strong> \u0161velniais masa\u017eo judesiais tepkite produkt\u0105 ant nuvalytos odos, palaukite, kol visi\u0161kai \u012fsigers.<\/p>\n<p><strong>Atsargumo priemon\u0117s:<\/strong> Tik i\u0161oriniam naudojimui. Vengti patekimo \u012f akis. Patekus \u012f akis, nedelsiant praplauti dideliu kiekiu vandens ir, jei reikia, kreiptis \u012f gydytoj\u0105. Netepkite ant pa\u017eeistos odos. Nenaudoti esant padid\u0117jusiam jautrumui bet kuriai produkto sudedamajai daliai. Nustokite naudoti, jei atsiranda dirginimas. Saugoti nuo vaik\u0173. Laikyti nuo +5 &deg;C iki +25 &deg;C temperat\u016broje.<br \/>\n&nbsp;<\/p>\n","protected":false},"excerpt":{"rendered":"<p>Veido kremas su vitaminu C akimirksniu pamaitina ir suteikia nat\u016bralaus sveiko odos \u0161vyt\u0117jimo. Vitaminas C regeneruoja, \u0161viesina, turi stipr\u0173 antioksidacin\u012f poveik\u012f. 7 aliej\u0173 ir vitamino E kompleksas maitina, lygina rauk\u0161les ir suteikia liftingo efekt\u0105. Atogr\u0105\u017e\u0173 vaisi\u0173 ekstraktai dr\u0117kina, daro od\u0105 gaivi\u0105 ir lygi\u0105. Naudojimas: \u0161velniais masa\u017eo judesiais tepkite produkt\u0105 ant nuvalytos odos, palaukite, kol visi\u0161kai [&#8230;]\n","protected":false},"featured_media":102431,"template":"","meta":[],"product_cat":[1322],"product_tag":[],"class_list":{"0":"post-40111","1":"product","2":"type-product","3":"status-publish","4":"has-post-thumbnail","6":"product_brand-7days_it-lt","7":"product_cat-veido-kremai","9":"first","10":"instock","11":"taxable","12":"shipping-taxable","13":"product-type-simple"},"_links":{"self":[{"href":"https:\/\/e.kosmolat.eu\/lt\/wp-json\/wp\/v2\/product\/40111","targetHints":{"allow":["GET"]}}],"collection":[{"href":"https:\/\/e.kosmolat.eu\/lt\/wp-json\/wp\/v2\/product"}],"about":[{"href":"https:\/\/e.kosmolat.eu\/lt\/wp-json\/wp\/v2\/types\/product"}],"wp:featuredmedia":[{"embeddable":true,"href":"https:\/\/e.kosmolat.eu\/lt\/wp-json\/wp\/v2\/media\/102431"}],"wp:attachment":[{"href":"https:\/\/e.kosmolat.eu\/lt\/wp-json\/wp\/v2\/media?parent=40111"}],"wp:term":[{"taxonomy":"product_cat","embeddable":true,"href":"https:\/\/e.kosmolat.eu\/lt\/wp-json\/wp\/v2\/product_cat?post=40111"},{"taxonomy":"product_tag","embeddable":true,"href":"https:\/\/e.kosmolat.eu\/lt\/wp-json\/wp\/v2\/product_tag?post=40111"}],"curies":[{"name":"wp","href":"https:\/\/api.w.org\/{rel}","templated":true}]}}